{"id":2728,"date":"2018-06-23T17:09:23","date_gmt":"2018-06-23T14:09:23","guid":{"rendered":"http:\/\/leon.asneg.com\/tour\/greciya\/"},"modified":"2026-02-23T22:43:13","modified_gmt":"2026-02-23T20:43:13","slug":"greciya-afiny","status":"publish","type":"product","link":"https:\/\/leontravel.ee\/et\/tour\/greciya\/","title":{"rendered":"05.11.2026 \u2013 10.11.2026  Ateena \u2013 jumalate linn. Antiik-Kreeka legendid ja m\u00fc\u00fcdid"},"content":{"rendered":"<p><\/p>\n<h2 data-start=\"0\" data-end=\"27\">Ateena \u2013 jumalate linn<\/h2>\n<p data-start=\"28\" data-end=\"62\">Antiik-Kreeka legendid ja m\u00fc\u00fcdid<\/p>\n<h4 data-start=\"64\" data-end=\"89\">05.11.2026 \u2013 10.11.2026<\/h4>\n<h4 data-start=\"91\" data-end=\"124\">Reisi hind: 985 \u20ac inimese kohta<\/h4>\n<hr data-start=\"126\" data-end=\"129\" \/>\n<h2 data-start=\"131\" data-end=\"143\">1. p\u00e4ev<\/h2>\n<p data-start=\"145\" data-end=\"216\">Lennureis Tallinn \u2013 Riia \u2013 Ateena<br data-start=\"178\" data-end=\"181\" \/>K\u00e4sipagas ja \u00e4raantav pagas 23 kg<\/p>\n<p data-start=\"218\" data-end=\"265\">TLL \u2013 RIX 08:55\u201309:45<br data-start=\"239\" data-end=\"242\" \/>RIX \u2013 ATH 11:05\u201314:25<\/p>\n<p data-start=\"267\" data-end=\"397\">Saabumine Ateenasse<br data-start=\"286\" data-end=\"289\" \/>Transfeer bussiga lennujaamast \u201eEleftherios Venizelos\u201c hotelli kesklinnas<br data-start=\"362\" data-end=\"365\" \/>Majutus 3* hotellis kesklinnas<\/p>\n<p data-start=\"399\" data-end=\"434\">L\u00f5unas\u00f6\u00f6k veiniga (lisatasu eest)<\/p>\n<p data-start=\"436\" data-end=\"693\">Esimene tutvus linnaga \u2013 jalgsiekskursioon Ateena ajaloolises keskuses<br data-start=\"506\" data-end=\"509\" \/>Metropoliidi kirik<br data-start=\"527\" data-end=\"530\" \/>Kapnikarea kirik<br data-start=\"546\" data-end=\"549\" \/>Syntagma v\u00e4ljak<br data-start=\"564\" data-end=\"567\" \/>Parlament<br data-start=\"576\" data-end=\"579\" \/>Rahvuspark<br data-start=\"589\" data-end=\"592\" \/>Zappeioni palee<br data-start=\"607\" data-end=\"610\" \/>Panathenaiko staadion (Kallimarmaro)<br data-start=\"646\" data-end=\"649\" \/>Kroonprintsi palee ja presidendi residents<\/p>\n<hr data-start=\"695\" data-end=\"698\" \/>\n<h2 data-start=\"700\" data-end=\"712\">2. p\u00e4ev<\/h2>\n<p data-start=\"714\" data-end=\"736\">Hommikus\u00f6\u00f6k hotellis<\/p>\n<p data-start=\"738\" data-end=\"785\">V\u00e4ljas\u00f5iduekskursioon Argolisesse (8\u20139 tundi)<\/p>\n<p data-start=\"787\" data-end=\"1018\">Peatus Korintose kanalil<br data-start=\"811\" data-end=\"814\" \/>Epidaurus \u2013 Asklepiose p\u00fchamu ja antiikteater, mis on kuulus oma suurep\u00e4rase akustika poolest<br data-start=\"907\" data-end=\"910\" \/>Nafplion \u2013 iseseisva Kreeka esimene pealinn<br data-start=\"953\" data-end=\"956\" \/>M\u00fckeene \u2013 L\u00f5viv\u00e4rav, kuninglikud hauad ja Atreuse varakamber<\/p>\n<p data-start=\"1020\" data-end=\"1055\">L\u00f5unas\u00f6\u00f6k veiniga (lisatasu eest)<\/p>\n<hr data-start=\"1057\" data-end=\"1060\" \/>\n<h2 data-start=\"1062\" data-end=\"1074\">3. p\u00e4ev<\/h2>\n<p data-start=\"1076\" data-end=\"1098\">Hommikus\u00f6\u00f6k hotellis<\/p>\n<p data-start=\"1100\" data-end=\"1144\">V\u00e4ljas\u00f5iduekskursioon Delfisse (8\u20139 tundi)<\/p>\n<p data-start=\"1146\" data-end=\"1251\">Delfi \u2013 muistne p\u00fchamu, mida peeti maailma keskpunktiks<br data-start=\"1201\" data-end=\"1204\" \/>Apollo tempel<br data-start=\"1217\" data-end=\"1220\" \/>Arheoloogiline ala ja muuseum<\/p>\n<p data-start=\"1253\" data-end=\"1288\">L\u00f5unas\u00f6\u00f6k veiniga (lisatasu eest)<\/p>\n<p data-start=\"1290\" data-end=\"1406\">Tagasiteel peatus Arachovas \u2013 kuulus m\u00e4gik\u00fcla, tuntud juustu \u201eformaella\u201c, koduse pasta, mee ja oliivimoosi poolest<\/p>\n<hr data-start=\"1408\" data-end=\"1411\" \/>\n<h2 data-start=\"1413\" data-end=\"1425\">4. p\u00e4ev<\/h2>\n<p data-start=\"1427\" data-end=\"1449\">Hommikus\u00f6\u00f6k hotellis<\/p>\n<p data-start=\"1451\" data-end=\"1468\">Vaba p\u00e4ev<br data-start=\"1460\" data-end=\"1463\" \/>V\u00d5I<\/p>\n<p data-start=\"1470\" data-end=\"1589\">Lisatasu eest ekskursioon Ateena Rivierale ja suplus Vouliagmeni tervisej\u00e4rves (55 \u20ac, kui grupis v\u00e4hemalt 18 inimest)<\/p>\n<p data-start=\"1591\" data-end=\"1774\">Ateena Riviera ulatub kesklinnast kuni Sounioni neemeni<br data-start=\"1646\" data-end=\"1649\" \/>Peatus Vouliagmeni soojaveelises j\u00e4rves (vesi aastaringselt v\u00e4hemalt 22 \u00b0C)<br data-start=\"1724\" data-end=\"1727\" \/>Sounioni neem ja Poseidoni tempel (V saj eKr)<\/p>\n<hr data-start=\"1776\" data-end=\"1779\" \/>\n<h2 data-start=\"1781\" data-end=\"1793\">5. p\u00e4ev<\/h2>\n<p data-start=\"1795\" data-end=\"1851\">Ekskursioon Akropolile<br data-start=\"1817\" data-end=\"1820\" \/>Liikumine jalgsi ilma bussita<\/p>\n<hr data-start=\"1853\" data-end=\"1856\" \/>\n<h2 data-start=\"1858\" data-end=\"1870\">6. p\u00e4ev<\/h2>\n<p data-start=\"1872\" data-end=\"1921\">Hommikus\u00f6\u00f6k hotellis<br data-start=\"1892\" data-end=\"1895\" \/>Pagasi j\u00e4tmine hoiuruumi<\/p>\n<p data-start=\"1923\" data-end=\"1952\">Transfeer Ateena lennujaama<\/p>\n<p data-start=\"1954\" data-end=\"2008\">Lend Ateena \u2013 Riia \u2013 Tallinn<br data-start=\"1982\" data-end=\"1985\" \/>Saabumine umbes 20:45<\/p>\n<hr data-start=\"2010\" data-end=\"2013\" \/>\n<h2 data-start=\"2015\" data-end=\"2030\">Hinna sees<\/h2>\n<p data-start=\"2032\" data-end=\"2258\">Lennupiletid Tallinn \u2013 Riia \u2013 Ateena \u2013 Riia \u2013 Tallinn<br data-start=\"2085\" data-end=\"2088\" \/>Majutus 3* hotellis<br data-start=\"2107\" data-end=\"2110\" \/>Hommikus\u00f6\u00f6gid<br data-start=\"2123\" data-end=\"2126\" \/>Grupitransfeer lennujaam \u2013 hotell \u2013 lennujaam<br data-start=\"2171\" data-end=\"2174\" \/>Ekskursioonid ja sissep\u00e4\u00e4supiletid vastavalt programmile<br data-start=\"2230\" data-end=\"2233\" \/>Ekskursioonik\u00f5rvaklapid<\/p>\n<hr data-start=\"2260\" data-end=\"2263\" \/>\n<h2 data-start=\"2265\" data-end=\"2283\">Lisatasu eest<\/h2>\n<p data-start=\"2285\" data-end=\"2426\">Ekskursioon Ateena Rivierale<br data-start=\"2313\" data-end=\"2316\" \/>Isiklik reisikindlustus<br data-start=\"2339\" data-end=\"2342\" \/>L\u00f5unas\u00f6\u00f6gid alates 20 \u20ac<br data-start=\"2365\" data-end=\"2368\" \/>\u00dchekohaline majutus<br data-start=\"2387\" data-end=\"2390\" \/>Linnamaks umbes 15 \u20ac inimese kohta<\/p>\n<p data-start=\"2428\" data-end=\"2462\" data-is-last-node=\"\" data-is-only-node=\"\"><strong>Ekskursioonid toimuvad vene keeles<\/strong><\/p>\n<p><\/p>","protected":false},"excerpt":{"rendered":"<p>05.11.2026 \u2013 10.11.2026<\/p>\n","protected":false},"featured_media":7060,"template":"","meta":{"_monsterinsights_skip_tracking":false,"_monsterinsights_sitenote_active":false,"_monsterinsights_sitenote_note":"","_monsterinsights_sitenote_category":0},"_links":{"self":[{"href":"https:\/\/leontravel.ee\/et\/wp-json\/wp\/v2\/product\/2728"}],"collection":[{"href":"https:\/\/leontravel.ee\/et\/wp-json\/wp\/v2\/product"}],"about":[{"href":"https:\/\/leontravel.ee\/et\/wp-json\/wp\/v2\/types\/product"}],"wp:featuredmedia":[{"embeddable":true,"href":"https:\/\/leontravel.ee\/et\/wp-json\/wp\/v2\/media\/7060"}],"wp:attachment":[{"href":"https:\/\/leontravel.ee\/et\/wp-json\/wp\/v2\/media?parent=2728"}],"curies":[{"name":"wp","href":"https:\/\/api.w.org\/{rel}","templated":true}]}}