{"id":3049,"date":"2018-06-23T17:10:05","date_gmt":"2018-06-23T14:10:05","guid":{"rendered":"http:\/\/leon.asneg.com\/tour\/saaremaa-i-muhu\/"},"modified":"2026-03-06T17:36:42","modified_gmt":"2026-03-06T15:36:42","slug":"saaremaa-i-muhu","status":"publish","type":"product","link":"https:\/\/leontravel.ee\/et\/tour\/saaremaa-i-muhu\/","title":{"rendered":"SAAREMAA JA MUHU SAARED k\u00fclastusega pojengim\u00f5isa"},"content":{"rendered":"<p><\/p>\n<h2 data-section-id=\"1x5rlya\" data-start=\"0\" data-end=\"26\">SAAREMAA JA MUHU SAARED<\/h2>\n<p data-start=\"28\" data-end=\"108\"><strong data-start=\"28\" data-end=\"42\">13.06.2026<\/strong> \u2013 k\u00fclastusega <strong data-start=\"57\" data-end=\"74\">pojengim\u00f5isa<\/strong><br data-start=\"74\" data-end=\"77\" \/><strong data-start=\"77\" data-end=\"91\">27.06.2026<\/strong><br data-start=\"91\" data-end=\"94\" \/><strong data-start=\"94\" data-end=\"108\">01.08.2026<\/strong><\/p>\n<hr data-start=\"110\" data-end=\"113\" \/>\n<h3 data-section-id=\"xuqkpn\" data-start=\"115\" data-end=\"132\">Reisiprogramm<\/h3>\n<p data-start=\"134\" data-end=\"240\"><strong data-start=\"134\" data-end=\"189\">Ekskursiooni algus kell 07:30 Solarisest (Tallinn).<\/strong><br data-start=\"189\" data-end=\"192\" \/>Tagasi Tallinnasse j\u00f5uame umbes <strong data-start=\"224\" data-end=\"239\">20:30\u201321:00<\/strong>.<\/p>\n<p data-start=\"242\" data-end=\"453\">Teid ootab kohtumine <strong data-start=\"263\" data-end=\"292\">Eesti kauneimate saartega<\/strong> \u2013 suurima saare <strong data-start=\"309\" data-end=\"321\">Saaremaa<\/strong> ja veidi v\u00e4iksema, kuid v\u00e4ga oman\u00e4olise <strong data-start=\"362\" data-end=\"378\">Muhu saarega<\/strong>. Saared on l\u00e4bi aegade k\u00f6itnud inimesi oma eraldatuse, rahu ja salap\u00e4raga.<\/p>\n<p data-start=\"469\" data-end=\"487\">Muhu saarel n\u00e4eme:<\/p>\n<ul data-start=\"488\" data-end=\"687\">\n<li data-section-id=\"6kr84e\" data-start=\"488\" data-end=\"555\">\n<p data-start=\"490\" data-end=\"555\"><strong data-start=\"490\" data-end=\"516\">P\u00fcha Katariina kirikut<\/strong> \u2013 \u00fcht Eesti vanimat s\u00e4ilinud kirikut<\/p>\n<\/li>\n<li data-section-id=\"k4k24b\" data-start=\"556\" data-end=\"633\">\n<p data-start=\"558\" data-end=\"633\">jalutame <strong data-start=\"567\" data-end=\"583\">Koguva k\u00fclas<\/strong>, kus asub kirjanik <strong data-start=\"603\" data-end=\"631\">Juhan Smuuli majamuuseum<\/strong><\/p>\n<\/li>\n<li data-section-id=\"3ix3a\" data-start=\"634\" data-end=\"687\">\n<p data-start=\"636\" data-end=\"687\">k\u00fclastame <strong data-start=\"646\" data-end=\"687\">erafarmi, kus kasvatatakse jaanalinde<\/strong><\/p>\n<\/li>\n<\/ul>\n<hr data-start=\"689\" data-end=\"692\" \/>\n<h3 data-section-id=\"1o2ejzv\" data-start=\"694\" data-end=\"745\">Ainult 13.06.2026 \u2013 pojengifestival N\u00f5mme talus<\/h3>\n<p data-start=\"746\" data-end=\"946\">Saaremaal <strong data-start=\"756\" data-end=\"771\">N\u00f5mme talus<\/strong> toimub igal aastal <strong data-start=\"791\" data-end=\"810\">pojengifestival<\/strong>. Pojengid on viimastel aastatel taas v\u00e4ga populaarseks muutunud ning tegemist on <strong data-start=\"892\" data-end=\"945\">P\u00f5hja-Euroopa ainsa eraaia pojengikollektsiooniga<\/strong>.<\/p>\n<p data-start=\"948\" data-end=\"966\">Siin ootavad teid:<\/p>\n<ul data-start=\"967\" data-end=\"1084\">\n<li data-section-id=\"1ia8qt7\" data-start=\"967\" data-end=\"1006\">\n<p data-start=\"969\" data-end=\"1006\">l\u00f5hnavad ja luksuslikud pojengi\u00f5ied<\/p>\n<\/li>\n<li data-section-id=\"f07npl\" data-start=\"1007\" data-end=\"1041\">\n<p data-start=\"1009\" data-end=\"1041\">ekskursioon pojengikasvanduses<\/p>\n<\/li>\n<li data-section-id=\"bsukfi\" data-start=\"1042\" data-end=\"1084\">\n<p data-start=\"1044\" data-end=\"1084\">tutvustus erinevatest pojengisortidest<\/p>\n<\/li>\n<\/ul>\n<p data-start=\"1086\" data-end=\"1103\">Teil on v\u00f5imalus:<\/p>\n<ul data-start=\"1104\" data-end=\"1196\">\n<li data-section-id=\"s92z0y\" data-start=\"1104\" data-end=\"1142\">\n<p data-start=\"1106\" data-end=\"1142\">nautida selle imelise lilleaia ilu<\/p>\n<\/li>\n<li data-section-id=\"xbygg5\" data-start=\"1143\" data-end=\"1167\">\n<p data-start=\"1145\" data-end=\"1167\">teha kauneid fotosid<\/p>\n<\/li>\n<li data-section-id=\"v3inyj\" data-start=\"1168\" data-end=\"1196\">\n<p data-start=\"1170\" data-end=\"1196\">osta pojengitaimi oma aeda<\/p>\n<\/li>\n<\/ul>\n<p data-start=\"1198\" data-end=\"1333\">Eelmisel aastal valiti festivali kuldmedaliv\u00f5itjaks <strong data-start=\"1250\" data-end=\"1304\">Eesti aasta pojeng \u2013 kuldkollane \u201eGarden Treasure\u201c<\/strong>, mis on t\u00f5eline aedade p\u00e4rl.<\/p>\n<p data-start=\"1335\" data-end=\"1365\"><em data-start=\"1335\" data-end=\"1365\">(Sissep\u00e4\u00e4s \u2013 lisatasu eest.)<\/em><\/p>\n<p data-start=\"1385\" data-end=\"1444\">Edasi viib meie tee m\u00f6\u00f6da <strong data-start=\"1411\" data-end=\"1432\">V\u00e4ike-V\u00e4ina tammi<\/strong> Saaremaale.<\/p>\n<p data-start=\"1446\" data-end=\"1456\">K\u00fclastame:<\/p>\n<ul data-start=\"1457\" data-end=\"1659\">\n<li data-section-id=\"oin2cs\" data-start=\"1457\" data-end=\"1561\">\n<p data-start=\"1459\" data-end=\"1561\"><strong data-start=\"1459\" data-end=\"1478\">Angla tuulikuid<\/strong>, kus n\u00e4eme Saaremaale iseloomulikke tuulikuid ja soovi korral saame ka l\u00f5unatada<\/p>\n<\/li>\n<li data-section-id=\"1gtcrjr\" data-start=\"1562\" data-end=\"1659\">\n<p data-start=\"1564\" data-end=\"1659\"><strong data-start=\"1564\" data-end=\"1601\">Kaali meteoriidikraatrit ja j\u00e4rve<\/strong>, mis on \u00fcks Eesti ainulaadsemaid loodusvaatamisv\u00e4\u00e4rsusi<\/p>\n<\/li>\n<\/ul>\n<p data-start=\"1661\" data-end=\"1714\">Seej\u00e4rel jalutame <strong data-start=\"1679\" data-end=\"1713\">Saaremaa pealinnas Kuressaares<\/strong>.<\/p>\n<p data-start=\"1716\" data-end=\"1912\">Soovi korral on v\u00f5imalik k\u00fclastada <strong data-start=\"1751\" data-end=\"1797\">h\u00e4sti s\u00e4ilinud 14. sajandi piiskopilinnust<\/strong>, kus asub t\u00e4nap\u00e4eval Saaremaa muuseum.<br data-start=\"1836\" data-end=\"1839\" \/><em data-start=\"1839\" data-end=\"1912\">(Sissep\u00e4\u00e4s lisatasu eest: 10 \u20ac t\u00e4iskasvanu, 8 \u20ac pension\u00e4r v\u00f5i \u00f5pilane.)<\/em><\/p>\n<p data-start=\"1914\" data-end=\"1952\">Tagasiteel l\u00e4bime <strong data-start=\"1932\" data-end=\"1951\">Kuivastu sadama<\/strong>.<\/p>\n<hr data-start=\"1954\" data-end=\"1957\" \/>\n<h2 data-section-id=\"1ecdw3u\" data-start=\"1959\" data-end=\"1972\">Reisi hind<\/h2>\n<p data-start=\"1974\" data-end=\"1982\"><strong data-start=\"1974\" data-end=\"1982\">78 \u20ac<\/strong><\/p>\n<p data-start=\"1984\" data-end=\"2033\"><strong data-start=\"1984\" data-end=\"2033\">68 \u20ac \u2013 pension\u00e4rid ja kuni 18-aastased lapsed<\/strong><\/p>\n<hr data-start=\"2035\" data-end=\"2038\" \/>\n<h2 data-section-id=\"fodfhh\" data-start=\"2040\" data-end=\"2053\">Hinna sees<\/h2>\n<ul data-start=\"2054\" data-end=\"2226\">\n<li data-section-id=\"tqx70x\" data-start=\"2054\" data-end=\"2089\">\n<p data-start=\"2056\" data-end=\"2089\">bussis\u00f5it mugava turismibussiga<\/p>\n<\/li>\n<li data-section-id=\"psmjry\" data-start=\"2090\" data-end=\"2106\">\n<p data-start=\"2092\" data-end=\"2106\">giidi teenus<\/p>\n<\/li>\n<li data-section-id=\"cr3k13\" data-start=\"2107\" data-end=\"2124\">\n<p data-start=\"2109\" data-end=\"2124\">praamipiletid<\/p>\n<\/li>\n<li data-section-id=\"1wxnrwi\" data-start=\"2125\" data-end=\"2162\">\n<p data-start=\"2127\" data-end=\"2162\">Angla tuulikute muuseumi k\u00fclastus<\/p>\n<\/li>\n<li data-section-id=\"1uczul3\" data-start=\"2163\" data-end=\"2191\">\n<p data-start=\"2165\" data-end=\"2191\">jaanalinnufarmi k\u00fclastus<\/p>\n<\/li>\n<li data-section-id=\"polxc2\" data-start=\"2192\" data-end=\"2226\">\n<p data-start=\"2194\" data-end=\"2226\">Kaali meteoriidikraatri k\u00fclastus<\/p>\n<\/li>\n<\/ul>\n<hr data-start=\"2228\" data-end=\"2231\" \/>\n<h2 data-section-id=\"1xl7kqu\" data-start=\"2233\" data-end=\"2249\">Lisatasu eest<\/h2>\n<ul data-start=\"2250\" data-end=\"2377\">\n<li data-section-id=\"1slabif\" data-start=\"2250\" data-end=\"2312\">\n<p data-start=\"2252\" data-end=\"2312\">l\u00f5unas\u00f6\u00f6k \u2013 alates <strong data-start=\"2271\" data-end=\"2279\">15 \u20ac<\/strong> (tellitakse ja tasutakse ette)<\/p>\n<\/li>\n<li data-section-id=\"wud0o2\" data-start=\"2313\" data-end=\"2377\">\n<p data-start=\"2315\" data-end=\"2377\"><strong data-start=\"2315\" data-end=\"2341\">pojengim\u00f5isa sissep\u00e4\u00e4s<\/strong> \u2013 hind t\u00e4psustamisel <em data-start=\"2363\" data-end=\"2377\">(13.06.2026)<\/em><\/p>\n<\/li>\n<\/ul>\n<hr data-start=\"2379\" data-end=\"2382\" \/>\n<p data-start=\"2384\" data-end=\"2423\" data-is-last-node=\"\" data-is-only-node=\"\"><strong data-start=\"2384\" data-end=\"2423\" data-is-last-node=\"\">Ekskursioonid toimuvad vene keeles.<\/strong><\/p>\n<p><\/p>","protected":false},"excerpt":{"rendered":"<p><strong data-start=\"28\" data-end=\"42\">13.06.2026<\/strong> \u2013 k\u00fclastusega <strong data-start=\"57\" data-end=\"74\">pojengim\u00f5isa<\/strong><br data-start=\"74\" data-end=\"77\" \/><strong data-start=\"77\" data-end=\"91\">27.06.2026<\/strong><br data-start=\"91\" data-end=\"94\" \/><strong data-start=\"94\" data-end=\"108\">01.08.2026<\/strong><\/p>\n","protected":false},"featured_media":4052,"template":"","meta":{"_monsterinsights_skip_tracking":false,"_monsterinsights_sitenote_active":false,"_monsterinsights_sitenote_note":"","_monsterinsights_sitenote_category":0},"_links":{"self":[{"href":"https:\/\/leontravel.ee\/et\/wp-json\/wp\/v2\/product\/3049"}],"collection":[{"href":"https:\/\/leontravel.ee\/et\/wp-json\/wp\/v2\/product"}],"about":[{"href":"https:\/\/leontravel.ee\/et\/wp-json\/wp\/v2\/types\/product"}],"wp:featuredmedia":[{"embeddable":true,"href":"https:\/\/leontravel.ee\/et\/wp-json\/wp\/v2\/media\/4052"}],"wp:attachment":[{"href":"https:\/\/leontravel.ee\/et\/wp-json\/wp\/v2\/media?parent=3049"}],"curies":[{"name":"wp","href":"https:\/\/api.w.org\/{rel}","templated":true}]}}