{"id":3052,"date":"2018-06-23T17:10:05","date_gmt":"2018-06-23T17:10:05","guid":{"rendered":"http:\/\/leon.asneg.com\/tour\/hiyyumaa\/"},"modified":"2026-03-06T17:57:42","modified_gmt":"2026-03-06T15:57:42","slug":"hiyyumaa","status":"publish","type":"product","link":"https:\/\/leontravel.ee\/et\/tour\/hiyyumaa-lavender\/","title":{"rendered":"18.07.2026 LOODUSLIK HIIUMAA K\u00fclastusega lavendlitalus"},"content":{"rendered":"<p><\/p>\n<p data-start=\"96\" data-end=\"127\"><strong data-start=\"96\" data-end=\"110\">18.07.2026<\/strong><br data-start=\"110\" data-end=\"113\" \/><strong data-start=\"113\" data-end=\"127\">25.07.2026<\/strong><\/p>\n<hr data-start=\"129\" data-end=\"132\" \/>\n<h3 data-section-id=\"xuqkpn\" data-start=\"134\" data-end=\"151\"><\/h3>\n<p data-start=\"153\" data-end=\"199\"><strong data-start=\"153\" data-end=\"199\">V\u00e4ljas\u00f5it kell 08:00 Solarisest (Tallinn).<\/strong><\/p>\n<p data-start=\"201\" data-end=\"269\">Teel tutvustab giid teile <strong data-start=\"227\" data-end=\"268\">Eesti ajalugu ja Eesti saarte erip\u00e4ra<\/strong>.<\/p>\n<p data-start=\"271\" data-end=\"401\"><strong data-start=\"271\" data-end=\"319\">10:00 \u2013 praami\u00fcles\u00f5it Rohuk\u00fclast Heltermaale<\/strong><br data-start=\"319\" data-end=\"322\" \/>(s\u00f5iduaeg umbes <strong data-start=\"338\" data-end=\"362\">1 tund ja 15 minutit<\/strong>).<br data-start=\"364\" data-end=\"367\" \/>Praamil t\u00f6\u00f6tab <strong data-start=\"382\" data-end=\"400\">kohvik ja pood<\/strong>.<\/p>\n<p data-start=\"403\" data-end=\"504\">Heltermaa sadamast alustame <strong data-start=\"431\" data-end=\"453\">ringreisi Hiiumaal<\/strong>. Hiiumaad kutsuti kunagi ka <strong data-start=\"482\" data-end=\"503\">\u201cHommiku saareks\u201d<\/strong>.<\/p>\n<p data-start=\"531\" data-end=\"796\">Meie esimene peatus on <strong data-start=\"554\" data-end=\"573\">Suurem\u00f5isa m\u00f5is<\/strong>, mis ehitati <strong data-start=\"587\" data-end=\"609\">18. sajandi keskel<\/strong>. M\u00f5is on seotud mitmete aadliperekondadega ja selle ajalooga on seotud p\u00f5nevad legendid. R\u00e4\u00e4gitakse, et \u00fcks m\u00f5isa omanikest oli <strong data-start=\"738\" data-end=\"752\">merer\u00f6\u00f6vel<\/strong>, kes peitis oma varanduse m\u00f5isa p\u00f6\u00f6ningule.<\/p>\n<p data-start=\"798\" data-end=\"933\">M\u00f5isa l\u00e4hedal asub <strong data-start=\"817\" data-end=\"867\">\u00fcks Hiiumaa vanimaid kirikuid \u2013 P\u00fchalepa kirik<\/strong>, mis on ehitatud <strong data-start=\"885\" data-end=\"901\">13. sajandil<\/strong>.<br data-start=\"902\" data-end=\"905\" \/><em data-start=\"905\" data-end=\"933\">(Sissep\u00e4\u00e4s lisatasu eest.)<\/em><\/p>\n<p data-start=\"951\" data-end=\"1042\">Edasi s\u00f5idame <strong data-start=\"965\" data-end=\"995\">Hiiumaa pealinna K\u00e4rdlasse<\/strong>, kus teeme v\u00e4ikese peatuse ja jalutame linnas.<\/p>\n<p data-start=\"1069\" data-end=\"1254\">K\u00fclastame <strong data-start=\"1079\" data-end=\"1098\">Tahkuna majakat<\/strong>, mille juures n\u00e4eme <strong data-start=\"1119\" data-end=\"1182\">Esimese ja Teise maailmas\u00f5ja rannakaitsepatareide j\u00e4\u00e4nuseid<\/strong>. Soovi korral saab <strong data-start=\"1202\" data-end=\"1222\">t\u00f5usta majakasse<\/strong>, mis on <strong data-start=\"1231\" data-end=\"1253\">42,5 meetrit k\u00f5rge<\/strong>.<\/p>\n<p data-start=\"1278\" data-end=\"1534\">J\u00e4rgmisena k\u00fclastame <strong data-start=\"1299\" data-end=\"1315\">K\u00f5pu majakat<\/strong> \u2013 \u00fcht <strong data-start=\"1322\" data-end=\"1359\">vanimat t\u00f6\u00f6tavat majakat maailmas<\/strong>, mis ehitati juba <strong data-start=\"1378\" data-end=\"1394\">1531. aastal<\/strong>. See on <strong data-start=\"1403\" data-end=\"1421\">Hiiumaa s\u00fcmbol<\/strong> ja asub saare k\u00f5rgeimas l\u00e4\u00e4nepoolses punktis <strong data-start=\"1467\" data-end=\"1484\">Tornim\u00e4e m\u00e4el<\/strong>, kust avaneb suurep\u00e4rane vaade merele ja saarele.<\/p>\n<p data-start=\"1571\" data-end=\"1632\">Hiiumaa <strong data-start=\"1579\" data-end=\"1595\">Tubala k\u00fclas<\/strong> asub <strong data-start=\"1601\" data-end=\"1631\">Eesti esimene lavendlitalu<\/strong>.<\/p>\n<p data-start=\"1634\" data-end=\"1645\">Siin saate:<\/p>\n<ul data-start=\"1646\" data-end=\"1845\">\n<li data-section-id=\"umxzal\" data-start=\"1646\" data-end=\"1685\">\n<p data-start=\"1648\" data-end=\"1685\">teha kauneid fotosid lavendliv\u00e4ljal<\/p>\n<\/li>\n<li data-section-id=\"j7gum1\" data-start=\"1686\" data-end=\"1778\">\n<p data-start=\"1688\" data-end=\"1778\">osta lavendlitooteid: seepi, \u0161okolaadi, vannisoola, kehakoorijat ja kuivatatud lavendlit<\/p>\n<\/li>\n<li data-section-id=\"gpaeqg\" data-start=\"1779\" data-end=\"1845\">\n<p data-start=\"1781\" data-end=\"1845\">l\u00f5igata endale lavendlit sirbiga ning teha oma <strong data-start=\"1828\" data-end=\"1845\">lavendlbukett<\/strong><\/p>\n<\/li>\n<\/ul>\n<p data-start=\"1847\" data-end=\"1875\"><em data-start=\"1847\" data-end=\"1875\">(Sissep\u00e4\u00e4s lisatasu eest.)<\/em><\/p>\n<p data-start=\"1894\" data-end=\"1982\">K\u00fclastame ka <strong data-start=\"1907\" data-end=\"1924\">Kassari saart<\/strong>, kus on v\u00f5imalik osta <strong data-start=\"1947\" data-end=\"1981\">Hiiumaa kodu\u00f5lut ja suitsukala<\/strong>.<\/p>\n<p data-start=\"2005\" data-end=\"2134\">Seej\u00e4rel k\u00fclastame <strong data-start=\"2024\" data-end=\"2041\">villavabrikut<\/strong>, kus saab tutvuda kohaliku k\u00e4sit\u00f6\u00f6ga ning osta <strong data-start=\"2089\" data-end=\"2102\">suveniire<\/strong>.<br data-start=\"2103\" data-end=\"2106\" \/><em data-start=\"2106\" data-end=\"2134\">(Sissep\u00e4\u00e4s lisatasu eest.)<\/em><\/p>\n<p data-start=\"2156\" data-end=\"2248\">\u00d5htul toimub <strong data-start=\"2169\" data-end=\"2210\">praami\u00fcles\u00f5it Heltermaalt Rohuk\u00fclasse<\/strong>.<br data-start=\"2211\" data-end=\"2214\" \/>Praamil t\u00f6\u00f6tab <strong data-start=\"2229\" data-end=\"2247\">kohvik ja pood<\/strong>.<\/p>\n<p data-start=\"2250\" data-end=\"2297\"><strong data-start=\"2250\" data-end=\"2297\">Tagasi Tallinnasse j\u00f5uame umbes kell 21:00.<\/strong><\/p>\n<hr data-start=\"2299\" data-end=\"2302\" \/>\n<h2 data-section-id=\"1ecdw3u\" data-start=\"2304\" data-end=\"2317\">Reisi hind<\/h2>\n<p data-start=\"2319\" data-end=\"2327\"><strong data-start=\"2319\" data-end=\"2327\">60 \u20ac<\/strong><\/p>\n<p data-start=\"2329\" data-end=\"2378\"><strong data-start=\"2329\" data-end=\"2378\">55 \u20ac \u2013 pension\u00e4rid ja kuni 16-aastased lapsed<\/strong><\/p>\n<hr data-start=\"2380\" data-end=\"2383\" \/>\n<h2 data-section-id=\"fodfhh\" data-start=\"2385\" data-end=\"2398\">Hinna sees<\/h2>\n<ul data-start=\"2399\" data-end=\"2467\">\n<li data-section-id=\"tqx70x\" data-start=\"2399\" data-end=\"2434\">\n<p data-start=\"2401\" data-end=\"2434\">bussis\u00f5it mugava turismibussiga<\/p>\n<\/li>\n<li data-section-id=\"psmjry\" data-start=\"2435\" data-end=\"2451\">\n<p data-start=\"2437\" data-end=\"2451\">giidi teenus<\/p>\n<\/li>\n<li data-section-id=\"1uv9547\" data-start=\"2452\" data-end=\"2467\">\n<p data-start=\"2454\" data-end=\"2467\">praamipiletid<\/p>\n<\/li>\n<\/ul>\n<hr data-start=\"2469\" data-end=\"2472\" \/>\n<h2 data-section-id=\"1fg715a\" data-start=\"2474\" data-end=\"2511\">Lisatasu eest (2025. aasta hinnad)<\/h2>\n<ul data-start=\"2512\" data-end=\"2688\">\n<li data-section-id=\"1s5mcts\" data-start=\"2512\" data-end=\"2546\">\n<p data-start=\"2514\" data-end=\"2546\">lavendlitalu sissep\u00e4\u00e4s <strong data-start=\"2537\" data-end=\"2544\">5 \u20ac<\/strong><\/p>\n<\/li>\n<li data-section-id=\"ra68l1\" data-start=\"2547\" data-end=\"2574\">\n<p data-start=\"2549\" data-end=\"2574\">Suurem\u00f5isa m\u00f5is <strong data-start=\"2565\" data-end=\"2572\">4 \u20ac<\/strong><\/p>\n<\/li>\n<li data-section-id=\"7dmmsq\" data-start=\"2575\" data-end=\"2617\">\n<p data-start=\"2577\" data-end=\"2617\">Tahkuna ja K\u00f5pu majakad <strong data-start=\"2601\" data-end=\"2615\">~4 \u20ac \/ 2 \u20ac<\/strong><\/p>\n<\/li>\n<li data-section-id=\"yf6ikd\" data-start=\"2618\" data-end=\"2656\">\n<p data-start=\"2620\" data-end=\"2656\">lavendlivihiku l\u00f5ikamine <strong data-start=\"2645\" data-end=\"2654\">6\u20138 \u20ac<\/strong><\/p>\n<\/li>\n<li data-section-id=\"1ke6dxe\" data-start=\"2657\" data-end=\"2688\">\n<p data-start=\"2659\" data-end=\"2688\">villavabriku k\u00fclastus <strong data-start=\"2681\" data-end=\"2688\">3 \u20ac<\/strong><\/p>\n<\/li>\n<\/ul>\n<hr data-start=\"2690\" data-end=\"2693\" \/>\n<p data-start=\"2695\" data-end=\"2735\">\u26a0 <strong data-start=\"2697\" data-end=\"2735\">Programmis v\u00f5ib esineda muudatusi.<\/strong><\/p>\n<p data-start=\"2737\" data-end=\"2776\" data-is-last-node=\"\" data-is-only-node=\"\"><strong data-start=\"2737\" data-end=\"2776\" data-is-last-node=\"\">Ekskursioonid toimuvad vene keeles.<\/strong><\/p>\n<p><\/p>","protected":false},"excerpt":{"rendered":"<p class=\"qtranxs-available-languages-message qtranxs-available-languages-message-et\">Vabandame, see kanne on saadaval ainult %LANG : ja %.<\/p>\n","protected":false},"featured_media":6681,"template":"","meta":{"_monsterinsights_skip_tracking":false,"_monsterinsights_sitenote_active":false,"_monsterinsights_sitenote_note":"","_monsterinsights_sitenote_category":0},"_links":{"self":[{"href":"https:\/\/leontravel.ee\/et\/wp-json\/wp\/v2\/product\/3052"}],"collection":[{"href":"https:\/\/leontravel.ee\/et\/wp-json\/wp\/v2\/product"}],"about":[{"href":"https:\/\/leontravel.ee\/et\/wp-json\/wp\/v2\/types\/product"}],"wp:featuredmedia":[{"embeddable":true,"href":"https:\/\/leontravel.ee\/et\/wp-json\/wp\/v2\/media\/6681"}],"wp:attachment":[{"href":"https:\/\/leontravel.ee\/et\/wp-json\/wp\/v2\/media?parent=3052"}],"curies":[{"name":"wp","href":"https:\/\/api.w.org\/{rel}","templated":true}]}}