{"id":5558,"date":"2020-05-22T09:32:37","date_gmt":"2020-05-22T09:32:37","guid":{"rendered":"https:\/\/leontravel.ee\/?post_type=product&#038;p=5558"},"modified":"2026-02-20T17:49:49","modified_gmt":"2026-02-20T15:49:49","slug":"rododendronovyj-raj-dobele-elgava","status":"publish","type":"product","link":"https:\/\/leontravel.ee\/et\/tour\/russkij-rododendronovyj-raj\/","title":{"rendered":"30.05.2026 \u00d5itsev L\u00e4ti  Rododendronid Bab\u012btes ja sirelid Dobeles"},"content":{"rendered":"<p><\/p>\n<h2 data-start=\"0\" data-end=\"16\">\u00d5itsev L\u00e4ti<\/h2>\n<p data-start=\"17\" data-end=\"59\">Rododendronid Bab\u012btes ja sirelid Dobeles<\/p>\n<p data-start=\"61\" data-end=\"73\"><strong>30.05.2026<\/strong><\/p>\n<h4 data-start=\"75\" data-end=\"123\">Hind 117 \u20ac<br data-start=\"85\" data-end=\"88\" \/>Pension\u00e4rid ja p\u00fcsikliendid 109 \u20ac<\/h4>\n<p data-start=\"125\" data-end=\"164\">V\u00e4ljas\u00f5it kell <strong>06:00 Solarise juurest<\/strong><\/p>\n<p data-start=\"166\" data-end=\"588\">Riia \u00e4\u00e4relinnas, L\u00e4ti \u00dclikooli Bab\u012bte puukoolis, \u00f5itsevad rododendronid. Sageli arvatakse, et k\u00f5ige suurem rododendronite kollektsioon asub Riia botaanikaaias, kuid tegelikult on palju rikkalikum kollektsioon Bab\u012bte puukoolis Spilve piirkonnas. Siin on esindatud umbes 250 rododendroni sorti, millest 76 on looduslikud liigid ning ligi 100 on aretatud L\u00e4ti teadlaste poolt, eesk\u00e4tt akadeemik Rihards Kondratovi\u010dsi poolt.<\/p>\n<p data-start=\"590\" data-end=\"945\">J\u00e4tkame teekonda Dobelesse. Up\u012btise aed on eriti populaarne nii kohalike elanike kui ka turistide seas t\u00e4nu sirelitele. Kevadel sirelite \u00f5itsemise ajal toimuvad aias traditsiooniliselt klassikalise muusika kontserdid. Up\u012btise aias asub \u00fcks Euroopa suurimaid sirelite kollektsioone. Kevaditi v\u00f5ib siin n\u00e4ha ka kirsside, \u00f5unapuude ja pirnipuude \u00f5itsemist.<\/p>\n<p data-start=\"947\" data-end=\"1016\">Lisatasu eest omal soovil l\u00f5unas\u00f6\u00f6k ja sissep\u00e4\u00e4supiletid parkidesse<\/p>\n<p data-start=\"1018\" data-end=\"1069\">Tagasis\u00f5it Tallinna hilis\u00f5htul p\u00e4rast kella 23:00<\/p>\n<p data-start=\"1071\" data-end=\"1105\" data-is-last-node=\"\" data-is-only-node=\"\"><strong>Ekskursioonid toimuvad vene keeles<\/strong><\/p>\n<p><\/p>","protected":false},"excerpt":{"rendered":"<p>30.05.2026<\/p>\n","protected":false},"featured_media":5567,"template":"","meta":{"_monsterinsights_skip_tracking":false,"_monsterinsights_sitenote_active":false,"_monsterinsights_sitenote_note":"","_monsterinsights_sitenote_category":0},"_links":{"self":[{"href":"https:\/\/leontravel.ee\/et\/wp-json\/wp\/v2\/product\/5558"}],"collection":[{"href":"https:\/\/leontravel.ee\/et\/wp-json\/wp\/v2\/product"}],"about":[{"href":"https:\/\/leontravel.ee\/et\/wp-json\/wp\/v2\/types\/product"}],"wp:featuredmedia":[{"embeddable":true,"href":"https:\/\/leontravel.ee\/et\/wp-json\/wp\/v2\/media\/5567"}],"wp:attachment":[{"href":"https:\/\/leontravel.ee\/et\/wp-json\/wp\/v2\/media?parent=5558"}],"curies":[{"name":"wp","href":"https:\/\/api.w.org\/{rel}","templated":true}]}}