{"id":5588,"date":"2020-06-15T14:41:37","date_gmt":"2020-06-15T14:41:37","guid":{"rendered":"https:\/\/leontravel.ee\/?post_type=product&#038;p=5588"},"modified":"2026-02-20T17:51:05","modified_gmt":"2026-02-20T15:51:05","slug":"korolevstvo-latgalija-aluksne-rezekne-daugavpils-prejli-aglona","status":"publish","type":"product","link":"https:\/\/leontravel.ee\/et\/tour\/russkij-korolevstvo-latgalija-aluksne-rezekne-daugavpils-prejli-aglona\/","title":{"rendered":"10.07.2026 \u2013 13.07.2026 LATGALE KUNINGRIIK"},"content":{"rendered":"<p><\/p>\n<h2 data-start=\"0\" data-end=\"23\">LATGALE KUNINGRIIK<\/h2>\n<p data-start=\"24\" data-end=\"92\">Rahvusvaheline ajaloo- ja rekonstruktsioonifestival \u201eDinaburga 1812\u201c<\/p>\n<p data-start=\"94\" data-end=\"241\">Ajalooline festival, mis taaslavastab 1812. aasta Isamaas\u00f5ja s\u00fcndmusi \u2013 Napoleoni Prantsuse armee r\u00fcnnakut kindlusele marssal Oudinot\u2019 juhtimisel<\/p>\n<p data-start=\"243\" data-end=\"335\"><strong>Al\u016bksne \u2013 R\u0113zekne \u2013 Daugavpils \u2013 Prei\u013ci \u2013 Aglona<\/strong><br data-start=\"291\" data-end=\"294\" \/><strong>10.07.2026 \u2013 13.07.2026 (4 p\u00e4eva \/ 3 \u00f6\u00f6d)<\/strong><\/p>\n<h4 data-start=\"337\" data-end=\"366\"><strong>Reisi hind: <del><span style=\"font-size: 14px;\">455<\/span> \u20ac<\/del>\u00a0 \u00a0<span style=\"color: #800000;\">315 \u20ac<\/span> \/ inimene<\/strong><\/h4>\n<p data-start=\"368\" data-end=\"415\">T\u00e4helepanu! Programmis v\u00f5ib esineda muudatusi<\/p>\n<hr data-start=\"417\" data-end=\"420\" \/>\n<h2 data-start=\"422\" data-end=\"432\">1. p\u00e4ev<\/h2>\n<p data-start=\"434\" data-end=\"481\"><strong>06:30<\/strong> v\u00e4ljas\u00f5it Tallinnast (Solarise juurest)<\/p>\n<p data-start=\"483\" data-end=\"561\">Teel reisijuhi info ja kohvipaus<br data-start=\"515\" data-end=\"518\" \/>Piiri\u00fcletus Vastse-Roosa \u2013 Ape piirkonnas<\/p>\n<p data-start=\"563\" data-end=\"629\">Saabumine kaunisse L\u00e4ti v\u00e4ikelinna Al\u016bksnesse<br data-start=\"608\" data-end=\"611\" \/>Linnaekskursioon<\/p>\n<p data-start=\"631\" data-end=\"849\">Al\u016bksne (ajalooline Marienburg) koos \u00fcmbruskonnaga kingiti 18. sajandil Vene keisrinna Jelizaveta poolt krahv Mihhail Vorontsovile. Hiljem m\u00fc\u00fcdi m\u00f5is Fitinhofi perekonnale, kelle valduses p\u00fcsis see kuni 1920. aastani<\/p>\n<p data-start=\"851\" data-end=\"1091\">N\u00e4eme Al\u016bksne uut lossi, mis on ehitatud inglise neogooti stiilis<br data-start=\"916\" data-end=\"919\" \/>Liivi ordu kindluse varemeid<br data-start=\"947\" data-end=\"950\" \/>Al\u016bksne j\u00e4rve<br data-start=\"963\" data-end=\"966\" \/>Aeolose templit<br data-start=\"981\" data-end=\"984\" \/>Aleksandri paviljoni, mida kutsutakse ka tee- v\u00f5i kohvipaviljoniks<br data-start=\"1050\" data-end=\"1053\" \/>Luteri, katoliku ja \u00f5igeusu kirikuid<\/p>\n<p data-start=\"1093\" data-end=\"1127\">Grupil\u00f5una Al\u016bksnes (hinna sees)<\/p>\n<p data-start=\"1129\" data-end=\"1291\">Saabumine R\u0113zeknesse \u2013 Latgale kultuuri- ja hariduskeskusesse<br data-start=\"1190\" data-end=\"1193\" \/>Edasi s\u00f5it Daugavpilsi<br data-start=\"1215\" data-end=\"1218\" \/>Majutus hotellis LATGOLA 4\u2605 kesklinnas<br data-start=\"1256\" data-end=\"1259\" \/>Vaba aeg ja iseseisev \u00f5htus\u00f6\u00f6k<\/p>\n<hr data-start=\"1293\" data-end=\"1296\" \/>\n<h2 data-start=\"1298\" data-end=\"1308\">2. p\u00e4ev<\/h2>\n<p data-start=\"1310\" data-end=\"1332\">Hommikus\u00f6\u00f6k hotellis<\/p>\n<p data-start=\"1334\" data-end=\"1409\">Rahvusvaheline ajalooline festival \u201eDinaburga 1812\u201c Daugavpilsi kindluses<\/p>\n<p data-start=\"1411\" data-end=\"1639\">Ajalooliste lahingute taaslavastused<br data-start=\"1447\" data-end=\"1450\" \/>Rekonstruktorite paraad ja relvade ning kost\u00fc\u00fcmide demonstratsioon<br data-start=\"1516\" data-end=\"1519\" \/>18.\u201319. sajandi laagrielustiili tutvustus<br data-start=\"1560\" data-end=\"1563\" \/>Muusika, etendused ja laadad<br data-start=\"1591\" data-end=\"1594\" \/>Teatraalsed etteasted ja ampiirstiilis ball<\/p>\n<p data-start=\"1641\" data-end=\"1657\">S\u00f5it Prei\u013cisse<\/p>\n<p data-start=\"1659\" data-end=\"1773\">Prei\u013ci on v\u00f5luv v\u00e4ikelinn, kus asub Borchide m\u00f5isakompleks Armastuse m\u00e4e, Aadama ja Eeva saarekese ning kabeliga<\/p>\n<p data-start=\"1775\" data-end=\"1895\">K\u00fclastame Nukkude Kuningriiki<br data-start=\"1804\" data-end=\"1807\" \/>Miniatuurne loss, nukugalerii ja kost\u00fc\u00fcmiruum<br data-start=\"1852\" data-end=\"1855\" \/>V\u00f5imalus proovida kuninglikke kost\u00fc\u00fcme<\/p>\n<p data-start=\"1897\" data-end=\"2017\">Lisatasu<br data-start=\"1905\" data-end=\"1908\" \/>T\u00e4iskasvanud 7 \u20ac<br data-start=\"1924\" data-end=\"1927\" \/>Pension\u00e4rid 4 \u20ac<br data-start=\"1942\" data-end=\"1945\" \/>Lapsed kuni 16 a 3 \u20ac<br data-start=\"1965\" data-end=\"1968\" \/>Kost\u00fc\u00fcmi proovimine t\u00e4iskasvanud 5 \u20ac lapsed 3 \u20ac<\/p>\n<p data-start=\"2019\" data-end=\"2043\">K\u00fclastame tigude farmi<\/p>\n<p data-start=\"2045\" data-end=\"2080\">Tagasis\u00f5it Daugavpilsi<br data-start=\"2067\" data-end=\"2070\" \/>Vaba aeg<\/p>\n<hr data-start=\"2082\" data-end=\"2085\" \/>\n<h2 data-start=\"2087\" data-end=\"2097\">3. p\u00e4ev<\/h2>\n<p data-start=\"2099\" data-end=\"2127\">07:00 hommikus\u00f6\u00f6k hotellis<\/p>\n<p data-start=\"2129\" data-end=\"2147\">S\u00f5it Kr\u0101slavasse<\/p>\n<p data-start=\"2149\" data-end=\"2278\">Kr\u0101slava on maaliline linn Daugava j\u00f5e kaldal, mille ajalugu ulatub \u00fcle 800 aasta. Linna \u00fcmbritsevad looduspargid ja kaitsealad<\/p>\n<p data-start=\"2280\" data-end=\"2406\">\u00d5nnelikkuse muuseum Kr\u0101slavas<br data-start=\"2309\" data-end=\"2312\" \/>Interaktiivne ja positiivset energiat t\u00e4is k\u00fclastus, mis keskendub \u00f5nne m\u00f5istele ja heaolule<\/p>\n<p data-start=\"2408\" data-end=\"2428\">Tagasis\u00f5it hotelli<\/p>\n<hr data-start=\"2430\" data-end=\"2433\" \/>\n<h2 data-start=\"2435\" data-end=\"2445\">4. p\u00e4ev<\/h2>\n<p data-start=\"2447\" data-end=\"2496\">07:00 hommikus\u00f6\u00f6k hotellis<br data-start=\"2473\" data-end=\"2476\" \/>Tubade vabastamine<\/p>\n<p data-start=\"2498\" data-end=\"2529\">Linnaekskursioon Daugavpilsis<\/p>\n<p data-start=\"2531\" data-end=\"2765\">Daugavpilsi kindlus \u2013 ainus terviklik bastiont\u00fc\u00fcpi tsitadell Baltikumis ja P\u00f5hja-Euroopas<br data-start=\"2620\" data-end=\"2623\" \/>Kirikute m\u00e4gi \u2013 neli eri konfessiooni kirikut \u00fchel territooriumil<br data-start=\"2688\" data-end=\"2691\" \/>Jalutusk\u00e4ik R\u012bgas t\u00e4naval, kus asuvad kohvikud, purskkaev ja skulptuurid<\/p>\n<p data-start=\"2767\" data-end=\"2783\">S\u00f5it Aglonasse<\/p>\n<p data-start=\"2785\" data-end=\"2942\">Aglona basiilika \u2013 L\u00e4ti katoliikluse keskus ja rahvusvaheline palver\u00e4nnaku paik<br data-start=\"2864\" data-end=\"2867\" \/>Kuulus 17. sajandi Aglona Jumalaema ikoon<br data-start=\"2908\" data-end=\"2911\" \/>Kuningam\u00e4gi puuskulptuuridega<\/p>\n<p data-start=\"2944\" data-end=\"2994\">Tagasis\u00f5it Tallinna<br data-start=\"2963\" data-end=\"2966\" \/>Saabumine umbes kell 23:00<\/p>\n<hr data-start=\"2996\" data-end=\"2999\" \/>\n<h2 data-start=\"3001\" data-end=\"3014\">Hinna sees<\/h2>\n<p data-start=\"3016\" data-end=\"3203\">Reisisaatja teenus<br data-start=\"3034\" data-end=\"3037\" \/>S\u00f5it mugava bussiga<br data-start=\"3056\" data-end=\"3059\" \/>3 \u00f6\u00f6d 4\u2605 hotellis Daugavpilsi kesklinnas<br data-start=\"3099\" data-end=\"3102\" \/>Linnaekskursioonid Al\u016bksnes, R\u0113zeknes, Daugavpilsis, Prei\u013cis ja Aglonas<br data-start=\"3173\" data-end=\"3176\" \/>L\u00f5unas\u00f6\u00f6k esimesel p\u00e4eval<\/p>\n<hr data-start=\"3205\" data-end=\"3208\" \/>\n<h2 data-start=\"3210\" data-end=\"3226\">Lisatasu eest<\/h2>\n<p data-start=\"3228\" data-end=\"3447\">\u00dchekohalise toa lisatasu 42 \u20ac<br data-start=\"3257\" data-end=\"3260\" \/>Nukkude Kuningriik<br data-start=\"3278\" data-end=\"3281\" \/>T\u00e4iskasvanud 10 \u20ac<br data-start=\"3298\" data-end=\"3301\" \/>Pension\u00e4rid 8 \u20ac<br data-start=\"3316\" data-end=\"3319\" \/>Lapsed kuni 16 a 3 \u20ac<br data-start=\"3339\" data-end=\"3342\" \/>Kost\u00fc\u00fcmi proovimine t\u00e4iskasvanud 8 \u20ac lapsed 7 \u20ac<br data-start=\"3389\" data-end=\"3392\" \/>Juustuj\u00e4\u00e4tise degusteerimine 3,50 \u20ac<br data-start=\"3427\" data-end=\"3430\" \/>Tigude farm 7 \u20ac<\/p>\n<p data-start=\"3449\" data-end=\"3496\">T\u00e4helepanu! Programmis v\u00f5ib esineda muudatusi<\/p>\n<p data-start=\"3498\" data-end=\"3532\" data-is-last-node=\"\" data-is-only-node=\"\">Ekskursioonid toimuvad vene keeles<\/p>\n<p><\/p>","protected":false},"excerpt":{"rendered":"<p><strong>10.07.2026 \u2013 13.07.2026<\/strong><\/p>\n","protected":false},"featured_media":6577,"template":"","meta":{"_monsterinsights_skip_tracking":false,"_monsterinsights_sitenote_active":false,"_monsterinsights_sitenote_note":"","_monsterinsights_sitenote_category":0},"_links":{"self":[{"href":"https:\/\/leontravel.ee\/et\/wp-json\/wp\/v2\/product\/5588"}],"collection":[{"href":"https:\/\/leontravel.ee\/et\/wp-json\/wp\/v2\/product"}],"about":[{"href":"https:\/\/leontravel.ee\/et\/wp-json\/wp\/v2\/types\/product"}],"wp:featuredmedia":[{"embeddable":true,"href":"https:\/\/leontravel.ee\/et\/wp-json\/wp\/v2\/media\/6577"}],"wp:attachment":[{"href":"https:\/\/leontravel.ee\/et\/wp-json\/wp\/v2\/media?parent=5588"}],"curies":[{"name":"wp","href":"https:\/\/api.w.org\/{rel}","templated":true}]}}