{"id":5687,"date":"2020-08-31T13:59:46","date_gmt":"2020-08-31T13:59:46","guid":{"rendered":"https:\/\/leontravel.ee\/?post_type=product&#038;p=5687"},"modified":"2026-03-27T13:07:37","modified_gmt":"2026-03-27T11:07:37","slug":"novinka-vilnjus-kaunas-trakaj-jantarnoe-ozherele-litvy","status":"publish","type":"product","link":"https:\/\/leontravel.ee\/et\/tour\/russkij-novinka-vilnjus-kaunas-trakaj-jantarnoe-ozherele-litvy\/","title":{"rendered":"01.05.2026-03.05.2026 LEEDU MEREVAIGUKEE  Bir\u017eai \u2013 Vilnius \u2013 Kaunas \u2013 Trakai"},"content":{"rendered":"<p><\/p>\n<h2 data-start=\"0\" data-end=\"23\">Leedu merevaigukee<\/h2>\n<p data-start=\"24\" data-end=\"60\">Bir\u017eai \u2013 Vilnius \u2013 Kaunas \u2013 Trakai<\/p>\n<p data-start=\"62\" data-end=\"168\">LEEDU \u2013 TUTTAV JA TUNDMATU, L\u00c4HEDANE JA KAUGEM, IIDNE JA NOOR, ALATI K\u00dcLALISLAHKE JA S\u00dcDAMLIK OOTAB TEID<\/p>\n<p data-start=\"170\" data-end=\"195\">01.05.2026 \u2013 03.05.2026<\/p>\n<h4 data-start=\"197\" data-end=\"258\">Reisi hind: <del>290 \u20ac<\/del> <span style=\"color: #800000;\">258 \u20ac<\/span><br data-start=\"220\" data-end=\"223\" \/>Pension\u00e4rid ja p\u00fcsikliendid 245 \u20ac<\/h4>\n<hr data-start=\"260\" data-end=\"263\" \/>\n<h2 data-start=\"265\" data-end=\"277\">1. p\u00e4ev<\/h2>\n<p data-start=\"279\" data-end=\"307\">07:00 v\u00e4ljas\u00f5it Tallinnast<\/p>\n<p data-start=\"309\" data-end=\"401\">L\u00e4ti ja Leedu piiri \u00fcletamine<br data-start=\"338\" data-end=\"341\" \/>Reisiinfo teel<br data-start=\"355\" data-end=\"358\" \/>Peatus l\u00f5unas\u00f6\u00f6giks LIDOs (lisatasu eest)<\/p>\n<p data-start=\"403\" data-end=\"424\">Ekskursioon Bir\u017eais<\/p>\n<p data-start=\"426\" data-end=\"704\">Bir\u017eai 17. sajandi loss-kindlus on ainus h\u00e4sti s\u00e4ilinud bastiont\u00fc\u00fcpi kindlus Leedus<br data-start=\"509\" data-end=\"512\" \/>Kindluse kompleksis n\u00e4eme paleed, kahte p\u00fcssirohukeldrit ja silda<br data-start=\"577\" data-end=\"580\" \/>Hollandi t\u00fc\u00fcpi kindluse rajas v\u00f5imas Radziwi\u0142\u0142ide v\u00fcrstiperekond<br data-start=\"644\" data-end=\"647\" \/>Praegu asuvad siin koduloomuuseum \u201eS\u0117la\u201c ja raamatukogu<\/p>\n<p data-start=\"706\" data-end=\"996\">Lisaks lossi k\u00fclastusele ootab ees p\u00f5nev programm, mis tutvustab \u00f5llepruulimise, juustutegemise ja leivak\u00fcpsetamise traditsioone<br data-start=\"834\" data-end=\"837\" \/>Degusteerimine, laulud ja tantsud Bir\u017eai piirkonna traditsioonide j\u00e4rgi<br data-start=\"908\" data-end=\"911\" \/>V\u00f5imalus osta v\u00e4rsket leiba ja traditsioonilist Leedu kooki \u0160akotis (lisatasu eest)<\/p>\n<p data-start=\"998\" data-end=\"1055\">S\u00f5it Vilniusesse<br data-start=\"1014\" data-end=\"1017\" \/>Majutus hotellis kesklinnas<br data-start=\"1044\" data-end=\"1047\" \/>Puhkus<\/p>\n<hr data-start=\"1057\" data-end=\"1060\" \/>\n<h2 data-start=\"1062\" data-end=\"1074\">2. p\u00e4ev<\/h2>\n<p data-start=\"1076\" data-end=\"1098\">Hommikus\u00f6\u00f6k hotellis<\/p>\n<p data-start=\"1100\" data-end=\"1139\">Bussi- ja jalgsiekskursioon Vilniuses<\/p>\n<p data-start=\"1141\" data-end=\"1420\">Vanalinn<br data-start=\"1149\" data-end=\"1152\" \/>Katedraali v\u00e4ljak ja maa-alused k\u00e4igud<br data-start=\"1190\" data-end=\"1193\" \/>Gediminase loss<br data-start=\"1208\" data-end=\"1211\" \/>T\u00f5us Gediminase m\u00e4ele k\u00f6israudteega (lisatasu eest)<br data-start=\"1262\" data-end=\"1265\" \/>P\u00fcha Anna kirik<br data-start=\"1280\" data-end=\"1283\" \/>P\u00fcha Peetruse ja Pauluse kirik<br data-start=\"1313\" data-end=\"1316\" \/>P\u00fcha Vaimu klooster<br data-start=\"1335\" data-end=\"1338\" \/>Ausr\u0173 v\u00e4ravad<br data-start=\"1351\" data-end=\"1354\" \/>\u00dclikooli ansambel<br data-start=\"1371\" data-end=\"1374\" \/>Raekoda<br data-start=\"1381\" data-end=\"1384\" \/>Kolme Risti m\u00e4gi<br data-start=\"1400\" data-end=\"1403\" \/>Presidendipalee<\/p>\n<p data-start=\"1422\" data-end=\"1438\">S\u00f5it Trakaisse<\/p>\n<p data-start=\"1440\" data-end=\"1543\">Trakai on \u00fcks Leedu Suurv\u00fcrstiriigi iidsetest pealinnadest<br data-start=\"1498\" data-end=\"1501\" \/>K\u00fclastame keskaegset saarel asuvat lossi<\/p>\n<p data-start=\"1545\" data-end=\"1669\">L\u00f5unas\u00f6\u00f6k ja kibinai valmistamise t\u00f6\u00f6tuba<br data-start=\"1586\" data-end=\"1589\" \/>Kibinai on Leedu karaiimide rahvusroog \u2013 poolkuu kujulised pirukad lambalihaga<\/p>\n<p data-start=\"1671\" data-end=\"1681\">Vaba aeg<\/p>\n<p data-start=\"1683\" data-end=\"1702\">\u00d6\u00f6bimine Kaunases<\/p>\n<hr data-start=\"1704\" data-end=\"1707\" \/>\n<h2 data-start=\"1709\" data-end=\"1721\">3. p\u00e4ev<\/h2>\n<p data-start=\"1723\" data-end=\"1766\">Hommikus\u00f6\u00f6k hotellis<br data-start=\"1743\" data-end=\"1746\" \/>Tubade vabastamine<\/p>\n<p data-start=\"1768\" data-end=\"1790\">Ekskursioon Kaunases<\/p>\n<p data-start=\"1792\" data-end=\"2042\">Panoraamvaated linnale Aleksotase ja \u017daliakalnise m\u00e4gedelt<br data-start=\"1850\" data-end=\"1853\" \/>Vanalinna ekskursioon<br data-start=\"1874\" data-end=\"1877\" \/>Raekoja v\u00e4ljak<br data-start=\"1891\" data-end=\"1894\" \/>Kaunase lossi varemed<br data-start=\"1915\" data-end=\"1918\" \/>Suurv\u00fcrst Vytautase kirik<br data-start=\"1943\" data-end=\"1946\" \/>Hansa kaupmeeste residents \u201ePerk\u016bno namai\u201c<br data-start=\"1988\" data-end=\"1991\" \/>Leedu suurim kirik \u2013 Kaunase katedraali basiilika<\/p>\n<p data-start=\"2044\" data-end=\"2176\">V\u00f5imalus k\u00fclastada ainulaadset Kuradimuuseumi (lisatasu eest)<br data-start=\"2105\" data-end=\"2108\" \/>Jalutusk\u00e4ik Laisv\u0117s alleel<br data-start=\"2134\" data-end=\"2137\" \/>Vaba aeg l\u00f5unas\u00f6\u00f6giks (lisatasu eest)<\/p>\n<p data-start=\"2178\" data-end=\"2221\">V\u00e4ljas\u00f5it Tallinna<br data-start=\"2196\" data-end=\"2199\" \/>Saabumine hilis\u00f5htul<\/p>\n<hr data-start=\"2223\" data-end=\"2226\" \/>\n<h3 data-start=\"2228\" data-end=\"2244\">Hinna sees<\/h3>\n<p data-start=\"2246\" data-end=\"2319\">Bussitransport<br data-start=\"2260\" data-end=\"2263\" \/>Majutus hotellis<br data-start=\"2279\" data-end=\"2282\" \/>2 hommikus\u00f6\u00f6ki<br data-start=\"2296\" data-end=\"2299\" \/>Ekskursiooniteenus<\/p>\n<hr data-start=\"2321\" data-end=\"2324\" \/>\n<h3 data-start=\"2326\" data-end=\"2345\">Lisatasu eest<\/h3>\n<p data-start=\"2347\" data-end=\"2380\">Sissep\u00e4\u00e4supiletid muuseumidesse<\/p>\n<p data-start=\"2382\" data-end=\"2563\">Bir\u017eai loss 7 \u20ac \/ 5 \u20ac<br data-start=\"2403\" data-end=\"2406\" \/>Degusteerimisprogramm 9 \u20ac inimese kohta<br data-start=\"2445\" data-end=\"2448\" \/>Trakai saarel asuv loss 10 \u20ac \/ 5 \u20ac<br data-start=\"2482\" data-end=\"2485\" \/>K\u00f6israudtee 3 \u20ac edasi-tagasi v\u00f5i 2 \u20ac \u00fcks suund<br data-start=\"2531\" data-end=\"2534\" \/>\u00dchekohaline majutus 48\u201360 \u20ac<\/p>\n<p data-start=\"2565\" data-end=\"2599\" data-is-last-node=\"\" data-is-only-node=\"\"><strong>Ekskursioonid toimuvad vene keeles<\/strong><\/p>\n<p><\/p>","protected":false},"excerpt":{"rendered":"<p><strong>01.05.2026-03.05.2026<\/strong><\/p>\n","protected":false},"featured_media":5698,"template":"","meta":{"_monsterinsights_skip_tracking":false,"_monsterinsights_sitenote_active":false,"_monsterinsights_sitenote_note":"","_monsterinsights_sitenote_category":0},"_links":{"self":[{"href":"https:\/\/leontravel.ee\/et\/wp-json\/wp\/v2\/product\/5687"}],"collection":[{"href":"https:\/\/leontravel.ee\/et\/wp-json\/wp\/v2\/product"}],"about":[{"href":"https:\/\/leontravel.ee\/et\/wp-json\/wp\/v2\/types\/product"}],"wp:featuredmedia":[{"embeddable":true,"href":"https:\/\/leontravel.ee\/et\/wp-json\/wp\/v2\/media\/5698"}],"wp:attachment":[{"href":"https:\/\/leontravel.ee\/et\/wp-json\/wp\/v2\/media?parent=5687"}],"curies":[{"name":"wp","href":"https:\/\/api.w.org\/{rel}","templated":true}]}}