{"id":5994,"date":"2021-04-28T11:36:03","date_gmt":"2021-04-28T08:36:03","guid":{"rendered":"https:\/\/leontravel.ee\/?post_type=product&#038;p=5994"},"modified":"2026-03-06T11:19:39","modified_gmt":"2026-03-06T09:19:39","slug":"ohota-na-shhuku-vse-na-o-hijumaa","status":"publish","type":"product","link":"https:\/\/leontravel.ee\/et\/tour\/russkij-ohota-na-shhuku-vse-na-o-hijumaa\/","title":{"rendered":"30.05.2026 HAU\u00adGIP\u00dc\u00dcGI RETK! K\u00d5IK HIIUMAALE"},"content":{"rendered":"<p>HAU\u00adGIP\u00dc\u00dcGI RETK! K\u00d5IK HIIUMAALE<\/p>\n<p data-start=\"81\" data-end=\"95\"><strong data-start=\"81\" data-end=\"95\">30.05.2026<\/strong><\/p>\n<h3 data-section-id=\"xuqkpn\" data-start=\"97\" data-end=\"114\">Reisiprogramm<\/h3>\n<p data-start=\"116\" data-end=\"185\">Reis algab hommikul <strong data-start=\"136\" data-end=\"184\">kell 08:00 v\u00e4ljas\u00f5iduga Solarisest (Tallinn)<\/strong>.<\/p>\n<p data-start=\"187\" data-end=\"273\">Teel tutvustab giid teile <strong data-start=\"213\" data-end=\"270\">Eesti ajalugu ning Eesti saarte kujunemist ja erip\u00e4ra<\/strong>.<\/p>\n<p data-start=\"275\" data-end=\"434\"><strong data-start=\"275\" data-end=\"323\">10:00 \u2013 praami\u00fcles\u00f5it Rohuk\u00fclast Heltermaale<\/strong> (umbes 1 tund ja 15 minutit).<br data-start=\"353\" data-end=\"356\" \/>Praamil on <strong data-start=\"367\" data-end=\"385\">kohvik ja pood<\/strong>, kus saab nautida kohvi v\u00f5i teha v\u00e4ikeseid oste.<\/p>\n<p data-start=\"436\" data-end=\"542\">Heltermaa sadamast algab meie <strong data-start=\"466\" data-end=\"487\">ringreis Hiiumaal<\/strong>. Hiiumaad on kunagi kutsutud ka <strong data-start=\"520\" data-end=\"541\">\u201eHommiku saareks\u201c<\/strong>.<\/p>\n<p data-start=\"566\" data-end=\"827\">Meie esimene peatus on <strong data-start=\"589\" data-end=\"608\">Suurem\u00f5isa m\u00f5is<\/strong> (sissep\u00e4\u00e4s 5 \u20ac).<br data-start=\"625\" data-end=\"628\" \/>See kaunis m\u00f5isakompleks ehitati <strong data-start=\"661\" data-end=\"683\">18. sajandi keskel<\/strong> ning on seotud mitmete aadliperekondadega. Legend r\u00e4\u00e4gib, et \u00fcks m\u00f5isa omanikest oli <strong data-start=\"769\" data-end=\"783\">merer\u00f6\u00f6vel<\/strong>, kes peitis oma varanduse m\u00f5isa p\u00f6\u00f6ningule.<\/p>\n<p data-start=\"829\" data-end=\"933\">M\u00f5isa l\u00e4hedal asub <strong data-start=\"848\" data-end=\"898\">\u00fcks Hiiumaa vanimaid kirikuid \u2013 P\u00fchalepa kirik<\/strong>, mis on ehitatud <strong data-start=\"916\" data-end=\"932\">13. sajandil<\/strong>.<\/p>\n<p data-start=\"935\" data-end=\"1052\">Seej\u00e4rel k\u00fclastame <strong data-start=\"954\" data-end=\"971\">villavabrikut<\/strong>, kus saab tutvuda kohaliku k\u00e4sit\u00f6\u00f6ga ja soovi korral osta <strong data-start=\"1030\" data-end=\"1051\">meeneid Hiiumaalt<\/strong>.<\/p>\n<p data-start=\"1067\" data-end=\"1248\">Edasi s\u00f5idame <strong data-start=\"1081\" data-end=\"1111\">Hiiumaa pealinna K\u00e4rdlasse<\/strong>, kus kuulete p\u00f5nevat lugu <strong data-start=\"1138\" data-end=\"1152\">Ristim\u00e4est<\/strong> \u2013 ainulaadsest paigast, kuhu meremehed ja r\u00e4ndurid on sajandite jooksul j\u00e4tnud v\u00e4ikeseid riste.<\/p>\n<p data-start=\"1272\" data-end=\"1488\">J\u00e4rgmisena k\u00fclastame <strong data-start=\"1293\" data-end=\"1312\">Tahkuna majakat<\/strong>, kus n\u00e4eme <strong data-start=\"1324\" data-end=\"1387\">Esimese ja Teise maailmas\u00f5ja rannakaitsepatareide j\u00e4\u00e4nuseid<\/strong> ning soovi korral saame <strong data-start=\"1412\" data-end=\"1454\">t\u00f5usta 42,5 meetri k\u00f5rgusele majakasse<\/strong>, kust avaneb kaunis vaade merele.<\/p>\n<p data-start=\"1509\" data-end=\"1781\">Meie j\u00e4rgmine sihtpunkt on <strong data-start=\"1536\" data-end=\"1552\">K\u00f5pu majakas<\/strong> \u2013 \u00fcks <strong data-start=\"1559\" data-end=\"1599\">vanimaid t\u00f6\u00f6tavaid majakaid maailmas<\/strong>, mis ehitati juba <strong data-start=\"1618\" data-end=\"1634\">1531. aastal<\/strong>.<br data-start=\"1635\" data-end=\"1638\" \/>See on <strong data-start=\"1645\" data-end=\"1663\">Hiiumaa s\u00fcmbol<\/strong> ning asub saare k\u00f5rgeimas l\u00e4\u00e4nepoolses punktis <strong data-start=\"1711\" data-end=\"1728\">Tornim\u00e4e m\u00e4el<\/strong>, kust avaneb suurep\u00e4rane panoraam merele ja saarele.<br \/>\nSeej\u00e4rel k\u00fclastame <strong data-start=\"1816\" data-end=\"1833\">Kassari saart<\/strong>, kus on v\u00f5imalik maitsta <strong data-start=\"1859\" data-end=\"1893\">Hiiumaa kodu\u00f5lut ja suitsukala<\/strong> \u2013 t\u00f5elist saare maitset.<br \/>\n\u00d5htul toimub <strong data-start=\"1950\" data-end=\"1991\">praami\u00fcles\u00f5it Heltermaalt Rohuk\u00fclasse<\/strong>.<br data-start=\"1992\" data-end=\"1995\" \/>Praamil t\u00f6\u00f6tab <strong data-start=\"2010\" data-end=\"2028\">kohvik ja pood<\/strong>.<\/p>\n<p data-start=\"2031\" data-end=\"2078\"><strong data-start=\"2031\" data-end=\"2078\">Tagasi Tallinnasse j\u00f5uame umbes kell 21:00.<\/strong><\/p>\n<hr data-start=\"2080\" data-end=\"2083\" \/>\n<h2 data-section-id=\"1ecdw3u\" data-start=\"2085\" data-end=\"2098\">Reisi hind<\/h2>\n<p data-start=\"2100\" data-end=\"2160\"><strong data-start=\"2100\" data-end=\"2108\">60 \u20ac<\/strong><br data-start=\"2108\" data-end=\"2111\" \/><strong data-start=\"2111\" data-end=\"2160\">55 \u20ac \u2013 pension\u00e4rid ja kuni 16-aastased lapsed<\/strong><\/p>\n<hr data-start=\"2162\" data-end=\"2165\" \/>\n<h2 data-section-id=\"fodfhh\" data-start=\"2167\" data-end=\"2180\">Hinna sees<\/h2>\n<ul data-start=\"2181\" data-end=\"2249\">\n<li data-section-id=\"tqx70x\" data-start=\"2181\" data-end=\"2216\">\n<p data-start=\"2183\" data-end=\"2216\">bussis\u00f5it mugava turismibussiga<\/p>\n<\/li>\n<li data-section-id=\"psmjry\" data-start=\"2217\" data-end=\"2233\">\n<p data-start=\"2219\" data-end=\"2233\">giidi teenus<\/p>\n<\/li>\n<li data-section-id=\"1uv9547\" data-start=\"2234\" data-end=\"2249\">\n<p data-start=\"2236\" data-end=\"2249\">praamipiletid<\/p>\n<\/li>\n<\/ul>\n<hr data-start=\"2251\" data-end=\"2254\" \/>\n<h2 data-section-id=\"1xl7kqu\" data-start=\"2256\" data-end=\"2272\">Lisatasu eest<\/h2>\n<ul data-start=\"2273\" data-end=\"2360\">\n<li data-section-id=\"1jq6t4b\" data-start=\"2273\" data-end=\"2323\">\n<p data-start=\"2275\" data-end=\"2323\">Tahkuna ja K\u00f5pu majaka sissep\u00e4\u00e4s <strong data-start=\"2308\" data-end=\"2321\">5 \u20ac \/ 4 \u20ac<\/strong><\/p>\n<\/li>\n<li data-section-id=\"csoi3t\" data-start=\"2324\" data-end=\"2360\">\n<p data-start=\"2326\" data-end=\"2360\">Suurem\u00f5isa m\u00f5isa sissep\u00e4\u00e4s <strong data-start=\"2353\" data-end=\"2360\">5 \u20ac<\/strong><\/p>\n<\/li>\n<\/ul>\n<hr data-start=\"2362\" data-end=\"2365\" \/>\n<p data-start=\"2367\" data-end=\"2406\" data-is-last-node=\"\" data-is-only-node=\"\"><strong data-start=\"2367\" data-end=\"2406\" data-is-last-node=\"\">Ekskursioonid toimuvad vene keeles.<\/strong><\/p>\n<p><\/p>","protected":false},"excerpt":{"rendered":"<p>30.05.2026<\/p>\n","protected":false},"featured_media":5995,"template":"","meta":{"_monsterinsights_skip_tracking":false,"_monsterinsights_sitenote_active":false,"_monsterinsights_sitenote_note":"","_monsterinsights_sitenote_category":0},"_links":{"self":[{"href":"https:\/\/leontravel.ee\/et\/wp-json\/wp\/v2\/product\/5994"}],"collection":[{"href":"https:\/\/leontravel.ee\/et\/wp-json\/wp\/v2\/product"}],"about":[{"href":"https:\/\/leontravel.ee\/et\/wp-json\/wp\/v2\/types\/product"}],"wp:featuredmedia":[{"embeddable":true,"href":"https:\/\/leontravel.ee\/et\/wp-json\/wp\/v2\/media\/5995"}],"wp:attachment":[{"href":"https:\/\/leontravel.ee\/et\/wp-json\/wp\/v2\/media?parent=5994"}],"curies":[{"name":"wp","href":"https:\/\/api.w.org\/{rel}","templated":true}]}}