{"id":6091,"date":"2021-05-26T08:34:27","date_gmt":"2021-05-26T05:34:27","guid":{"rendered":"https:\/\/leontravel.ee\/?post_type=product&#038;p=6091"},"modified":"2026-04-06T11:39:53","modified_gmt":"2026-04-06T08:39:53","slug":"festival-tjulpanov-na-myze-kirna","status":"publish","type":"product","link":"https:\/\/leontravel.ee\/et\/tour\/russkij-festival-tjulpanov-na-myze-kirna\/","title":{"rendered":"16.05.2026 TULBIFESTIVAL KIRNA M\u00d5ISAS Kevadine lillepidu ja energiapark"},"content":{"rendered":"<p><\/p>\n<p data-start=\"151\" data-end=\"197\"><strong data-start=\"151\" data-end=\"197\">V\u00e4ljas\u00f5it kell 10:00 Solarisest (Tallinn).<\/strong><\/p>\n<p data-start=\"199\" data-end=\"373\">Kevadel muutub <strong data-start=\"214\" data-end=\"234\">Kirna m\u00f5isa park<\/strong> t\u00f5eliseks v\u00e4rvide mereks. Tuhanded \u00f5itsevad tulbid loovad imelise atmosf\u00e4\u00e4ri ning <strong data-start=\"317\" data-end=\"334\">tulbifestival<\/strong> on \u00fcks kaunimaid kevads\u00fcndmusi Eestis.<\/p>\n<ol start=\"18\" data-start=\"375\" data-end=\"640\">\n<li data-section-id=\"1jdw8em\" data-start=\"375\" data-end=\"640\">\n<p data-start=\"379\" data-end=\"640\">sajandi teisel poolel ehitati <strong data-start=\"409\" data-end=\"459\">Kirna m\u00f5isa esinduslik valgest kivist peahoone<\/strong>, mis oli kunagi kaugelt n\u00e4ha, sest \u00fcmbruses ei kasvanud veel suuri puid. Rahvajutu j\u00e4rgi kanti m\u00f5isa ehitamiseks vajalikud kivid l\u00e4hedalasuvast karj\u00e4\u00e4rist kohale <strong data-start=\"622\" data-end=\"639\">inimketi abil<\/strong>.<\/p>\n<\/li>\n<\/ol>\n<p data-start=\"642\" data-end=\"852\">Kirna m\u00f5isa park on tuntud ka oma <strong data-start=\"676\" data-end=\"702\">energiav\u00e4ljade poolest<\/strong>. Siin asuvad erilised geoloogilised l\u00f5hed maap\u00f5ues, mis tekitavad erineva m\u00f5juga magnetv\u00e4lju. Tundlikumad inimesed tunnetavad neid kohti eriti h\u00e4sti.<\/p>\n<p data-start=\"854\" data-end=\"1085\">Arvatakse, et <strong data-start=\"868\" data-end=\"942\">positiivse energiaga alad v\u00f5ivad anda inimesele lisaj\u00f5udu ja tasakaalu<\/strong>. Kirna m\u00f5isa park kuulub nende paikade hulka, kus maa loomulikud madalsageduslikud energiad m\u00f5juvad inimesele rahustavalt ja tasakaalustavalt.<\/p>\n<p data-start=\"1087\" data-end=\"1323\">Pargis on spetsiaalselt paigutatud <strong data-start=\"1122\" data-end=\"1156\">puidust pingid ja istumiskohad<\/strong>, kus saab rahulikult istuda, puhata ja looduse energiat nautida. Iga pink asub erineva energiav\u00e4ljaga kohas ning arvatakse, et need toetavad erinevaid keha piirkondi.<\/p>\n<p data-start=\"1325\" data-end=\"1434\">M\u00f5isa territooriumil asub ka <strong data-start=\"1354\" data-end=\"1371\">hubane kohvik<\/strong>, kus pakutakse tervislikku toitu ja maitsvaid <strong data-start=\"1418\" data-end=\"1433\">taimeteesid<\/strong>.<\/p>\n<p data-start=\"1436\" data-end=\"1559\">Teil j\u00e4\u00e4b piisavalt <strong data-start=\"1456\" data-end=\"1469\">vaba aega<\/strong>, et jalutada tulbiv\u00e4ljadel, nautida m\u00f5isaparki, teha fotosid ja k\u00fclastada festivalim\u00fc\u00fcki.<\/p>\n<hr data-start=\"1561\" data-end=\"1564\" \/>\n<h2 data-section-id=\"1ecdw3u\" data-start=\"1566\" data-end=\"1579\">Reisi hind<\/h2>\n<p data-start=\"1581\" data-end=\"1630\"><strong data-start=\"1581\" data-end=\"1589\">45 \u20ac<\/strong><br data-start=\"1589\" data-end=\"1592\" \/><strong data-start=\"1592\" data-end=\"1630\">40 \u20ac \u2013 pension\u00e4rid ja p\u00fcsikliendid<\/strong><\/p>\n<hr data-start=\"1632\" data-end=\"1635\" \/>\n<h2 data-section-id=\"fodfhh\" data-start=\"1637\" data-end=\"1650\">Hinna sees<\/h2>\n<ul data-start=\"1651\" data-end=\"1696\">\n<li data-section-id=\"x4h3n3\" data-start=\"1651\" data-end=\"1681\">\n<p data-start=\"1653\" data-end=\"1681\">s\u00f5it mugava turismibussiga<\/p>\n<\/li>\n<li data-section-id=\"ztz4f2\" data-start=\"1682\" data-end=\"1696\">\n<p data-start=\"1684\" data-end=\"1696\">giidi teenus<\/p>\n<\/li>\n<\/ul>\n<hr data-start=\"1698\" data-end=\"1701\" \/>\n<h2 data-section-id=\"1xl7kqu\" data-start=\"1703\" data-end=\"1719\">Lisatasu eest<\/h2>\n<ul data-start=\"1720\" data-end=\"1792\">\n<li data-section-id=\"1c756cw\" data-start=\"1720\" data-end=\"1792\">\n<p data-start=\"1722\" data-end=\"1792\">sissep\u00e4\u00e4s festivalile:<br data-start=\"1744\" data-end=\"1747\" \/><strong data-start=\"1749\" data-end=\"1770\">10 \u20ac (ette ostes)<\/strong><br data-start=\"1770\" data-end=\"1773\" \/><strong data-start=\"1775\" data-end=\"1792\">12 \u20ac kohapeal<\/strong><\/p>\n<\/li>\n<\/ul>\n<hr data-start=\"1794\" data-end=\"1797\" \/>\n<p data-start=\"1799\" data-end=\"1841\"><strong data-start=\"1799\" data-end=\"1838\">Ekskursioonid toimuvad vene keeles.<\/strong><\/p>\n<p><\/p>","protected":false},"excerpt":{"rendered":"<p>16.05.2026<\/p>\n","protected":false},"featured_media":6092,"template":"","meta":{"_monsterinsights_skip_tracking":false,"_monsterinsights_sitenote_active":false,"_monsterinsights_sitenote_note":"","_monsterinsights_sitenote_category":0},"_links":{"self":[{"href":"https:\/\/leontravel.ee\/et\/wp-json\/wp\/v2\/product\/6091"}],"collection":[{"href":"https:\/\/leontravel.ee\/et\/wp-json\/wp\/v2\/product"}],"about":[{"href":"https:\/\/leontravel.ee\/et\/wp-json\/wp\/v2\/types\/product"}],"wp:featuredmedia":[{"embeddable":true,"href":"https:\/\/leontravel.ee\/et\/wp-json\/wp\/v2\/media\/6092"}],"wp:attachment":[{"href":"https:\/\/leontravel.ee\/et\/wp-json\/wp\/v2\/media?parent=6091"}],"curies":[{"name":"wp","href":"https:\/\/api.w.org\/{rel}","templated":true}]}}