{"id":6215,"date":"2021-07-13T13:14:57","date_gmt":"2021-07-13T10:14:57","guid":{"rendered":"https:\/\/leontravel.ee\/?post_type=product&#038;p=6215"},"modified":"2026-04-06T11:41:37","modified_gmt":"2026-04-06T08:41:37","slug":"pjuhtickij-monastyr-i-ilinskij-skit","status":"publish","type":"product","link":"https:\/\/leontravel.ee\/et\/tour\/kuremyae-2\/","title":{"rendered":"P\u00fchtitsa klooster ja Iljinski skit"},"content":{"rendered":"<p><\/p>\n<div>\n<div>\n<p>&nbsp;<\/p>\n<\/div>\n<div>\n<h2 data-start=\"0\" data-end=\"39\">P\u00fchtitsa klooster ja Iljinski skit<\/h2>\n<p data-start=\"41\" data-end=\"283\"><strong data-start=\"79\" data-end=\"119\">31. mai 2026 \u2014 P\u00fcha Kolmainsuse p\u00e4ev<\/strong><br data-start=\"119\" data-end=\"122\" \/><strong data-start=\"122\" data-end=\"164\">19. august 2026 (kolmap\u00e4ev) \u2014 \u00d5unap\u00fcha<\/strong><br data-start=\"164\" data-end=\"167\" \/><strong data-start=\"167\" data-end=\"220\">28. august 2026 (reede) \u2014 Jumalaema Uinumise p\u00fcha<\/strong><br data-start=\"220\" data-end=\"223\" \/><strong data-start=\"223\" data-end=\"283\">14. oktoober 2026 (kolmap\u00e4ev) \u2014 Jumalaema Kaitsmise p\u00fcha<\/strong><\/p>\n<hr data-start=\"285\" data-end=\"288\" \/>\n<h4 data-start=\"290\" data-end=\"306\">V\u00e4ljas\u00f5it:<\/h4>\n<p data-start=\"307\" data-end=\"369\">07:00 \u2014 Solaris kaubanduskeskuse juurest<br data-start=\"347\" data-end=\"350\" \/>07:15 \u2014 Mustakivi<\/p>\n<hr data-start=\"371\" data-end=\"374\" \/>\n<h4 data-start=\"376\" data-end=\"410\">P\u00fchtitsa \u2014 kolm sammu taevani<\/h4>\n<p data-start=\"412\" data-end=\"586\">On paiku, kuhu ei minda lihtsalt turistina, vaid s\u00fcdame kutsel. P\u00fchtitsa on just selline koht. Siin p\u00f5imuvad palvehardus, looduse ilu ja s\u00fcgav ajalugu ainulaadseks tervikuks.<\/p>\n<p data-start=\"588\" data-end=\"814\">Ajalooline P\u00fchtitsa Jumalaema Uinumise Stavropigia naisklooster asub Kurem\u00e4el, paekiviplatoo serval. Lumivalged m\u00fc\u00fcrid, kuldsed kuplid, sajanditevanused puud ja eriline sisemine rahu loovad tunde, nagu aeg kulgeks aeglasemalt.<\/p>\n<p data-start=\"816\" data-end=\"836\">Ekskursiooni k\u00e4igus:<\/p>\n<ul data-start=\"838\" data-end=\"1160\">\n<li data-start=\"838\" data-end=\"900\">\n<p data-start=\"840\" data-end=\"900\">k\u00fclastate Uspenski kirikut ja austate p\u00fchasid reliikviaid;<\/p>\n<\/li>\n<li data-start=\"901\" data-end=\"966\">\n<p data-start=\"903\" data-end=\"966\">tutvute kristluse ajalooga Eestis ja kloostri rajamise looga;<\/p>\n<\/li>\n<li data-start=\"967\" data-end=\"1019\">\n<p data-start=\"969\" data-end=\"1019\">kuulete P\u00fchtitsa imedest ja austatud p\u00fchakutest;<\/p>\n<\/li>\n<li data-start=\"1020\" data-end=\"1065\">\n<p data-start=\"1022\" data-end=\"1065\">peatute p\u00fcha tamme ja vana kabeli juures;<\/p>\n<\/li>\n<li data-start=\"1066\" data-end=\"1103\">\n<p data-start=\"1068\" data-end=\"1103\">saate v\u00f5tta vett p\u00fchast allikast;<\/p>\n<\/li>\n<li data-start=\"1104\" data-end=\"1160\">\n<p data-start=\"1106\" data-end=\"1160\">soovi korral v\u00f5ite kasta end p\u00fchasse suplusbasseini.<\/p>\n<\/li>\n<\/ul>\n<p data-start=\"1162\" data-end=\"1249\">Teil on v\u00f5imalus osta kloostri leiba, mett ja muid kloostri k\u00f6\u00f6gis valmistatud tooteid.<\/p>\n<p data-start=\"1251\" data-end=\"1320\">Vabal ajal saab l\u00f5unatada hubases kohvikus v\u00e4ljaspool kloostri m\u00fc\u00fcre.<\/p>\n<hr data-start=\"1322\" data-end=\"1325\" \/>\n<h4 data-start=\"1327\" data-end=\"1374\">Iljinski skit \u2014 vaikuse ja m\u00f5tiskluse paik<\/h4>\n<p data-start=\"1376\" data-end=\"1570\">P\u00e4rast kloostri k\u00fclastust suundume Iljinski skiti \u2014 rahulikku ja eraldatud paika, kus valitsevad vaikus ja tasakaal. See on v\u00f5imalus olla hetkeks iseendaga, palves v\u00f5i lihtsalt loodust nautides.<\/p>\n<hr data-start=\"1572\" data-end=\"1575\" \/>\n<p data-start=\"1577\" data-end=\"1620\">Tagasis\u00f5it Tallinna umbes kell 18:30\u201319:00.<\/p>\n<hr data-start=\"1622\" data-end=\"1625\" \/>\n<h4 data-start=\"1627\" data-end=\"1641\">Reisi hind:<\/h4>\n<p data-start=\"1643\" data-end=\"1692\"><strong>45 \u20ac<\/strong><br data-start=\"1647\" data-end=\"1650\" \/><strong>40 \u20ac<\/strong> \u2014 pension\u00e4ridele ja p\u00fcsiklientidele<\/p>\n<hr data-start=\"1694\" data-end=\"1697\" \/>\n<p data-start=\"1699\" data-end=\"1734\" data-is-last-node=\"\" data-is-only-node=\"\">Ekskursioonid toimuvad vene keeles.<\/p>\n<\/div>\n<\/div>\n<p><\/p>","protected":false},"excerpt":{"rendered":"<p><strong>31. mai 2026<\/strong> \u2014 P\u00fcha Kolmainsuse p\u00e4ev<br \/>\n<strong>19. august 2026<\/strong> (kolmap\u00e4ev) \u2014 \u00d5unap\u00fcha<br \/>\n<strong>28. august 2026<\/strong> (reede) \u2014 Jumalaema Uinumise p\u00fcha<br \/>\n<strong>14. oktoober 2026<\/strong> (kolmap\u00e4ev) \u2014 Jumalaema Kaitsmise p\u00fcha<\/p>\n","protected":false},"featured_media":4721,"template":"","meta":{"_monsterinsights_skip_tracking":false,"_monsterinsights_sitenote_active":false,"_monsterinsights_sitenote_note":"","_monsterinsights_sitenote_category":0},"_links":{"self":[{"href":"https:\/\/leontravel.ee\/et\/wp-json\/wp\/v2\/product\/6215"}],"collection":[{"href":"https:\/\/leontravel.ee\/et\/wp-json\/wp\/v2\/product"}],"about":[{"href":"https:\/\/leontravel.ee\/et\/wp-json\/wp\/v2\/types\/product"}],"wp:featuredmedia":[{"embeddable":true,"href":"https:\/\/leontravel.ee\/et\/wp-json\/wp\/v2\/media\/4721"}],"wp:attachment":[{"href":"https:\/\/leontravel.ee\/et\/wp-json\/wp\/v2\/media?parent=6215"}],"curies":[{"name":"wp","href":"https:\/\/api.w.org\/{rel}","templated":true}]}}