{"id":6894,"date":"2023-02-22T16:36:42","date_gmt":"2023-02-22T14:36:42","guid":{"rendered":"https:\/\/leontravel.ee\/?post_type=product&#038;p=6894"},"modified":"2026-03-16T17:48:44","modified_gmt":"2026-03-16T15:48:44","slug":"6894","status":"publish","type":"product","link":"https:\/\/leontravel.ee\/et\/tour\/6894\/","title":{"rendered":"19.09.2026 Degusteerime Eesti \u00f5lut \u2013 Tartu ja A. Le Coq"},"content":{"rendered":"<p><\/p>\n<h4 data-section-id=\"1c1xwup\" data-start=\"864\" data-end=\"911\">Degusteerime Eesti \u00f5lut \u2013 Tartu ja A. Le Coq<\/h4>\n<p data-start=\"913\" data-end=\"927\"><strong data-start=\"913\" data-end=\"927\">19.09.2026<\/strong><\/p>\n<p data-start=\"929\" data-end=\"968\"><strong data-start=\"929\" data-end=\"968\">Ekskursioonid toimuvad vene keeles.<\/strong><\/p>\n<p data-start=\"970\" data-end=\"1279\">Kutsume teid p\u00f5nevale reisile L\u00f5una-Eestisse, mille jooksul k\u00fclastame ajaloolist Tartu linna ning tutvume Eesti kuulsaima \u00f5lletehase A. Le Coq looga. See reis \u00fchendab endas kultuuri, ajalugu ja huvitavaid elamusi ning annab v\u00f5imaluse avastada Eesti \u00f5lletraditsiooni ja \u00fche vanima linna ainulaadset atmosf\u00e4\u00e4ri.<\/p>\n<p data-start=\"1281\" data-end=\"1397\"><strong data-start=\"1281\" data-end=\"1298\">Reisi kestus:<\/strong> umbes 12 tundi<br data-start=\"1313\" data-end=\"1316\" \/><strong data-start=\"1316\" data-end=\"1330\">V\u00e4ljas\u00f5it:<\/strong> 08:00 Solarise keskuse juurest<br data-start=\"1361\" data-end=\"1364\" \/><strong data-start=\"1364\" data-end=\"1384\">Tagasi Tallinna:<\/strong> p\u00e4rast 20:00<\/p>\n<hr data-start=\"1399\" data-end=\"1402\" \/>\n<p data-start=\"1404\" data-end=\"1624\">Reis algab hommikul kogunemisega Solarise juures, kust suundume bussiga Tartu poole. S\u00f5idu ajal r\u00e4\u00e4gib giid huvitavaid lugusid paikadest, linnadest ja kindlustest, millest m\u00f6\u00f6da s\u00f5idame, ning tutvustab piirkonna ajalugu.<\/p>\n<p data-start=\"1626\" data-end=\"1678\">Teekonna jooksul teeme v\u00e4ikese peatuse kohvipausiks.<\/p>\n<p data-start=\"1680\" data-end=\"1879\">Saabudes Tartusse k\u00fclastame <strong data-start=\"1708\" data-end=\"1733\">A. Le Coqi \u00f5lletehast<\/strong>, mis on Eesti vanim ja suurim joogitootja. Ettev\u00f5tte toodang h\u00f5lmab 11 erinevat joogigruppi ning selle ajalugu ulatub enam kui kahe sajandi taha.<\/p>\n<p data-start=\"1881\" data-end=\"2331\">\u00d5lletehases k\u00fclastame <strong data-start=\"1903\" data-end=\"1926\">\u00d5llemaailma keskust<\/strong>, kus avaneb p\u00f5nev ajar\u00e4nnak \u00f5llekultuuri algusesse. Interaktiivne ekspositsioon viib k\u00fclastajad rohkem kui 12 000 aasta tagusesse aega, mil hakkas kujunema \u00f5lle pruulimise traditsioon. K\u00fclastuse jooksul saab n\u00e4ha huvitavaid seadmeid, tutvuda erinevate \u00f5llet\u00fc\u00fcpidega ning avastada \u00fche maailma vanima s\u00e4ilinud \u00f5llen\u00e4idise. Samuti saame teada, kuidas \u00f5lut pruuliti vanasti ja kuidas seda tehakse t\u00e4nap\u00e4eval.<\/p>\n<p data-start=\"2333\" data-end=\"2542\">P\u00e4rast seda tutvume <strong data-start=\"2353\" data-end=\"2370\">Tartu linnaga<\/strong>, mis asub kauni Emaj\u00f5e kallastel ja on elanike arvult Eesti teine linn Tallinna j\u00e4rel. See on \u00fcks vanimaid linnu Baltikumis ning oluline Eesti kultuuri ja hariduse keskus.<\/p>\n<p data-start=\"2544\" data-end=\"2921\">Juba V sajandil asus siin muistsete eestlaste asula Toomem\u00e4el. Aastal 1030 vallutas linnuse Kiievi v\u00fcrst Jaroslav Tark ja rajas siia linna nimega Jurjev. Sajandite jooksul kandis linn erinevaid nimesid ning oli kord rootslaste, kord poolakate v\u00f5imu all. 1919. aastal sai linn nimeks Tartu. Just siin kujunesid paljud Eesti rahvuslikud traditsioonid ning arenes kohalik kultuur.<\/p>\n<p data-start=\"2923\" data-end=\"2998\">P\u00e4rast linnaekskursiooni on aega jalutamiseks ja soovi korral l\u00f5unas\u00f6\u00f6giks.<\/p>\n<p data-start=\"3000\" data-end=\"3291\">Tagasiteel Tallinna teeme peatuse <strong data-start=\"3034\" data-end=\"3044\">Paides<\/strong>, kus jalutame Paide ordulinnuse juures. See kindlus oli keskajal strateegiliselt oluline punkt Liivimaa Eesti alal. Linnus rajati muistse eestlaste linnuse kohale ning sellest kujunes peagi J\u00e4rvamaa keskuseks. 1291. aastal sai Paide linna\u00f5igused.<\/p>\n<p data-start=\"3293\" data-end=\"3366\">\u00d5htul alustame tagasiteed Tallinna ning j\u00f5uame tagasi p\u00e4rast kella 20:00.<\/p>\n<hr data-start=\"3368\" data-end=\"3371\" \/>\n<h3 data-section-id=\"ynnijx\" data-start=\"3373\" data-end=\"3381\">Hind<\/h3>\n<p data-start=\"3383\" data-end=\"3391\"><del><strong data-start=\"3383\" data-end=\"3391\">85 \u20ac\u00a0<\/strong><\/del><strong data-start=\"3383\" data-end=\"3391\"> \u00a0 <\/strong><span style=\"color: #800000;\"><strong data-start=\"3393\" data-end=\"3401\">76 \u20ac<\/strong><\/span><\/p>\n<hr data-start=\"3451\" data-end=\"3454\" \/>\n<h3 data-section-id=\"1e2yayu\" data-start=\"3456\" data-end=\"3470\">Hinna sees<\/h3>\n<ul data-start=\"3472\" data-end=\"3589\">\n<li data-section-id=\"1xan4fx\" data-start=\"3472\" data-end=\"3496\">\n<p data-start=\"3474\" data-end=\"3496\">mugav bussitransport<\/p>\n<\/li>\n<li data-section-id=\"640lja\" data-start=\"3497\" data-end=\"3534\">\n<p data-start=\"3499\" data-end=\"3534\">giidi teenused kogu reisi jooksul<\/p>\n<\/li>\n<li data-section-id=\"6oaqt8\" data-start=\"3535\" data-end=\"3589\">\n<p data-start=\"3537\" data-end=\"3589\">k\u00f5ik muuseumide sissep\u00e4\u00e4supiletid ja ekskursioonid<\/p>\n<\/li>\n<\/ul>\n<hr data-start=\"3591\" data-end=\"3594\" \/>\n<h3 data-section-id=\"1qk3x7m\" data-start=\"3596\" data-end=\"3608\">Lisatasu<\/h3>\n<ul data-start=\"3610\" data-end=\"3622\">\n<li data-section-id=\"yku5xy\" data-start=\"3610\" data-end=\"3622\">\n<p data-start=\"3612\" data-end=\"3622\">toitlustus<\/p>\n<\/li>\n<\/ul>\n<p><\/p>","protected":false},"excerpt":{"rendered":"<p>19.09.2026<\/p>\n","protected":false},"featured_media":8094,"template":"","meta":{"_monsterinsights_skip_tracking":false,"_monsterinsights_sitenote_active":false,"_monsterinsights_sitenote_note":"","_monsterinsights_sitenote_category":0},"_links":{"self":[{"href":"https:\/\/leontravel.ee\/et\/wp-json\/wp\/v2\/product\/6894"}],"collection":[{"href":"https:\/\/leontravel.ee\/et\/wp-json\/wp\/v2\/product"}],"about":[{"href":"https:\/\/leontravel.ee\/et\/wp-json\/wp\/v2\/types\/product"}],"wp:featuredmedia":[{"embeddable":true,"href":"https:\/\/leontravel.ee\/et\/wp-json\/wp\/v2\/media\/8094"}],"wp:attachment":[{"href":"https:\/\/leontravel.ee\/et\/wp-json\/wp\/v2\/media?parent=6894"}],"curies":[{"name":"wp","href":"https:\/\/api.w.org\/{rel}","templated":true}]}}