{"id":6945,"date":"2023-06-25T15:42:28","date_gmt":"2023-06-25T12:42:28","guid":{"rendered":"https:\/\/leontravel.ee\/?post_type=product&#038;p=6945"},"modified":"2026-04-08T13:28:32","modified_gmt":"2026-04-08T10:28:32","slug":"ispanija-kosta-brava-kosta-del-maresme","status":"publish","type":"product","link":"https:\/\/leontravel.ee\/et\/tour\/russkij-catalonia-8-days\/","title":{"rendered":"25.06.2026 &#8211; 02.07.2026 KATALOONIA \u2013 PUHKUS JA EKSKURSIOONID CALELLA KUURORDIS, HISPAANIA garanteeritud"},"content":{"rendered":"<p><strong data-start=\"312\" data-end=\"326\">Kuup\u00e4evad:<\/strong> 25.06.2026 \u2013 02.07.2026 <span style=\"color: #800000;\">Gananteeritud<\/span><br data-start=\"350\" data-end=\"353\" \/><strong data-start=\"353\" data-end=\"364\">Kestus:<\/strong> 8 p\u00e4eva \/ 7 \u00f6\u00f6d<br data-start=\"380\" data-end=\"383\" \/><strong data-start=\"383\" data-end=\"395\">Majutus:<\/strong> 4\u2605 hotell, HB (hommiku- ja \u00f5htus\u00f6\u00f6k)<\/p>\n<p><strong data-start=\"436\" data-end=\"484\">Reisi hind inimese kohta kahekohalises toas:<\/strong><br data-start=\"484\" data-end=\"487\" \/><del data-start=\"487\" data-end=\"497\">1250 \u20ac<\/del> <span style=\"color: #800000;\"><strong data-start=\"498\" data-end=\"508\">1169 \u20ac<\/strong><\/span><\/p>\n<hr data-start=\"510\" data-end=\"513\" \/>\n<p><strong data-start=\"518\" data-end=\"543\">REISI HINNAS SISALDUB<\/strong><\/p>\n<p data-start=\"547\" data-end=\"623\">Majutus 7 \u00f6\u00f6d 4\u2605 hotellis hommiku- ja \u00f5htus\u00f6\u00f6kidega (kahekohaline majutus)<\/p>\n<p data-start=\"626\" data-end=\"647\">K\u00e4sipagas kuni 8 kg<\/p>\n<p data-start=\"650\" data-end=\"705\">Lennupiletid Tallinn \u2013 Barcelona \u2013 Tallinn (otselend)<\/p>\n<p data-start=\"708\" data-end=\"735\">\u00c4raantav pagas kuni 23 kg<\/p>\n<p data-start=\"738\" data-end=\"756\">Lennujaamamaksud<\/p>\n<p data-start=\"759\" data-end=\"801\">Reisiesindaja saatmine kogu reisi v\u00e4ltel<\/p>\n<p data-start=\"804\" data-end=\"828\">Ekskursioon Barcelonas<\/p>\n<p data-start=\"831\" data-end=\"863\">Ekskursioon Girona ja Figueras<\/p>\n<p data-start=\"866\" data-end=\"890\">Ekskursioon Montserrat<\/p>\n<p data-start=\"893\" data-end=\"940\">Sissep\u00e4\u00e4s piletid k\u00fclastatavatele objektidele<\/p>\n<hr data-start=\"942\" data-end=\"945\" \/>\n<p><strong data-start=\"950\" data-end=\"989\">LISATASUD KOHA PEALE (SOOVI KORRAL)<\/strong><\/p>\n<p data-start=\"993\" data-end=\"1061\">Ekskursioon Perpignan ja Collioure (min. 20 inimest) \u2013 alates 55 \u20ac<\/p>\n<hr data-start=\"1063\" data-end=\"1066\" \/>\n<p><strong data-start=\"1071\" data-end=\"1092\">CALELLA<\/strong><\/p>\n<p><strong>Calella<\/strong> on linn ja omavalitsus Hispaanias, Maresme piirkonnas, Kataloonias. See on Costa del Maresme pealinn ja \u00fcks suurimaid turismikeskusi Barcelonast l\u00e4hedal. Linn on demokraatlik ja sobib aktiivse puhkuse armastajatele: modernsed hotellid, kohvikud, restoranid, poed ning palju v\u00f5imalusi rannaspordi, veespordi ja muude tegevuste jaoks.<\/p>\n<p>Rannad on kristallselge veega ja puhta kuldse liivaga, paljud rannad on tunnustatud <strong data-start=\"1522\" data-end=\"1537\">Sinise Lipu<\/strong> m\u00e4rgisega.<\/p>\n<hr data-start=\"1552\" data-end=\"1555\" \/>\n<p><strong data-start=\"1560\" data-end=\"1577\">REISIPROGRAMM<\/strong><\/p>\n<p><strong data-start=\"1583\" data-end=\"1594\">1. P\u00c4EV<\/strong><\/p>\n<p data-start=\"1599\" data-end=\"1632\">Kogunemine Tallinna lennujaamas<\/p>\n<p data-start=\"1635\" data-end=\"1682\">Lennupilet Tallinn \u2013 Barcelona (~13:15\u201316:15)<\/p>\n<p data-start=\"1685\" data-end=\"1787\">Saabumine Barcelonasse ja transfeer hotelli Costa Brava \/ Costa del Maresme rannikul (100 m rannast)<\/p>\n<p data-start=\"1790\" data-end=\"1809\">Majutus ja puhkus<\/p>\n<p data-start=\"1812\" data-end=\"1822\">\u00d5htus\u00f6\u00f6k<\/p>\n<p data-start=\"1825\" data-end=\"1838\">\u00d6\u00f6 hotellis<\/p>\n<p><strong data-start=\"1844\" data-end=\"1855\">2. P\u00c4EV<\/strong><\/p>\n<p data-start=\"1860\" data-end=\"1873\">Hommikus\u00f6\u00f6k<\/p>\n<p data-start=\"1876\" data-end=\"1900\">Ekskursioon Barcelonas<\/p>\n<p data-start=\"1905\" data-end=\"1999\">Tutvumine <strong data-start=\"1915\" data-end=\"1934\">Sagrada Familia<\/strong>, <strong data-start=\"1936\" data-end=\"1962\">Casa Mila (La Pedrera)<\/strong> ja Paseo de Llu\u00eds Companys alleega<\/p>\n<p data-start=\"2004\" data-end=\"2058\">Peatus <strong data-start=\"2011\" data-end=\"2036\">Parc de la Ciutadella<\/strong> ja <strong data-start=\"2040\" data-end=\"2056\">Triumfi kaar<\/strong><\/p>\n<p data-start=\"2063\" data-end=\"2133\">V\u00e4ljas\u00f5it <strong data-start=\"2073\" data-end=\"2091\">Tibidabo m\u00e4ele<\/strong> (tornile ronimise hind 5 \u20ac, valikuline)<\/p>\n<p data-start=\"2138\" data-end=\"2192\">Vaba aeg <strong data-start=\"2147\" data-end=\"2160\">La Rambla<\/strong> t\u00e4naval suveniiride ostmiseks<\/p>\n<p data-start=\"2195\" data-end=\"2211\">Tagasi hotelli<\/p>\n<p data-start=\"2214\" data-end=\"2224\">\u00d5htus\u00f6\u00f6k<\/p>\n<p data-start=\"2227\" data-end=\"2240\">\u00d6\u00f6 hotellis<\/p>\n<p><strong data-start=\"2246\" data-end=\"2257\">3. P\u00c4EV<\/strong><\/p>\n<p data-start=\"2262\" data-end=\"2275\">Hommikus\u00f6\u00f6k<\/p>\n<p data-start=\"2278\" data-end=\"2300\">Vaba p\u00e4ev mere \u00e4\u00e4res<\/p>\n<p data-start=\"2303\" data-end=\"2313\">\u00d5htus\u00f6\u00f6k<\/p>\n<p data-start=\"2316\" data-end=\"2329\">\u00d6\u00f6 hotellis<\/p>\n<p><strong data-start=\"2335\" data-end=\"2346\">4. P\u00c4EV<\/strong><\/p>\n<p data-start=\"2351\" data-end=\"2364\">Hommikus\u00f6\u00f6k<\/p>\n<p data-start=\"2367\" data-end=\"2386\">Puhkus mere \u00e4\u00e4res<\/p>\n<p data-start=\"2389\" data-end=\"2430\">P\u00e4rastl\u00f5unal ekskursioon <strong data-start=\"2414\" data-end=\"2428\">Montserrat<\/strong><\/p>\n<p data-start=\"2435\" data-end=\"2524\">K\u00fclastame <strong data-start=\"2445\" data-end=\"2482\">Benediktiini kloostrit Montserrat<\/strong>, tutvume kloostri ajaloo ja legendidega<\/p>\n<p data-start=\"2529\" data-end=\"2604\">V\u00f5imalus kuulata poistekoori esinemist ja k\u00fclastada <strong data-start=\"2581\" data-end=\"2597\">Must Madonna<\/strong> kuju<\/p>\n<p data-start=\"2609\" data-end=\"2670\">Jalutusk\u00e4igud kloostri \u00fcmbruses, muuseum ja suveniiride ost<\/p>\n<p data-start=\"2673\" data-end=\"2689\">Tagasi hotelli<\/p>\n<p data-start=\"2692\" data-end=\"2702\">\u00d5htus\u00f6\u00f6k<\/p>\n<p data-start=\"2705\" data-end=\"2718\">\u00d6\u00f6 hotellis<\/p>\n<p><strong data-start=\"2724\" data-end=\"2735\">5. P\u00c4EV<\/strong><\/p>\n<p data-start=\"2740\" data-end=\"2753\">Hommikus\u00f6\u00f6k<\/p>\n<p data-start=\"2756\" data-end=\"2863\">Vaba p\u00e4ev mere \u00e4\u00e4res <strong data-start=\"2777\" data-end=\"2784\">v\u00f5i<\/strong> lisatasu eest ekskursioon <strong data-start=\"2811\" data-end=\"2837\">Perpignan ja Collioure<\/strong> (min. 20 inimest, 55 \u20ac)<\/p>\n<p data-start=\"2866\" data-end=\"2882\">Tagasi hotelli<\/p>\n<p data-start=\"2885\" data-end=\"2895\">\u00d5htus\u00f6\u00f6k<\/p>\n<p data-start=\"2898\" data-end=\"2911\">\u00d6\u00f6 hotellis<\/p>\n<p><strong data-start=\"2917\" data-end=\"2928\">6. P\u00c4EV<\/strong><\/p>\n<p>Hommikus\u00f6\u00f6k<\/p>\n<p>Ekskursioon <strong data-start=\"2961\" data-end=\"2983\">Girona ja Figueras<\/strong><\/p>\n<p data-start=\"2990\" data-end=\"3040\">Girona \u2013 keskaegne linn ja legendidega kvartalid<\/p>\n<p data-start=\"3045\" data-end=\"3129\">Figueras \u2013 Salvador Dal\u00ed kodulinn, k\u00fclastus <strong data-start=\"3089\" data-end=\"3116\">Dal\u00ed teatri-muuseumisse<\/strong> (lisatasu)<\/p>\n<p data-start=\"3045\" data-end=\"3129\">Tagasi hotelli<\/p>\n<p data-start=\"3151\" data-end=\"3161\">\u00d5htus\u00f6\u00f6k<\/p>\n<p data-start=\"3164\" data-end=\"3177\">\u00d6\u00f6 hotellis<\/p>\n<p><strong data-start=\"3183\" data-end=\"3194\">7. P\u00c4EV<\/strong><\/p>\n<p data-start=\"3199\" data-end=\"3212\">Hommikus\u00f6\u00f6k<\/p>\n<p data-start=\"3215\" data-end=\"3237\">Vaba p\u00e4ev mere \u00e4\u00e4res<\/p>\n<p data-start=\"3240\" data-end=\"3250\">\u00d5htus\u00f6\u00f6k<\/p>\n<p data-start=\"3253\" data-end=\"3266\">\u00d6\u00f6 hotellis<\/p>\n<p><strong data-start=\"3272\" data-end=\"3283\">8. P\u00c4EV<\/strong><\/p>\n<p data-start=\"3288\" data-end=\"3301\">Hommikus\u00f6\u00f6k<\/p>\n<p data-start=\"3304\" data-end=\"3324\">Tubade vabastamine<\/p>\n<p data-start=\"3327\" data-end=\"3349\">Transfeer lennujaama<\/p>\n<p data-start=\"3352\" data-end=\"3399\">Lennupilet Barcelona \u2013 Tallinn (~17:00\u201321:55)<\/p>\n<p data-start=\"3402\" data-end=\"3422\">Saabumine Tallinna<\/p>\n<hr data-start=\"3424\" data-end=\"3427\" \/>\n<p><span style=\"font-size: 17px;\"><strong data-start=\"3432\" data-end=\"3459\">LISAV\u00d5IMALUSED JA TASUD<\/strong><\/span><\/p>\n<p data-start=\"3463\" data-end=\"3508\"><strong data-start=\"3463\" data-end=\"3498\">\u00dchekohaline majutus 4\u2605 hotellis<\/strong> \u2013 200 \u20ac<\/p>\n<p data-start=\"3511\" data-end=\"3599\"><strong data-start=\"3511\" data-end=\"3532\">CITY TAX hotellis<\/strong> \u2013 umbes 2,66 \u20ac inimese kohta \u00f6\u00f6 eest (alla 16-aastastele tasuta)<\/p>\n<p data-start=\"3602\" data-end=\"3647\">Ekskursioonide audiogiidi rent \u2013 umbes 10 \u20ac<\/p>\n<hr data-start=\"3649\" data-end=\"3652\" \/>\n<p><span style=\"font-size: 17px;\"><strong data-start=\"3657\" data-end=\"3673\">OLULINE INFO<\/strong><\/span><\/p>\n<p data-start=\"3677\" data-end=\"3764\">Grupi juht v\u00f5ib muuta ekskursioonide j\u00e4rjekorda ja kellaaegu ilma programmi rikkumata<\/p>\n<p data-start=\"3767\" data-end=\"3826\">Reisi hind v\u00f5ib muutuda seoses lennupiletite hinnat\u00f5usuga<\/p>\n<p data-start=\"3829\" data-end=\"3936\">Vaba aeg kehtib, kui ei esine etten\u00e4gematuid olukordi, liiklusummikuid ega muid graafikust k\u00f5rvalekaldeid<\/p>\n<p><\/p>","protected":false},"excerpt":{"rendered":"<p><strong>25.06.2026 &#8211; 02.07.2026 <span style=\"color: #800000;\">garanteeritud<\/span><\/strong><\/p>\n","protected":false},"featured_media":6946,"template":"","meta":{"_monsterinsights_skip_tracking":false,"_monsterinsights_sitenote_active":false,"_monsterinsights_sitenote_note":"","_monsterinsights_sitenote_category":0},"_links":{"self":[{"href":"https:\/\/leontravel.ee\/et\/wp-json\/wp\/v2\/product\/6945"}],"collection":[{"href":"https:\/\/leontravel.ee\/et\/wp-json\/wp\/v2\/product"}],"about":[{"href":"https:\/\/leontravel.ee\/et\/wp-json\/wp\/v2\/types\/product"}],"wp:featuredmedia":[{"embeddable":true,"href":"https:\/\/leontravel.ee\/et\/wp-json\/wp\/v2\/media\/6946"}],"wp:attachment":[{"href":"https:\/\/leontravel.ee\/et\/wp-json\/wp\/v2\/media?parent=6945"}],"curies":[{"name":"wp","href":"https:\/\/api.w.org\/{rel}","templated":true}]}}