{"id":7303,"date":"2024-07-16T16:15:17","date_gmt":"2024-07-16T13:15:17","guid":{"rendered":"https:\/\/leontravel.ee\/?post_type=product&#038;p=7303"},"modified":"2026-03-16T17:56:28","modified_gmt":"2026-03-16T15:56:28","slug":"magija-i-krasota-juzhnoj-jestonii","status":"publish","type":"product","link":"https:\/\/leontravel.ee\/et\/tour\/russkij-magija-i-krasota-juzhnoj-jestonii\/","title":{"rendered":"19.07.2026  L\u00f5una-Eesti maagia ja ilu"},"content":{"rendered":"<p><\/p>\n<h2 data-section-id=\"13fu41o\" data-start=\"0\" data-end=\"28\">L\u00f5una-Eesti maagia ja ilu<\/h2>\n<p data-start=\"30\" data-end=\"44\"><strong data-start=\"30\" data-end=\"44\">19.07.2026<\/strong><\/p>\n<p data-start=\"46\" data-end=\"85\"><strong data-start=\"46\" data-end=\"85\">Ekskursioonid toimuvad vene keeles.<\/strong><\/p>\n<p data-start=\"87\" data-end=\"321\">Kutsume teid avastama L\u00f5una-Eesti k\u00f5ige salap\u00e4rasemaid ja kaunimaid paiku. Selle reisi jooksul k\u00fclastame muistseid loodusmaastikke, kuuleme p\u00f5nevaid legende ning tutvume paikadega, kus loodus ja rahvap\u00e4rimus loovad erilise atmosf\u00e4\u00e4ri.<\/p>\n<p data-start=\"323\" data-end=\"447\"><strong data-start=\"323\" data-end=\"340\">Reisi kestus:<\/strong> umbes 13 tundi<br data-start=\"355\" data-end=\"358\" \/><strong data-start=\"358\" data-end=\"372\">V\u00e4ljas\u00f5it:<\/strong> 08:00 Solarise keskuse juurest<br data-start=\"403\" data-end=\"406\" \/><strong data-start=\"406\" data-end=\"426\">Tagasi Tallinna:<\/strong> orienteeruvalt 21:30<\/p>\n<hr data-start=\"449\" data-end=\"452\" \/>\n<p data-start=\"454\" data-end=\"687\">Reis viib meid \u00fchte Eesti k\u00f5ige maagilisemasse ja kaunimasse paika \u2013 <strong data-start=\"523\" data-end=\"538\">Taevaskotta<\/strong>, kus asuvad liivakivikaljud ja koopad Ahja j\u00f5e iidses orus. Eesti vanas\u00f5na \u00fctleb, et iga inimene peaks oma elus v\u00e4hemalt korra Taevaskoda k\u00fclastama.<\/p>\n<p data-start=\"689\" data-end=\"935\">Rahvap\u00e4rimuse j\u00e4rgi peeti seda paika p\u00fchaks ning siin viisid muistsed eestlased l\u00e4bi erinevaid rituaale. \u00dches koopas asub ka <strong data-start=\"814\" data-end=\"825\">Emal\u00e4te<\/strong>, mille veele omistatakse tervendavat m\u00f5ju \u2013 see pidi aitama taastada silmade tervist ning andma j\u00f5udu ja ilu.<\/p>\n<p data-start=\"937\" data-end=\"1089\">Siin jalutame m\u00f6\u00f6da kauneid looduslikke radu ning soovijatel on v\u00f5imalus teha <strong data-start=\"1015\" data-end=\"1038\">paadis\u00f5it Ahja j\u00f5el<\/strong>, mille kaldad on eriti maalilised (lisatasu eest).<\/p>\n<p data-start=\"1091\" data-end=\"1293\">Edasi saavad soovijad t\u00f5usta <strong data-start=\"1120\" data-end=\"1143\">Valgesoo vaatetorni<\/strong>, kust avaneb imeline vaade L\u00f5una-Eesti metsadele ja soomaastikele. See on \u00fcks piirkonna huvitavamaid kohti, kus saab nautida \u00fcmbruskonna looduse ilu.<\/p>\n<p data-start=\"1295\" data-end=\"1601\">P\u00e4eva keskpaigas ootab meid l\u00f5una ja meeleolukas programm <strong data-start=\"1353\" data-end=\"1380\">Uhtj\u00e4rve Muinasjutumaal<\/strong>, mida kutsutakse ka N\u00f5idade Kuningriigiks. Seal v\u00f5tab meid vastu kuningriigi peamine n\u00f5id <strong data-start=\"1471\" data-end=\"1479\">Uhti<\/strong>, kes tutvustab selle v\u00e4ikese ja erilise paiga valdusi, r\u00e4\u00e4gib p\u00f5nevaid legende ning n\u00e4itab vanu rituaale ja traditsioone.<\/p>\n<p data-start=\"1603\" data-end=\"1887\">Reisi l\u00f5petuseks s\u00f5idame vaatama <strong data-start=\"1636\" data-end=\"1699\">Eesti k\u00f5ige suuremat ja kuulsamat tamme \u2013 Tamme-Lauri tamme<\/strong>. See muljetavaldav puu on umbes <strong data-start=\"1732\" data-end=\"1751\">700 aastat vana<\/strong>, selle k\u00f5rgus on umbes <strong data-start=\"1775\" data-end=\"1789\">17 meetrit<\/strong> ja t\u00fcve \u00fcmberm\u00f5\u00f5t ulatub <strong data-start=\"1815\" data-end=\"1829\">8 meetrini<\/strong>. Tamme suurus ja v\u00e4\u00e4rikas vanus tekitavad alati imetlust.<\/p>\n<p data-start=\"1889\" data-end=\"1969\">\u00d5htul alustame tagasiteed Tallinna ning j\u00f5uame tagasi orienteeruvalt kell 21:30.<\/p>\n<hr data-start=\"1971\" data-end=\"1974\" \/>\n<h3 data-section-id=\"ynnijx\" data-start=\"1976\" data-end=\"1984\">Hind<\/h3>\n<p data-start=\"1986\" data-end=\"2001\"><strong data-start=\"1986\" data-end=\"2001\"><del>85 \u20ac<\/del> \/ <span style=\"color: #800000;\">80 \u20ac<\/span><\/strong><\/p>\n<p data-start=\"2003\" data-end=\"2063\"><strong data-start=\"2003\" data-end=\"2018\"><del>75 \u20ac<\/del> \/ <span style=\"color: #800000;\">70 \u20ac<\/span><\/strong><br data-start=\"2018\" data-end=\"2021\" \/>pension\u00e4rid, kooli\u00f5pilased ja p\u00fcsikliendid<\/p>\n<hr data-start=\"2065\" data-end=\"2068\" \/>\n<h3 data-section-id=\"1e2yayu\" data-start=\"2070\" data-end=\"2084\">Hinna sees<\/h3>\n<ul data-start=\"2086\" data-end=\"2191\">\n<li data-section-id=\"1xan4fx\" data-start=\"2086\" data-end=\"2110\">\n<p data-start=\"2088\" data-end=\"2110\">mugav bussitransport<\/p>\n<\/li>\n<li data-section-id=\"640lja\" data-start=\"2111\" data-end=\"2148\">\n<p data-start=\"2113\" data-end=\"2148\">giidi teenused kogu reisi jooksul<\/p>\n<\/li>\n<li data-section-id=\"1jn667y\" data-start=\"2149\" data-end=\"2191\">\n<p data-start=\"2151\" data-end=\"2191\">programm Uhtj\u00e4rve N\u00f5idade Kuningriigis<\/p>\n<\/li>\n<\/ul>\n<hr data-start=\"2193\" data-end=\"2196\" \/>\n<h3 data-section-id=\"1qk3x7m\" data-start=\"2198\" data-end=\"2210\">Lisatasu<\/h3>\n<ul data-start=\"2212\" data-end=\"2261\" data-is-last-node=\"\" data-is-only-node=\"\">\n<li data-section-id=\"1xjg2g8\" data-start=\"2212\" data-end=\"2232\">\n<p data-start=\"2214\" data-end=\"2232\">l\u00f5unas\u00f6\u00f6k \u2013 15 \u20ac<\/p>\n<\/li>\n<li data-section-id=\"15rpu2s\" data-start=\"2233\" data-end=\"2261\" data-is-last-node=\"\">\n<p data-start=\"2235\" data-end=\"2261\" data-is-last-node=\"\">paadis\u00f5it Ahja j\u00f5el \u2013 10 \u20ac<\/p>\n<\/li>\n<\/ul>\n<p><\/p>","protected":false},"excerpt":{"rendered":"<p>19.07.2026<\/p>\n","protected":false},"featured_media":8095,"template":"","meta":{"_monsterinsights_skip_tracking":false,"_monsterinsights_sitenote_active":false,"_monsterinsights_sitenote_note":"","_monsterinsights_sitenote_category":0},"_links":{"self":[{"href":"https:\/\/leontravel.ee\/et\/wp-json\/wp\/v2\/product\/7303"}],"collection":[{"href":"https:\/\/leontravel.ee\/et\/wp-json\/wp\/v2\/product"}],"about":[{"href":"https:\/\/leontravel.ee\/et\/wp-json\/wp\/v2\/types\/product"}],"wp:featuredmedia":[{"embeddable":true,"href":"https:\/\/leontravel.ee\/et\/wp-json\/wp\/v2\/media\/8095"}],"wp:attachment":[{"href":"https:\/\/leontravel.ee\/et\/wp-json\/wp\/v2\/media?parent=7303"}],"curies":[{"name":"wp","href":"https:\/\/api.w.org\/{rel}","templated":true}]}}