{"id":7462,"date":"2024-11-27T14:51:45","date_gmt":"2024-11-27T12:51:45","guid":{"rendered":"https:\/\/leontravel.ee\/?post_type=product&#038;p=7462"},"modified":"2026-04-07T13:00:03","modified_gmt":"2026-04-07T10:00:03","slug":"novinka-ostrov-mechty-nedelja-na-majorke","status":"publish","type":"product","link":"https:\/\/leontravel.ee\/et\/tour\/russkij-novinka-ostrov-mechty-nedelja-na-majorke\/","title":{"rendered":"22.08.2026 &#8211; 29.08.2026 Unistuste saar \u2013 MALLORCA"},"content":{"rendered":"<p><\/p>\n<p data-start=\"41\" data-end=\"96\"><strong data-start=\"41\" data-end=\"68\">22.08.2026 \u2013 29.08.2026\u00a0 <\/strong><span style=\"color: #800000;\">m\u00fc\u00fcdunud,\u00a0 ooteleht<\/span><\/p>\n<h4 data-start=\"98\" data-end=\"134\"><strong data-start=\"98\" data-end=\"134\">HIND: <span style=\"color: #800000;\"><del>1389 \u20ac<\/del> <\/span>\/ soodushind 1295 \u20ac<\/strong><\/h4>\n<hr data-start=\"136\" data-end=\"139\" \/>\n<h2 data-start=\"141\" data-end=\"178\">Unistuste saar \u2013 n\u00e4dal Mallorcal<\/h2>\n<p data-start=\"180\" data-end=\"348\">Kui tunned v\u00e4simust linnak\u00e4rast ja igatsed rahu, siis tule saarele, kus elu kulgeb aeglasemalt, kus p\u00e4ike loojub hilja ja meri on alati l\u00e4hedal. See saar on Mallorca.<\/p>\n<p data-start=\"350\" data-end=\"368\">Santiago Rusi\u00f1ol<\/p>\n<p data-start=\"370\" data-end=\"487\">Suplushooaeg Mallorcal algab juuni l\u00f5pus. Selleks ajaks soojeneb meri +22\u2026+24 \u00b0C-ni ning p\u00fcsib m\u00f5nus kuni oktoobrini.<\/p>\n<hr data-start=\"489\" data-end=\"492\" \/>\n<h2 data-start=\"494\" data-end=\"505\">Lennud<\/h2>\n<p data-start=\"507\" data-end=\"584\">Tallinn \u2013 Mallorca <strong>22AUG<\/strong> 06:00\u201309:05<br data-start=\"543\" data-end=\"546\" \/>Mallorca \u2013 Tallinn <strong>28AUG<\/strong> 09:50\u201315:00<\/p>\n<hr data-start=\"586\" data-end=\"589\" \/>\n<h2 data-start=\"591\" data-end=\"603\">1. p\u00e4ev<\/h2>\n<p data-start=\"605\" data-end=\"670\">04:00 kogunemine Tallinna lennujaamas<br data-start=\"642\" data-end=\"645\" \/>Otselennuga 06:00\u201309:05<\/p>\n<p data-start=\"672\" data-end=\"738\">Saabumine Palma de Mallorcasse<br data-start=\"702\" data-end=\"705\" \/>Transfeer 3\u2605 hotelli<br data-start=\"725\" data-end=\"728\" \/>\u00d5htus\u00f6\u00f6k<\/p>\n<p data-start=\"740\" data-end=\"793\">\u00d5htune ujumine v\u00f5i jalutusk\u00e4ik promenaadil<br data-start=\"782\" data-end=\"785\" \/>Puhkus<\/p>\n<hr data-start=\"795\" data-end=\"798\" \/>\n<h2 data-start=\"800\" data-end=\"812\">2. p\u00e4ev<\/h2>\n<p data-start=\"814\" data-end=\"856\">Hommikus\u00f6\u00f6k hotellis<br data-start=\"834\" data-end=\"837\" \/>Puhkus mere \u00e4\u00e4res<\/p>\n<p data-start=\"858\" data-end=\"902\">P\u00e4rastl\u00f5unal bussiekskursioon Palma linnas<\/p>\n<p data-start=\"904\" data-end=\"1025\">Palma asub saare suurimas lahes. Siin kohtuvad kindlusm\u00fc\u00fcrid, araabia arhitektuur, gooti katedraalid ja kitsad t\u00e4navad.<\/p>\n<p data-start=\"1027\" data-end=\"1128\">Jalgsiekskursioon vanalinnas<br data-start=\"1055\" data-end=\"1058\" \/>K\u00fclastame Palma katedraali, mille sisekujunduses osales Antoni Gaud\u00ed<\/p>\n<p data-start=\"1130\" data-end=\"1171\">Tagasis\u00f5it hotelli<br data-start=\"1148\" data-end=\"1151\" \/>\u00d5htus\u00f6\u00f6k ja puhkus<\/p>\n<hr data-start=\"1173\" data-end=\"1176\" \/>\n<h2 data-start=\"1178\" data-end=\"1190\">3. p\u00e4ev<\/h2>\n<p data-start=\"1192\" data-end=\"1245\">Hommikus\u00f6\u00f6k hotellis<br data-start=\"1212\" data-end=\"1215\" \/>Puhkus mere \u00e4\u00e4res<br data-start=\"1232\" data-end=\"1235\" \/>\u00d5htus\u00f6\u00f6k<\/p>\n<hr data-start=\"1247\" data-end=\"1250\" \/>\n<h2 data-start=\"1252\" data-end=\"1264\">4. p\u00e4ev<\/h2>\n<p data-start=\"1266\" data-end=\"1288\">Hommikus\u00f6\u00f6k hotellis<\/p>\n<p data-start=\"1290\" data-end=\"1313\">Suur saareekskursioon<\/p>\n<p data-start=\"1315\" data-end=\"1375\">Marsruut: S\u00f3ller \u2013 Valldemossa \u2013 Sa Foradada \u2013 Son Marroig<\/p>\n<p data-start=\"1377\" data-end=\"1593\">S\u00f3ller on tuntud kui \u201ekuldne org\u201c<br data-start=\"1410\" data-end=\"1413\" \/>S\u00f5idame ajaloolise puidust trammiga Port de S\u00f3llerisse<br data-start=\"1467\" data-end=\"1470\" \/>Valldemossa \u2013 kitsad kivised t\u00e4navad ja lilledega kaunistatud majad<br data-start=\"1537\" data-end=\"1540\" \/>Siin elasid Fr\u00e9d\u00e9ric Chopin ja kirjanik George Sand<\/p>\n<p data-start=\"1595\" data-end=\"1695\">K\u00fclastame Son Marroigi m\u00f5isa ja Sa Foradada neeme vaateplatvormi \u2013 \u00fcht kauneimat paika kogu saarel<\/p>\n<p data-start=\"1697\" data-end=\"1750\">Tagasis\u00f5it hotelli umbes 17:00<br data-start=\"1727\" data-end=\"1730\" \/>\u00d5htus\u00f6\u00f6k ja puhkus<\/p>\n<hr data-start=\"1752\" data-end=\"1755\" \/>\n<h2 data-start=\"1757\" data-end=\"1769\">5. p\u00e4ev<\/h2>\n<p data-start=\"1771\" data-end=\"1813\">Hommikus\u00f6\u00f6k hotellis<br data-start=\"1791\" data-end=\"1794\" \/>Puhkus mere \u00e4\u00e4res<\/p>\n<p data-start=\"1815\" data-end=\"1880\">Soovi korral lisatasu eest p\u00e4ikeseloojangu paadireis<br data-start=\"1867\" data-end=\"1870\" \/>\u00d5htus\u00f6\u00f6k<\/p>\n<hr data-start=\"1882\" data-end=\"1885\" \/>\n<h2 data-start=\"1887\" data-end=\"1899\">6. p\u00e4ev<\/h2>\n<p data-start=\"1901\" data-end=\"1923\">Hommikus\u00f6\u00f6k hotellis<\/p>\n<p data-start=\"1925\" data-end=\"2008\">Ekskursioon Draakoni koobastesse (lisatasu 45 \u20ac grupi suurusel alates 20 inimest)<\/p>\n<p data-start=\"2010\" data-end=\"2191\">Cuevas del Drach on \u00fcks Mallorca kuulsamaid loodusimesid<br data-start=\"2066\" data-end=\"2069\" \/>Neli omavahel \u00fchendatud koobast<br data-start=\"2100\" data-end=\"2103\" \/>\u00dcks maailma suurimaid maa-aluseid j\u00e4rvi<br data-start=\"2142\" data-end=\"2145\" \/>Muljetavaldavad stalaktiidid ja stalagmiidid<\/p>\n<p data-start=\"2193\" data-end=\"2234\">Tagasis\u00f5it hotelli<br data-start=\"2211\" data-end=\"2214\" \/>\u00d5htus\u00f6\u00f6k ja puhkus<\/p>\n<hr data-start=\"2236\" data-end=\"2239\" \/>\n<h2 data-start=\"2241\" data-end=\"2253\">7. p\u00e4ev<\/h2>\n<p data-start=\"2255\" data-end=\"2317\">Hommikus\u00f6\u00f6k hotellis<br data-start=\"2275\" data-end=\"2278\" \/>Puhkus mere \u00e4\u00e4res<br data-start=\"2295\" data-end=\"2298\" \/>\u00d5htus\u00f6\u00f6k hotellis<\/p>\n<hr data-start=\"2319\" data-end=\"2322\" \/>\n<h2 data-start=\"2324\" data-end=\"2336\">8. p\u00e4ev<\/h2>\n<p data-start=\"2338\" data-end=\"2404\">Hommikus\u00f6\u00f6k hotellis<br data-start=\"2358\" data-end=\"2361\" \/>Tubade vabastamine<br data-start=\"2379\" data-end=\"2382\" \/>Transfeer lennujaama<\/p>\n<p data-start=\"2406\" data-end=\"2440\">Otselennuga Tallinna 09:50\u201315:00<\/p>\n<hr data-start=\"2442\" data-end=\"2445\" \/>\n<h2 data-start=\"2447\" data-end=\"2462\">Hinna sees<\/h2>\n<p data-start=\"2464\" data-end=\"2649\">Lennupiletid<br data-start=\"2476\" data-end=\"2479\" \/>K\u00e4sipagas kuni 8 kg ja registreeritud pagas 23 kg<br data-start=\"2528\" data-end=\"2531\" \/>Majutus 8 p\u00e4eva \/ 7 \u00f6\u00f6d<br data-start=\"2554\" data-end=\"2557\" \/>Hommikus\u00f6\u00f6gid ja \u00f5htus\u00f6\u00f6gid<br data-start=\"2584\" data-end=\"2587\" \/>Transfeerid<br data-start=\"2598\" data-end=\"2601\" \/>Ekskursiooniprogramm koos sissep\u00e4\u00e4supiletitega<\/p>\n<hr data-start=\"2651\" data-end=\"2654\" \/>\n<h2 data-start=\"2656\" data-end=\"2674\">Lisatasu eest<\/h2>\n<p data-start=\"2676\" data-end=\"2735\">P\u00e4ikeseloojangu paadireis<br data-start=\"2701\" data-end=\"2704\" \/>Draakoni koobaste ekskursioon<\/p>\n<hr data-start=\"2737\" data-end=\"2740\" \/>\n<h2 data-start=\"2742\" data-end=\"2765\">Kohapeal tasutakse<\/h2>\n<p data-start=\"2767\" data-end=\"2849\">Linnamaks hotellis umbes 2,30 \u20ac inimese kohta p\u00e4evas<br data-start=\"2819\" data-end=\"2822\" \/>Alla 16-aastastele tasuta<\/p>\n<p data-start=\"2851\" data-end=\"2940\" data-is-last-node=\"\" data-is-only-node=\"\">\u00dcheinimesetoa lisatasu alates 250\u2013390 \u20ac p\u00e4ringu alusel<br data-start=\"2905\" data-end=\"2908\" \/>Raadiogiidid kogu perioodiks 8 \u20ac<\/p>\n<div class=\"text-base my-auto mx-auto [--thread-content-margin:--spacing(4)] @w-sm\/main:[--thread-content-margin:--spacing(6)] @w-lg\/main:[--thread-content-margin:--spacing(16)] px-(--thread-content-margin)\">\n<div class=\"[--thread-content-max-width:40rem] @w-lg\/main:[--thread-content-max-width:48rem] mx-auto max-w-(--thread-content-max-width) flex-1 group\/turn-messages focus-visible:outline-hidden relative flex w-full min-w-0 flex-col agent-turn\" tabindex=\"-1\">\n<div class=\"flex max-w-full flex-col grow\">\n<div class=\"min-h-8 text-message relative flex w-full flex-col items-end gap-2 text-start break-words whitespace-normal [.text-message+&amp;]:mt-1\" dir=\"auto\" data-message-author-role=\"assistant\" data-message-id=\"6f98a0ad-b131-4f4a-a62a-5a55ebb86dc2\" data-message-model-slug=\"gpt-5-2\">\n<div class=\"flex w-full flex-col gap-1 empty:hidden first:pt-[1px]\">\n<div class=\"markdown prose dark:prose-invert w-full wrap-break-word light markdown-new-styling\">\n<p data-start=\"3318\" data-end=\"3357\" data-is-last-node=\"\" data-is-only-node=\"\"><strong>K\u00f5ik ekskursioonid toimuvad vene keeles<\/strong><\/p>\n<\/div>\n<\/div>\n<\/div>\n<\/div>\n<div class=\"z-0 flex min-h-[46px] justify-start\"><\/div>\n<\/div>\n<\/div>\n<p><\/p>","protected":false},"excerpt":{"rendered":"<p><strong>22.08.2026 \u2013 29.08.2026\u00a0<\/strong> <span style=\"color: #800000;\">m\u00fc\u00fcdunud, ooteleht<\/span><\/p>\n","protected":false},"featured_media":7463,"template":"","meta":{"_monsterinsights_skip_tracking":false,"_monsterinsights_sitenote_active":false,"_monsterinsights_sitenote_note":"","_monsterinsights_sitenote_category":0},"_links":{"self":[{"href":"https:\/\/leontravel.ee\/et\/wp-json\/wp\/v2\/product\/7462"}],"collection":[{"href":"https:\/\/leontravel.ee\/et\/wp-json\/wp\/v2\/product"}],"about":[{"href":"https:\/\/leontravel.ee\/et\/wp-json\/wp\/v2\/types\/product"}],"wp:featuredmedia":[{"embeddable":true,"href":"https:\/\/leontravel.ee\/et\/wp-json\/wp\/v2\/media\/7463"}],"wp:attachment":[{"href":"https:\/\/leontravel.ee\/et\/wp-json\/wp\/v2\/media?parent=7462"}],"curies":[{"name":"wp","href":"https:\/\/api.w.org\/{rel}","templated":true}]}}