{"id":7516,"date":"2025-01-17T12:57:54","date_gmt":"2025-01-17T10:57:54","guid":{"rendered":"https:\/\/leontravel.ee\/?post_type=product&#038;p=7516"},"modified":"2026-02-20T17:40:11","modified_gmt":"2026-02-20T15:40:11","slug":"7516","status":"publish","type":"product","link":"https:\/\/leontravel.ee\/et\/tour\/7516\/","title":{"rendered":"30.07.2026 \u2013 02.08.2026  Kuld\u012bga \u2013 Ventspils \u2013 Liep\u0101ja"},"content":{"rendered":"<p><\/p>\n<h2 data-start=\"276\" data-end=\"310\">Kuld\u012bga \u2013 Ventspils \u2013 Liep\u0101ja<\/h2>\n<h3 data-start=\"311\" data-end=\"347\">T\u00e4histame Ventspilsi linna p\u00e4eva<\/h3>\n<p data-start=\"349\" data-end=\"506\">Ventspils on lillede ja purskkaevude linn. T\u00e4navatel tervitavad meid v\u00e4rvilised lehmakujud, lillekompositsioonid ning pargid ja v\u00e4ljakud, mis on t\u00e4is \u00f5isi.<\/p>\n<p data-start=\"508\" data-end=\"557\">Pidup\u00e4ev l\u00f5peb \u00f5htuse ilutulestikuga promenaadil.<\/p>\n<p data-start=\"559\" data-end=\"602\"><strong>30.07.2026 \u2013 02.08.2026<\/strong><br data-start=\"582\" data-end=\"585\" \/>4 p\u00e4eva \/ 3 \u00f6\u00f6d<\/p>\n<h4 data-start=\"604\" data-end=\"633\"><strong>Reisi hind: 325 \u20ac \/ inimene<\/strong><\/h4>\n<hr data-start=\"635\" data-end=\"638\" \/>\n<h2 data-start=\"640\" data-end=\"650\">1. p\u00e4ev<\/h2>\n<p data-start=\"652\" data-end=\"729\">05:30 v\u00e4ljas\u00f5it Tallinnast<br data-start=\"678\" data-end=\"681\" \/>Peatus Iklas<br data-start=\"693\" data-end=\"696\" \/>L\u00f5unas\u00f6\u00f6k Lidos (lisatasu eest)<\/p>\n<p data-start=\"731\" data-end=\"788\">Saabumine Kuld\u012bgasse, mida nimetatakse L\u00e4ti Veneetsiaks<\/p>\n<p data-start=\"790\" data-end=\"1110\">Kuld\u012bgat peetakse \u00f5igustatult \u00fcheks kaunimaks linnaks L\u00e4tis.<br data-start=\"850\" data-end=\"853\" \/>T\u00e4navate planeering on t\u00fc\u00fcpiline keskaegsele linnale. Kuld\u012bgas on filmitud palju L\u00e4\u00e4ne-Euroopat ja keskaega kujutavaid filme. Linn on p\u00e4\u00e4senud suurematest h\u00e4vingutest s\u00f5dade ja tulekahjude ajal ning siin on s\u00e4ilinud 16.\u201317. sajandi algup\u00e4rane arhitektuur.<\/p>\n<p data-start=\"1112\" data-end=\"1320\">Vaatamata v\u00e4ikesele suurusele leidub siin palju \u00fcllatavat: \u201elendav kala\u201c, Euroopa \u00fcks laiemaid jugasid, Rooma stiilis tellissild. Kuld\u012bga \u00fcmbruses on ka naftapuurtorn, koopalab\u00fcrint, vanad lossid ja m\u00f5isad.<\/p>\n<p data-start=\"1322\" data-end=\"1382\">Saabumine Liep\u0101jasse<br data-start=\"1342\" data-end=\"1345\" \/>\u00d5htune jalutusk\u00e4ik suvises Liep\u0101jas<\/p>\n<p data-start=\"1384\" data-end=\"1444\">Majutus 3\u2605+ hotellis (linna keskuses)<br data-start=\"1421\" data-end=\"1424\" \/>Vaba aeg ja puhkus<\/p>\n<hr data-start=\"1446\" data-end=\"1449\" \/>\n<h2 data-start=\"1451\" data-end=\"1461\">2. p\u00e4ev<\/h2>\n<p data-start=\"1463\" data-end=\"1485\">Hommikus\u00f6\u00f6k hotellis<\/p>\n<p data-start=\"1487\" data-end=\"1520\">Liep\u0101ja on meri ja meri on rand<\/p>\n<p data-start=\"1522\" data-end=\"1549\">Linnaekskursioon Liep\u0101jas<\/p>\n<p data-start=\"1551\" data-end=\"1952\">L\u00e4ti suuruselt kolmandat linna Liep\u0101jat kutsutakse \u201ekohaks, kus s\u00fcnnib tuul\u201c. Siit leitakse rannast merevaigut\u00fckikesi, millest tehakse kuulsad merevaigust ehted. Paljud paigad ja arhitektuur on seotud Vene impeeriumi ajalooga: majake, kus k\u00e4is Peeter I, vanad sillutised ja puhkealad, kus viibisid kuningliku perekonna liikmed. Samas on Liep\u0101ja t\u00e4nap\u00e4evane linn, kus on palju kohvikuid ja restorane.<\/p>\n<p data-start=\"1954\" data-end=\"2017\">\u00d5htul s\u00f5it Ventspilsi<br data-start=\"1975\" data-end=\"1978\" \/>Majutus 3\u2605+ hotellis (linna keskuses)<\/p>\n<hr data-start=\"2019\" data-end=\"2022\" \/>\n<h2 data-start=\"2024\" data-end=\"2034\">3. p\u00e4ev<\/h2>\n<p data-start=\"2036\" data-end=\"2058\">Hommikus\u00f6\u00f6k hotellis<\/p>\n<p data-start=\"2060\" data-end=\"2297\">Ventspilsi s\u00fcnnip\u00e4eva pidustused<br data-start=\"2092\" data-end=\"2095\" \/>Anna t\u00e4nava \u00f5u ja vanalinna piirkond \u2013 loomingulised tegevused, v\u00e4ike laat, vin\u00fc\u00fclplaatide m\u00fc\u00fck, t\u00e4navatsirkus, muusikaprogrammid, eriline kohv ning erinevad maitseelamused nii suurtele kui v\u00e4ikestele<\/p>\n<p data-start=\"2299\" data-end=\"2340\">Vaba aeg linnas<br data-start=\"2314\" data-end=\"2317\" \/>Puhkus ja \u00f6\u00f6 hotellis<\/p>\n<hr data-start=\"2342\" data-end=\"2345\" \/>\n<h2 data-start=\"2347\" data-end=\"2357\">4. p\u00e4ev<\/h2>\n<p data-start=\"2359\" data-end=\"2402\">Hommikus\u00f6\u00f6k hotellis<br data-start=\"2379\" data-end=\"2382\" \/>Tubade vabastamine<\/p>\n<p data-start=\"2404\" data-end=\"2434\">Linnaekskursioon Ventspilsis<\/p>\n<p data-start=\"2436\" data-end=\"2632\">N\u00e4eme vanalinna, Liivi ordu lossi, ol\u00fcmpiakeskust, Ostase t\u00e4nava promenaadi, Raekoja platsi ja turuplatsi, kus k\u00f5rgub kariljoni ja kellaga torn, kirikuid ning Ventspilsi populaarseid \u201elehmakesi\u201c<\/p>\n<p data-start=\"2634\" data-end=\"2700\">Vaba aeg, l\u00f5unas\u00f6\u00f6k omal soovil<br data-start=\"2665\" data-end=\"2668\" \/>\u00d5htus\u00f6\u00f6k Lidos (lisatasu eest)<\/p>\n<p data-start=\"2702\" data-end=\"2748\">Saabumine Tallinna orienteeruvalt kell 23:00<\/p>\n<hr data-start=\"2750\" data-end=\"2753\" \/>\n<h2 data-start=\"2755\" data-end=\"2768\">Hinna sees<\/h2>\n<p data-start=\"2770\" data-end=\"2913\">Reisisaatja teenus<br data-start=\"2788\" data-end=\"2791\" \/>S\u00f5it mugava bussiga<br data-start=\"2810\" data-end=\"2813\" \/>3 \u00f6\u00f6d hotellides Liep\u0101jas ja Ventspilsis koos hommikus\u00f6\u00f6giga<br data-start=\"2873\" data-end=\"2876\" \/>Ekskursioonid vastavalt programmile<\/p>\n<hr data-start=\"2915\" data-end=\"2918\" \/>\n<h2 data-start=\"2920\" data-end=\"2936\">Lisatasu eest<\/h2>\n<p data-start=\"2938\" data-end=\"2992\">L\u00f5una- ja \u00f5htus\u00f6\u00f6gid<br data-start=\"2958\" data-end=\"2961\" \/>\u00dchekohalise toa lisatasu 35 \u20ac<\/p>\n<p data-start=\"2938\" data-end=\"2992\"><strong>Ekskursioonid toimuvad vene keeles<\/strong><\/p>\n<p><\/p>","protected":false},"excerpt":{"rendered":"<p><strong>30.07.2026 \u2013 02.08.2026<\/strong><\/p>\n","protected":false},"featured_media":7517,"template":"","meta":{"_monsterinsights_skip_tracking":false,"_monsterinsights_sitenote_active":false,"_monsterinsights_sitenote_note":"","_monsterinsights_sitenote_category":0},"_links":{"self":[{"href":"https:\/\/leontravel.ee\/et\/wp-json\/wp\/v2\/product\/7516"}],"collection":[{"href":"https:\/\/leontravel.ee\/et\/wp-json\/wp\/v2\/product"}],"about":[{"href":"https:\/\/leontravel.ee\/et\/wp-json\/wp\/v2\/types\/product"}],"wp:featuredmedia":[{"embeddable":true,"href":"https:\/\/leontravel.ee\/et\/wp-json\/wp\/v2\/media\/7517"}],"wp:attachment":[{"href":"https:\/\/leontravel.ee\/et\/wp-json\/wp\/v2\/media?parent=7516"}],"curies":[{"name":"wp","href":"https:\/\/api.w.org\/{rel}","templated":true}]}}