{"id":7548,"date":"2025-02-13T15:45:41","date_gmt":"2025-02-13T13:45:41","guid":{"rendered":"https:\/\/leontravel.ee\/?post_type=product&#038;p=7548"},"modified":"2026-02-23T20:13:48","modified_gmt":"2026-02-23T18:13:48","slug":"svidanie-s-polshej-zolotoe-trehgrade-polshi-gdynja-sopot-gdansk-olshtyn-torun-malbork","status":"publish","type":"product","link":"https:\/\/leontravel.ee\/et\/tour\/russkij-svidanie-s-polshej-zolotoe-trehgrade-polshi-gdynja-sopot-gdansk-olshtyn-torun-malbork\/","title":{"rendered":"19.08.2026 \u2013 23.08.2026 Kohtumine Poolaga. Poola kuldne Kolmiklinn: Gdynia \u2013 Sopot \u2013 Gda\u0144sk"},"content":{"rendered":"<p><\/p>\n<h2 data-start=\"0\" data-end=\"22\">Kohtumine Poolaga<\/h2>\n<p data-start=\"24\" data-end=\"110\">Poola kuldne Kolmiklinn: Gdynia \u2013 Sopot \u2013 Gda\u0144sk<br data-start=\"72\" data-end=\"75\" \/>Lisaks: Olsztyn \u2013 Toru\u0144 \u2013 Malbork<\/p>\n<p data-start=\"112\" data-end=\"129\">5 p\u00e4eva \/ 4 \u00f6\u00f6d<\/p>\n<p><strong>19.08.2026 \u2013 23.08.2026<\/strong><\/p>\n<p>&nbsp;<\/p>\n<h4 data-start=\"158\" data-end=\"210\">Reisi hind: <del>515 \u20ac<\/del> <span style=\"color: #800000;\">498 \u20ac<\/span> inimese kohta kaheses toas<\/h4>\n<p data-start=\"212\" data-end=\"359\">Ida-Pommeri \u2013 romantiliselt laotunud Balti mere valgele liivarannale<br data-start=\"280\" data-end=\"283\" \/>Siin kohtuvad arhitektuur, ajalugu, \u201emarsilikud\u201c maastikud ja muidugi meri<\/p>\n<hr data-start=\"361\" data-end=\"364\" \/>\n<h2 data-start=\"366\" data-end=\"391\">1. p\u00e4ev \u2013 20. august<\/h2>\n<p data-start=\"393\" data-end=\"421\">06:00 v\u00e4ljas\u00f5it Tallinnast<\/p>\n<p data-start=\"423\" data-end=\"490\">S\u00f5it l\u00e4bi L\u00e4ti, Leedu ja Poola<br data-start=\"453\" data-end=\"456\" \/>Kohvipausid teel (lisatasu eest)<\/p>\n<p data-start=\"492\" data-end=\"543\">Saabumine Poolasse<br data-start=\"510\" data-end=\"513\" \/>Majutus 3\u2605 hotellis<br data-start=\"532\" data-end=\"535\" \/>Puhkus<\/p>\n<hr data-start=\"545\" data-end=\"548\" \/>\n<h2 data-start=\"550\" data-end=\"575\">2. p\u00e4ev \u2013 21. august<\/h2>\n<p data-start=\"577\" data-end=\"599\">Hommikus\u00f6\u00f6k hotellis<\/p>\n<p data-start=\"601\" data-end=\"624\">Ekskursioon Olsztynis<\/p>\n<p data-start=\"626\" data-end=\"856\">Olsztyn on P\u00f5hja-Poola p\u00e4rl, mis asub roheliste k\u00fcngaste ja j\u00e4rvede keskel<br data-start=\"700\" data-end=\"703\" \/>Jalutusk\u00e4ik vanalinna t\u00e4navatel viib teid ajas tagasi<br data-start=\"756\" data-end=\"759\" \/>Gooti stiilis P\u00fcha Jaakobuse katedraal<br data-start=\"797\" data-end=\"800\" \/>Piiskoppide loss, kus ajalugu ja legendid \u00e4rkavad ellu<\/p>\n<p data-start=\"858\" data-end=\"881\">Vaba aeg l\u00f5unas\u00f6\u00f6giks<\/p>\n<p data-start=\"883\" data-end=\"921\">S\u00f5it Toru\u0144i<br data-start=\"894\" data-end=\"897\" \/>Esimene tutvus linnaga<\/p>\n<p data-start=\"923\" data-end=\"1177\">Toru\u0144 on \u00fcks Poola kauneimaid ja ajaloolisemaid linnu Vis\u0142a j\u00f5e kaldal<br data-start=\"993\" data-end=\"996\" \/>Linn on tuntud keskaegse arhitektuuri ja kuulsa elaniku Nikolaus Kopernikuse poolest<br data-start=\"1080\" data-end=\"1083\" \/>Toru\u0144 on kuulus oma piparkookide poolest, mida valmistatakse siin juba alates XIII sajandist<\/p>\n<p data-start=\"1179\" data-end=\"1211\">Majutus 3\u2605 hotellis<br data-start=\"1198\" data-end=\"1201\" \/>Vaba aeg<\/p>\n<hr data-start=\"1213\" data-end=\"1216\" \/>\n<h2 data-start=\"1218\" data-end=\"1243\">3. p\u00e4ev \u2013 22. august<\/h2>\n<p data-start=\"1245\" data-end=\"1267\">Hommikus\u00f6\u00f6k hotellis<\/p>\n<p data-start=\"1269\" data-end=\"1328\">S\u00f5it L\u00e4\u00e4nemere rannikule, kuulsasse Kolmiklinna piirkonda<\/p>\n<p data-start=\"1330\" data-end=\"1418\">Programmis kas Oliwa v\u00f5i Gdynia<br data-start=\"1361\" data-end=\"1364\" \/>Saame teada, kuidas kalurik\u00fclast kujunes Gdynia linn<\/p>\n<p data-start=\"1420\" data-end=\"1559\">Gdynia on Gda\u0144ski noorem vend<br data-start=\"1449\" data-end=\"1452\" \/>Koos Sopotiga moodustavad nad aglomeratsiooni nimega Tr\u00f3jmiasto<br data-start=\"1515\" data-end=\"1518\" \/>Igal linnal on oma iseloom ja atmosf\u00e4\u00e4r<\/p>\n<p data-start=\"1561\" data-end=\"1577\">S\u00f5it Sopotisse<\/p>\n<p data-start=\"1579\" data-end=\"1764\">Sopot on tuntud oma muusikafestivalide, pika muuli ja elegantsete villade poolest<br data-start=\"1660\" data-end=\"1663\" \/>Linn peegeldab 20. sajandi eliitset eluviisi<br data-start=\"1707\" data-end=\"1710\" \/>Kaunid ajaloolised villad ja nooruslik, elav \u00f5hkkond<\/p>\n<p data-start=\"1766\" data-end=\"1798\">Majutus 3\u2605 hotellis<br data-start=\"1785\" data-end=\"1788\" \/>Vaba aeg<\/p>\n<hr data-start=\"1800\" data-end=\"1803\" \/>\n<h2 data-start=\"1805\" data-end=\"1830\">4. p\u00e4ev \u2013 23. august<\/h2>\n<p data-start=\"1832\" data-end=\"1854\">Hommikus\u00f6\u00f6k hotellis<\/p>\n<p data-start=\"1856\" data-end=\"1871\">S\u00f5it Malborki<\/p>\n<p data-start=\"1873\" data-end=\"2020\">Malborki loss on UNESCO maailmap\u00e4randi nimistus<br data-start=\"1920\" data-end=\"1923\" \/>Teutooni r\u00fc\u00fctlite rajatud kindlus<br data-start=\"1956\" data-end=\"1959\" \/>Loss asub Nogati j\u00f5e kaldal ja n\u00e4eb v\u00e4lja nagu muinasjutust<\/p>\n<p data-start=\"2022\" data-end=\"2092\">Seej\u00e4rel k\u00fclastame Pommeri vojevoodkonna kuldset pealinna \u2013 Gda\u0144skit<\/p>\n<p data-start=\"2094\" data-end=\"2227\">Gda\u0144sk on \u00fcks Poola kauneimaid ajaloolisi linnu<br data-start=\"2141\" data-end=\"2144\" \/>Vanalinn lummab oma arhitektuuri, v\u00e4rviliste fassaadide ja mere\u00e4\u00e4rse atmosf\u00e4\u00e4riga<\/p>\n<p data-start=\"2229\" data-end=\"2253\">S\u00f5it hotelli<br data-start=\"2241\" data-end=\"2244\" \/>Majutus<\/p>\n<hr data-start=\"2255\" data-end=\"2258\" \/>\n<h2 data-start=\"2260\" data-end=\"2285\">5. p\u00e4ev \u2013 24. august<\/h2>\n<p data-start=\"2287\" data-end=\"2318\">Varajane hommikus\u00f6\u00f6k hotellis<\/p>\n<p data-start=\"2320\" data-end=\"2341\">V\u00e4ljas\u00f5it hotellist<\/p>\n<p data-start=\"2343\" data-end=\"2384\">Tagasis\u00f5it Eestisse kohvipausidega teel<\/p>\n<p data-start=\"2386\" data-end=\"2417\">Saabumine Tallinna hilis\u00f5htul<\/p>\n<hr data-start=\"2419\" data-end=\"2422\" \/>\n<h3 data-start=\"2424\" data-end=\"2440\">Hinna sees<\/h3>\n<p data-start=\"2442\" data-end=\"2589\">Reisisaatja teenus<br data-start=\"2460\" data-end=\"2463\" \/>S\u00f5it mugava bussiga<br data-start=\"2482\" data-end=\"2485\" \/>4 \u00f6\u00f6d hotellides Poolas koos hommikus\u00f6\u00f6kidega<br data-start=\"2530\" data-end=\"2533\" \/>Ekskursioonid vastavalt programmile kohalike giididega<\/p>\n<hr data-start=\"2591\" data-end=\"2594\" \/>\n<h3 data-start=\"2596\" data-end=\"2615\">Lisatasu eest<\/h3>\n<p data-start=\"2617\" data-end=\"2639\">L\u00f5una- ja \u00f5htus\u00f6\u00f6gid<\/p>\n<p data-start=\"2641\" data-end=\"2732\">Reisib\u00fcroo j\u00e4tab endale \u00f5iguse teha programmis muudatusi ilma programmi mahtu v\u00e4hendamata<\/p>\n<p data-start=\"2734\" data-end=\"2768\" data-is-last-node=\"\" data-is-only-node=\"\"><strong>Ekskursioonid toimuvad vene keeles<\/strong><\/p>\n<p><\/p>","protected":false},"excerpt":{"rendered":"<p><strong>19.08.2026 \u2013 23.08.2026<\/strong><\/p>\n","protected":false},"featured_media":7549,"template":"","meta":{"_monsterinsights_skip_tracking":false,"_monsterinsights_sitenote_active":false,"_monsterinsights_sitenote_note":"","_monsterinsights_sitenote_category":0},"_links":{"self":[{"href":"https:\/\/leontravel.ee\/et\/wp-json\/wp\/v2\/product\/7548"}],"collection":[{"href":"https:\/\/leontravel.ee\/et\/wp-json\/wp\/v2\/product"}],"about":[{"href":"https:\/\/leontravel.ee\/et\/wp-json\/wp\/v2\/types\/product"}],"wp:featuredmedia":[{"embeddable":true,"href":"https:\/\/leontravel.ee\/et\/wp-json\/wp\/v2\/media\/7549"}],"wp:attachment":[{"href":"https:\/\/leontravel.ee\/et\/wp-json\/wp\/v2\/media?parent=7548"}],"curies":[{"name":"wp","href":"https:\/\/api.w.org\/{rel}","templated":true}]}}