{"id":7658,"date":"2025-08-22T16:19:41","date_gmt":"2025-08-22T13:19:41","guid":{"rendered":"https:\/\/leontravel.ee\/?post_type=product&#038;p=7658"},"modified":"2026-03-25T17:41:47","modified_gmt":"2026-03-25T15:41:47","slug":"istoricheskoe-chudo-juga-italii-bari-regiony-apulija-i-bazilikata-2","status":"publish","type":"product","link":"https:\/\/leontravel.ee\/et\/tour\/russkij-istoricheskoe-chudo-juga-italii-bari-regiony-apulija-i-bazilikata-2\/","title":{"rendered":"20.05.2026 \u2013 26.05.2026 L\u00d5UNA-ITAALIA AJALOOLINE IME Bari, Apuulia ja Basilicata"},"content":{"rendered":"<p><\/p>\n<h4 data-start=\"0\" data-end=\"28\">20.05.2026 \u2013 26.05.2026\u00a0 <span style=\"color: #800000;\">Garanteeritud v\u00e4ljumine<\/span><\/h4>\n<h4 data-start=\"29\" data-end=\"62\">L\u00d5UNA-ITAALIA AJALOOLINE IME\u00a0 Bari, Apuulia ja Basilicata<\/h4>\n<p data-start=\"121\" data-end=\"168\">Unikaalne reis Itaalia \u201esaapakanna\u201c s\u00fcdamesse<\/p>\n<p data-start=\"170\" data-end=\"300\">See reis annab v\u00f5imaluse avastada v\u00e4hemk\u00fclastatud, kuid erakordselt kauneid ja kultuuriliselt rikkalikke L\u00f5una-Itaalia piirkondi<\/p>\n<p data-start=\"302\" data-end=\"408\">Bari on Apuulia v\u00e4rav \u2013 linn, kus kohtuvad keskaegsed kirikud, kitsad vanalinna t\u00e4navad ja kaasaegne elu<\/p>\n<p data-start=\"410\" data-end=\"532\">Apuulia on tuntud oma puutumatute randade, iidsete k\u00fclade ja UNESCO nimekirja kuuluvate Alberobello trullimajade poolest<\/p>\n<p data-start=\"534\" data-end=\"685\">Basilicata on v\u00e4heavastatud piirkond, kus asub maailmakuulus Sassi di Matera \u2013 kaljusse rajatud asulad, mis kuuluvad UNESCO maailmap\u00e4randi nimistusse<\/p>\n<p data-start=\"687\" data-end=\"767\">Kohalik k\u00f6\u00f6k pakub v\u00e4rskeid mereande, pastat, oliivi\u00f5li ja piirkondlikke veine<\/p>\n<p data-start=\"769\" data-end=\"866\">Marsruut v\u00f5imaldab v\u00e4ltida massiturismi ning kogeda Itaaliat selle eheduses ja rahulikus tempos<\/p>\n<hr data-start=\"868\" data-end=\"871\" \/>\n<h3 data-start=\"873\" data-end=\"896\">Reisi hind <del>1290 \u20ac<\/del>\u00a0 \u00a0<span style=\"color: #800000;\">1199\u20ac<\/span><\/h3>\n<p data-start=\"898\" data-end=\"906\">Lennud<\/p>\n<p data-start=\"908\" data-end=\"1023\">20 MAY TLL\u2013IST 12:35\u201316:20<br data-start=\"934\" data-end=\"937\" \/>20 MAY IST\u2013BRI 18:20\u201319:30<br data-start=\"963\" data-end=\"966\" \/>26 MAY BRI\u2013IST 08:50\u201312:00<br data-start=\"992\" data-end=\"995\" \/>26 MAY IST\u2013TLL 15:10\u201318:40<\/p>\n<hr data-start=\"1025\" data-end=\"1028\" \/>\n<h2 data-start=\"1030\" data-end=\"1055\">1. p\u00e4ev \u2013 20.05.2026<\/h2>\n<p data-start=\"1057\" data-end=\"1186\">Lend Tallinn\u2013Bari\u00a0<br data-start=\"1101\" data-end=\"1104\" \/>Saabumine Barisse<br data-start=\"1121\" data-end=\"1124\" \/>Majutus 3*\u20134* hotellis Baris v\u00f5i selle l\u00e4hi\u00fcmbruses<br data-start=\"1175\" data-end=\"1178\" \/>Puhkus<\/p>\n<hr data-start=\"1188\" data-end=\"1191\" \/>\n<h2 data-start=\"1193\" data-end=\"1218\">2. p\u00e4ev \u2013 21.05.2026<\/h2>\n<p data-start=\"1219\" data-end=\"1225\">Bari<\/p>\n<p data-start=\"1227\" data-end=\"1249\">Hommikus\u00f6\u00f6k hotellis<\/p>\n<p data-start=\"1251\" data-end=\"1275\">Linnaekskursioon Baris<\/p>\n<p data-start=\"1277\" data-end=\"1423\">Castello Normanno-Svevo<br data-start=\"1300\" data-end=\"1303\" \/>Vanalinn Bari Vecchia<br data-start=\"1324\" data-end=\"1327\" \/>P\u00fcha Sabinuse katedraal<br data-start=\"1350\" data-end=\"1353\" \/>P\u00fcha Nikolause basiilika<br data-start=\"1377\" data-end=\"1380\" \/>Ferrari v\u00e4ljak<br data-start=\"1394\" data-end=\"1397\" \/>Pikk mere\u00e4\u00e4rne promenaad<\/p>\n<p data-start=\"1425\" data-end=\"1456\">Vaba aeg<br data-start=\"1433\" data-end=\"1436\" \/>Tagasis\u00f5it hotelli<\/p>\n<hr data-start=\"1458\" data-end=\"1461\" \/>\n<h2 data-start=\"1463\" data-end=\"1488\">3. p\u00e4ev \u2013 22.05.2026<\/h2>\n<p data-start=\"1489\" data-end=\"1522\">Alberobello ja Polignano a Mare<\/p>\n<p data-start=\"1524\" data-end=\"1537\">Hommikus\u00f6\u00f6k<\/p>\n<p data-start=\"1539\" data-end=\"1639\">S\u00f5it Alberobellosse<br data-start=\"1558\" data-end=\"1561\" \/>Kuulsad valged trullimajad koonusekujuliste katustega<br data-start=\"1614\" data-end=\"1617\" \/>UNESCO maailmap\u00e4rand<\/p>\n<p data-start=\"1641\" data-end=\"1728\">Edasi Polignano a Mare<br data-start=\"1663\" data-end=\"1666\" \/>Kaljud Adriamere kohal<br data-start=\"1688\" data-end=\"1691\" \/>Matrice kirik<br data-start=\"1704\" data-end=\"1707\" \/>Torre dell\u2019Orologio<\/p>\n<p data-start=\"1730\" data-end=\"1761\">Tagasis\u00f5it hotelli<br data-start=\"1748\" data-end=\"1751\" \/>\u00d6\u00f6bimine<\/p>\n<hr data-start=\"1763\" data-end=\"1766\" \/>\n<h2 data-start=\"1768\" data-end=\"1793\">4. p\u00e4ev \u2013 23.05.2026<\/h2>\n<p data-start=\"1794\" data-end=\"1813\">Lecce ja Brindisi<\/p>\n<p data-start=\"1815\" data-end=\"1828\">Hommikus\u00f6\u00f6k<\/p>\n<p data-start=\"1830\" data-end=\"1949\">S\u00f5it Lecce\u2019sse<br data-start=\"1844\" data-end=\"1847\" \/>Barokkarhitektuuri p\u00e4rl<br data-start=\"1870\" data-end=\"1873\" \/>Santa Croce basiilika<br data-start=\"1894\" data-end=\"1897\" \/>San Giovanni Battista basiilika<br data-start=\"1928\" data-end=\"1931\" \/>P\u00fcha Irene kirik<\/p>\n<p data-start=\"1951\" data-end=\"2013\">Tagasiteel peatus Brindisis<br data-start=\"1978\" data-end=\"1981\" \/>Promenaad ja ajalooline keskus<\/p>\n<p data-start=\"2015\" data-end=\"2035\">Tagasis\u00f5it hotelli<\/p>\n<hr data-start=\"2037\" data-end=\"2040\" \/>\n<h2 data-start=\"2042\" data-end=\"2067\">5. p\u00e4ev \u2013 24.05.2026<\/h2>\n<p data-start=\"2068\" data-end=\"2076\">Matera<\/p>\n<p data-start=\"2078\" data-end=\"2091\">Hommikus\u00f6\u00f6k<\/p>\n<p data-start=\"2093\" data-end=\"2109\">S\u00f5it Materasse<\/p>\n<p data-start=\"2111\" data-end=\"2163\">Sassi di Matera kaljuelamud<br data-start=\"2138\" data-end=\"2141\" \/>UNESCO maailmap\u00e4rand<\/p>\n<p data-start=\"2165\" data-end=\"2219\">Matera katedraal<br data-start=\"2181\" data-end=\"2184\" \/>Santa Maria della Rosa kaljukirik<\/p>\n<p data-start=\"2221\" data-end=\"2252\">Tagasis\u00f5it hotelli<br data-start=\"2239\" data-end=\"2242\" \/>Vaba aeg<\/p>\n<hr data-start=\"2254\" data-end=\"2257\" \/>\n<h2 data-start=\"2259\" data-end=\"2284\">6. p\u00e4ev \u2013 25.05.2026<\/h2>\n<p data-start=\"2286\" data-end=\"2299\">Hommikus\u00f6\u00f6k<\/p>\n<p data-start=\"2301\" data-end=\"2372\">Vaba p\u00e4ev<br data-start=\"2310\" data-end=\"2313\" \/>Soovi korral iseseisev avastusretk Baris v\u00f5i \u00fcmbruskonnas<\/p>\n<hr data-start=\"2374\" data-end=\"2377\" \/>\n<h2 data-start=\"2379\" data-end=\"2404\">7. p\u00e4ev \u2013 26.05.2026<\/h2>\n<p data-start=\"2406\" data-end=\"2501\">Hommikus\u00f6\u00f6k<br data-start=\"2417\" data-end=\"2420\" \/>Varajane tubade vabastamine<br data-start=\"2447\" data-end=\"2450\" \/>Transfeer lennujaama<br data-start=\"2470\" data-end=\"2473\" \/>Lend Bari\u2013Istanbul\u2013Tallinn<\/p>\n<p data-start=\"2503\" data-end=\"2523\">Saabumine Tallinna<\/p>\n<hr data-start=\"2525\" data-end=\"2528\" \/>\n<h2 data-start=\"2530\" data-end=\"2545\">Hinna sees<\/h2>\n<p data-start=\"2547\" data-end=\"2778\">Lennupilet Tallinn\u2013Bari\u2013Tallinn \u00fcmberistumisega Istanbulis<br data-start=\"2605\" data-end=\"2608\" \/>K\u00e4sipagas kuni 8 kg<br data-start=\"2627\" data-end=\"2630\" \/>\u00c4raantav pagas kuni 30 kg<br data-start=\"2655\" data-end=\"2658\" \/>Grupijuhi saatmine<br data-start=\"2676\" data-end=\"2679\" \/>6 \u00f6\u00f6d hotellis koos hommikus\u00f6\u00f6kidega<br data-start=\"2715\" data-end=\"2718\" \/>5 ekskursiooni: Bari, Alberobello, Matera, Lecce, Brindisi<\/p>\n<hr data-start=\"2780\" data-end=\"2783\" \/>\n<h2 data-start=\"2785\" data-end=\"2803\">Lisatasu eest<\/h2>\n<p data-start=\"2805\" data-end=\"3042\">\u00dchekohaline majutus 250 \u20ac<br data-start=\"2830\" data-end=\"2833\" \/>Veinide ja suupistete degusteerimine Matera orus 27 \u20ac<br data-start=\"2886\" data-end=\"2889\" \/>Sissep\u00e4\u00e4supiletid Materas<br data-start=\"2914\" data-end=\"2917\" \/>Katedraal 1 \u20ac<br data-start=\"2930\" data-end=\"2933\" \/>Koopamaja 3 \u20ac<br data-start=\"2946\" data-end=\"2949\" \/>Kaljukirik 3 \u20ac<br data-start=\"2963\" data-end=\"2966\" \/>Raadio-giidi k\u00f5rvaklapid 10 \u20ac<br data-start=\"2995\" data-end=\"2998\" \/>Linnamaks 4 \u20ac \u00f6\u00f6 kohta, tasutakse hotellis<\/p>\n<p data-start=\"3044\" data-end=\"3119\">Grupijuht v\u00f5ib muuta ekskursioonide j\u00e4rjekorda programmi sisu v\u00e4hendamata<\/p>\n<p data-start=\"3121\" data-end=\"3155\" data-is-last-node=\"\" data-is-only-node=\"\"><strong>Ekskursioonid toimuvad vene keeles<\/strong><\/p>\n<p><\/p>","protected":false},"excerpt":{"rendered":"<p><strong>20.05.2026-26.05.2026 <\/strong><span style=\"color: #800000;\">garanteeritud<\/span><\/p>\n","protected":false},"featured_media":7593,"template":"","meta":{"_monsterinsights_skip_tracking":false,"_monsterinsights_sitenote_active":false,"_monsterinsights_sitenote_note":"","_monsterinsights_sitenote_category":0},"_links":{"self":[{"href":"https:\/\/leontravel.ee\/et\/wp-json\/wp\/v2\/product\/7658"}],"collection":[{"href":"https:\/\/leontravel.ee\/et\/wp-json\/wp\/v2\/product"}],"about":[{"href":"https:\/\/leontravel.ee\/et\/wp-json\/wp\/v2\/types\/product"}],"wp:featuredmedia":[{"embeddable":true,"href":"https:\/\/leontravel.ee\/et\/wp-json\/wp\/v2\/media\/7593"}],"wp:attachment":[{"href":"https:\/\/leontravel.ee\/et\/wp-json\/wp\/v2\/media?parent=7658"}],"curies":[{"name":"wp","href":"https:\/\/api.w.org\/{rel}","templated":true}]}}