{"id":7660,"date":"2025-08-29T11:50:32","date_gmt":"2025-08-29T08:50:32","guid":{"rendered":"https:\/\/leontravel.ee\/?post_type=product&#038;p=7660"},"modified":"2026-04-09T15:20:32","modified_gmt":"2026-04-09T12:20:32","slug":"novinka-andalusija-malaga-granada-kordoba-sevilja-ronda-gibraltar-iz-tallinna-prjamoj-perelet-kopirovat","status":"publish","type":"product","link":"https:\/\/leontravel.ee\/et\/tour\/russkij-andalusija-2\/","title":{"rendered":"06.06.2026 \u2013 13.06.2026 ANDALUUSIA M\u00e1laga \u2013 Granada \u2013 C\u00f3rdoba \u2013 Sevilla \u2013 Ronda \u2013 Gibraltar Otselennuga Tallinnast"},"content":{"rendered":"<p><\/p>\n<p data-start=\"115\" data-end=\"191\">Ekskursioonireis L\u00f5una-Hispaaniasse koos puhkusega Costa del Soli rannikul<\/p>\n<hr data-start=\"193\" data-end=\"196\" \/>\n<h2 data-start=\"198\" data-end=\"228\">Reisi kuup\u00e4evad ja hinnad<\/h2>\n<p data-start=\"230\" data-end=\"298\"><strong>06.06.2026 \u2013 13.06.2026<\/strong>\u00a0<span style=\"color: #800000;\"> 3 kohti<\/span><br data-start=\"267\" data-end=\"270\" \/><span style=\"color: #800000;\"><del>1247 \u20ac<\/del> <\/span>\/ soodushind <strong>1167 \u20ac<\/strong><\/p>\n<p data-start=\"300\" data-end=\"368\"><strong>15.09.2026 \u2013 22.09.2026<\/strong> <span style=\"color: #800000;\">garanteeritud<\/span><br data-start=\"337\" data-end=\"340\" \/><del><span style=\"color: #800000;\">1247 \u20ac <\/span><\/del>\/ soodushind <strong>1167 \u20ac<\/strong><\/p>\n<p data-start=\"370\" data-end=\"418\">Hind kehtib \u00fchele inimesele kahekohalises toas<\/p>\n<hr data-start=\"420\" data-end=\"423\" \/>\n<h2 data-start=\"425\" data-end=\"439\">Lennuajad<\/h2>\n<p data-start=\"441\" data-end=\"514\"><strong>06.06.2026<\/strong><br data-start=\"451\" data-end=\"454\" \/>TLL \u2013 AGP 07:10\u201311:00<br data-start=\"475\" data-end=\"478\" \/><strong>13.06.2026<\/strong><br data-start=\"488\" data-end=\"491\" \/>AGP \u2013 TLL 11:50\u201317:20<\/p>\n<p data-start=\"441\" data-end=\"514\">************************<\/p>\n<p data-start=\"516\" data-end=\"589\"><strong>15.09.2026<\/strong><br data-start=\"526\" data-end=\"529\" \/>TLL \u2013 AGP 07:10\u201311:00<br data-start=\"550\" data-end=\"553\" \/><strong>22.09.2026<\/strong><br data-start=\"563\" data-end=\"566\" \/>AGP \u2013 TLL 22:45\u201304:15<\/p>\n<hr data-start=\"591\" data-end=\"594\" \/>\n<h2 data-start=\"596\" data-end=\"621\">Avasta Costa del Sol<\/h2>\n<p data-start=\"623\" data-end=\"829\">Costa del Sol on paik, kus m\u00e4ed kohtuvad merega ja valged rannad sulanduvad Vahemere sinisesse. Reis \u00fchendab rikkaliku ekskursiooniprogrammi ja l\u00f5\u00f5gastava rannapuhkuse Hispaania \u00fches kauneimas piirkonnas.<\/p>\n<hr data-start=\"831\" data-end=\"834\" \/>\n<h2 data-start=\"836\" data-end=\"848\">1. p\u00e4ev<\/h2>\n<p data-start=\"850\" data-end=\"903\">Kohtumine Tallinna lennujaamas<br data-start=\"880\" data-end=\"883\" \/>Otselennuga M\u00e1laga<\/p>\n<p data-start=\"905\" data-end=\"1105\">Linnaekskursioon M\u00e1lagas<br data-start=\"929\" data-end=\"932\" \/>M\u00e1laga on \u00fcks maailma vanimaid linnu, asutatud foiniiklaste poolt 8. sajandil eKr<br data-start=\"1013\" data-end=\"1016\" \/>Rooma amfiteater<br data-start=\"1032\" data-end=\"1035\" \/>Barokkstiilis katedraal<br data-start=\"1058\" data-end=\"1061\" \/>Mauri kindlus<br data-start=\"1074\" data-end=\"1077\" \/>Kaasaegne kunst ja kultuur<\/p>\n<p data-start=\"1107\" data-end=\"1188\">Transfeer Torremolinosesse, majutus 4\u2605 hotellis<br data-start=\"1154\" data-end=\"1157\" \/>Vaba aeg ja puhkus mere \u00e4\u00e4res<\/p>\n<p data-start=\"1190\" data-end=\"1279\">Torremolinos on endine kalurik\u00fcla, millest on saanud populaarne kuurort Costa del Solil<\/p>\n<hr data-start=\"1281\" data-end=\"1284\" \/>\n<h2 data-start=\"1286\" data-end=\"1306\">2. p\u00e4ev \u2013 Ronda<\/h2>\n<p data-start=\"1308\" data-end=\"1330\">Hommikus\u00f6\u00f6k hotellis<\/p>\n<p data-start=\"1332\" data-end=\"1480\">Ekskursioon Rondasse<br data-start=\"1352\" data-end=\"1355\" \/>Linn asub m\u00e4gede vahel<br data-start=\"1377\" data-end=\"1380\" \/>Puente Nuevo sild \u00fcle 100 meetri s\u00fcgavuse kuristiku<br data-start=\"1431\" data-end=\"1434\" \/>Tuntud kui kaasaegse h\u00e4rjav\u00f5itluse s\u00fcnnikoht<\/p>\n<p data-start=\"1482\" data-end=\"1502\">Tagasis\u00f5it hotelli<\/p>\n<hr data-start=\"1504\" data-end=\"1507\" \/>\n<h2 data-start=\"1509\" data-end=\"1521\">3. p\u00e4ev<\/h2>\n<p data-start=\"1523\" data-end=\"1536\">Hommikus\u00f6\u00f6k<\/p>\n<p data-start=\"1538\" data-end=\"1614\">Vaba p\u00e4ev mere \u00e4\u00e4res v\u00f5i lisatasu eest p\u00e4evane ekskursioon Sevillasse 59 \u20ac<\/p>\n<p data-start=\"1616\" data-end=\"1696\">Sevilla on tuntud oma arhitektuuri, flamenko ja ajalooliste kvartalite poolest<\/p>\n<hr data-start=\"1698\" data-end=\"1701\" \/>\n<h2 data-start=\"1703\" data-end=\"1715\">4. p\u00e4ev<\/h2>\n<p data-start=\"1717\" data-end=\"1730\">Hommikus\u00f6\u00f6k<\/p>\n<p data-start=\"1732\" data-end=\"1800\">Vaba p\u00e4ev mere \u00e4\u00e4res v\u00f5i lisatasu eest ekskursioon C\u00f3rdobasse 49 \u20ac<\/p>\n<p data-start=\"1802\" data-end=\"1918\">C\u00f3rdoba asub Guadalquiviri j\u00f5e \u00e4\u00e4res<br data-start=\"1838\" data-end=\"1841\" \/>UNESCO maailmap\u00e4randi linn<br data-start=\"1867\" data-end=\"1870\" \/>Rikkalik ajalooline ja arhitektuuriline p\u00e4rand<\/p>\n<hr data-start=\"1920\" data-end=\"1923\" \/>\n<h2 data-start=\"1925\" data-end=\"1937\">5. p\u00e4ev<\/h2>\n<p data-start=\"1939\" data-end=\"1971\">Hommikus\u00f6\u00f6k<br data-start=\"1950\" data-end=\"1953\" \/>Vaba p\u00e4ev rannas<\/p>\n<hr data-start=\"1973\" data-end=\"1976\" \/>\n<h2 data-start=\"1978\" data-end=\"1990\">6. p\u00e4ev<\/h2>\n<p data-start=\"1992\" data-end=\"2005\">Hommikus\u00f6\u00f6k<\/p>\n<p data-start=\"2007\" data-end=\"2066\">Vaba p\u00e4ev v\u00f5i lisatasu eest ekskursioon Gibraltarile 79 \u20ac<\/p>\n<p data-start=\"2068\" data-end=\"2224\">Gibraltar on ainulaadne paik, kus kohtuvad Vahemeri ja Atlandi ookean<br data-start=\"2137\" data-end=\"2140\" \/>V\u00f5imalus n\u00e4ha Aafrika rannikut<br data-start=\"2170\" data-end=\"2173\" \/>Kuulus Gibraltari kalju ja vabalt elavad makaagid<\/p>\n<p data-start=\"2226\" data-end=\"2352\">NB! Gibraltar kuulub Suurbritanniale<br data-start=\"2262\" data-end=\"2265\" \/>Eesti ja Euroopa Liidu kodanikele viisavaba sisenemine<br data-start=\"2319\" data-end=\"2322\" \/>Teistele vajalik Briti viisa<\/p>\n<p data-start=\"2354\" data-end=\"2374\">Tagasis\u00f5it hotelli<\/p>\n<hr data-start=\"2376\" data-end=\"2379\" \/>\n<h2 data-start=\"2381\" data-end=\"2403\">7. p\u00e4ev \u2013 Granada<\/h2>\n<p data-start=\"2405\" data-end=\"2418\">Hommikus\u00f6\u00f6k<\/p>\n<p data-start=\"2420\" data-end=\"2542\">Ekskursioon Granadasse<br data-start=\"2442\" data-end=\"2445\" \/>Alhambra palee ja kindlus<br data-start=\"2470\" data-end=\"2473\" \/>Albayz\u00edni ajalooline kvartal<br data-start=\"2501\" data-end=\"2504\" \/>Araabia p\u00e4rand ja maalilised t\u00e4navad<\/p>\n<p data-start=\"2544\" data-end=\"2564\">Tagasis\u00f5it hotelli<\/p>\n<hr data-start=\"2566\" data-end=\"2569\" \/>\n<h2 data-start=\"2571\" data-end=\"2583\">8. p\u00e4ev<\/h2>\n<p data-start=\"2585\" data-end=\"2607\">Hommikus\u00f6\u00f6k hotellis<\/p>\n<p data-start=\"2609\" data-end=\"2682\">11:00 tubade vabastamine<br data-start=\"2633\" data-end=\"2636\" \/>Vaba aeg rannas<br data-start=\"2651\" data-end=\"2654\" \/>20:00 transfeer lennujaama<\/p>\n<p data-start=\"2684\" data-end=\"2719\">Lend M\u00e1laga \u2013 Tallinn 22:45\u201304:15<\/p>\n<hr data-start=\"2721\" data-end=\"2724\" \/>\n<h2 data-start=\"2726\" data-end=\"2741\">Hinna sees<\/h2>\n<p data-start=\"2743\" data-end=\"2949\">Lennupiletid k\u00e4sipagas 8 kg ja registreeritud pagas 23 kg<br data-start=\"2800\" data-end=\"2803\" \/>Transfeerid<br data-start=\"2814\" data-end=\"2817\" \/>Majutus 4\u2605 hotellis kahekohalises toas koos hommikus\u00f6\u00f6kidega<br data-start=\"2877\" data-end=\"2880\" \/>Ekskursioon M\u00e1lagas<br data-start=\"2899\" data-end=\"2902\" \/>Ekskursioon Granadasse<br data-start=\"2924\" data-end=\"2927\" \/>Ekskursioon Rondasse<\/p>\n<hr data-start=\"2951\" data-end=\"2954\" \/>\n<h2 data-start=\"2956\" data-end=\"2969\">Lisatasu<\/h2>\n<p data-start=\"2971\" data-end=\"3247\">Muuseumipiletid alates umbes <strong>23 \u20ac<\/strong><br data-start=\"3004\" data-end=\"3007\" \/>Ekskursioon C\u00f3rdobasse <strong>49 \u20ac<\/strong><br data-start=\"3034\" data-end=\"3037\" \/>Ekskursioon Sevillasse <strong>59 \u20ac<\/strong><br data-start=\"3064\" data-end=\"3067\" \/>Ekskursioon Gibraltarile <strong>79 \u20ac<\/strong><br data-start=\"3096\" data-end=\"3099\" \/>\u00dcheinimesetoa lisatasu <strong>al. 190 \u20ac<\/strong><br data-start=\"3127\" data-end=\"3130\" \/>\u00d5htus\u00f6\u00f6gipakett 7 \u00f5htus\u00f6\u00f6ki koos jookidega <strong>70 \u20ac<\/strong><br data-start=\"3177\" data-end=\"3180\" \/>Turismimaks umbes <strong>2 \u20ac p\u00e4evas<\/strong><br data-start=\"3208\" data-end=\"3211\" \/>Ekskursioonik\u00f5rvaklapid umbes <strong>10 \u20ac<\/strong><\/p>\n<hr data-start=\"3249\" data-end=\"3252\" \/>\n<p data-start=\"3254\" data-end=\"3316\">Firma j\u00e4tab endale \u00f5iguse muuta k\u00fclastusobjektide j\u00e4rjekorda<\/p>\n<p data-start=\"3318\" data-end=\"3357\" data-is-last-node=\"\" data-is-only-node=\"\"><strong>K\u00f5ik ekskursioonid toimuvad vene keeles<\/strong><\/p>\n<p><\/p>","protected":false},"excerpt":{"rendered":"<p><b>06.06.2026-13.06.2026 <span style=\"color: #800000;\">3<\/span><\/b><span style=\"color: #800000;\">\u00a0kohti<\/span><span style=\"color: #800000;\"><br \/>\n<span style=\"color: #000000;\"><strong>15.09.2026 \u2013 22.09.2026<\/strong><\/span> garanteeritud<br \/>\n<\/span><\/p>\n","protected":false},"featured_media":7959,"template":"","meta":{"_monsterinsights_skip_tracking":false,"_monsterinsights_sitenote_active":false,"_monsterinsights_sitenote_note":"","_monsterinsights_sitenote_category":0},"_links":{"self":[{"href":"https:\/\/leontravel.ee\/et\/wp-json\/wp\/v2\/product\/7660"}],"collection":[{"href":"https:\/\/leontravel.ee\/et\/wp-json\/wp\/v2\/product"}],"about":[{"href":"https:\/\/leontravel.ee\/et\/wp-json\/wp\/v2\/types\/product"}],"wp:featuredmedia":[{"embeddable":true,"href":"https:\/\/leontravel.ee\/et\/wp-json\/wp\/v2\/media\/7959"}],"wp:attachment":[{"href":"https:\/\/leontravel.ee\/et\/wp-json\/wp\/v2\/media?parent=7660"}],"curies":[{"name":"wp","href":"https:\/\/api.w.org\/{rel}","templated":true}]}}