{"id":7710,"date":"2025-10-03T18:25:39","date_gmt":"2025-10-03T15:25:39","guid":{"rendered":"https:\/\/leontravel.ee\/?post_type=product&#038;p=7710"},"modified":"2026-04-07T12:56:36","modified_gmt":"2026-04-07T09:56:36","slug":"novinka-ostrov-mechty-majorka-8-dnej","status":"publish","type":"product","link":"https:\/\/leontravel.ee\/et\/tour\/russkij-novinka-ostrov-mechty-majorka-8-dnej\/","title":{"rendered":"20.06.2026 \u2013 27.06.2026 UUS! Unistuste saar \u2013 MALLORCA"},"content":{"rendered":"<p><\/p>\n<div class=\"flex flex-col text-sm pb-25\">\n<article class=\"text-token-text-primary w-full focus:outline-none [--shadow-height:45px] has-data-writing-block:pointer-events-none has-data-writing-block:-mt-(--shadow-height) has-data-writing-block:pt-(--shadow-height) [&amp;:has([data-writing-block])&gt;*]:pointer-events-auto scroll-mt-[calc(var(--header-height)+min(200px,max(70px,20svh)))]\" dir=\"auto\" tabindex=\"-1\" data-turn-id=\"request-6996ffb7-4d14-838a-827c-a33188f0b04c-3\" data-testid=\"conversation-turn-34\" data-scroll-anchor=\"true\" data-turn=\"assistant\">\n<div class=\"text-base my-auto mx-auto pb-10 [--thread-content-margin:--spacing(4)] @w-sm\/main:[--thread-content-margin:--spacing(6)] @w-lg\/main:[--thread-content-margin:--spacing(16)] px-(--thread-content-margin)\">\n<div class=\"[--thread-content-max-width:40rem] @w-lg\/main:[--thread-content-max-width:48rem] mx-auto max-w-(--thread-content-max-width) flex-1 group\/turn-messages focus-visible:outline-hidden relative flex w-full min-w-0 flex-col agent-turn\" tabindex=\"-1\">\n<div class=\"flex max-w-full flex-col grow\">\n<div class=\"min-h-8 text-message relative flex w-full flex-col items-end gap-2 text-start break-words whitespace-normal [.text-message+&amp;]:mt-1\" dir=\"auto\" data-message-author-role=\"assistant\" data-message-id=\"03cc4fb8-3112-4101-a0b7-1c4908f5c4c0\" data-message-model-slug=\"gpt-5-2\">\n<div class=\"flex w-full flex-col gap-1 empty:hidden first:pt-[1px]\">\n<div class=\"markdown prose dark:prose-invert w-full wrap-break-word light markdown-new-styling\">\n<p data-start=\"36\" data-end=\"65\"><strong data-start=\"36\" data-end=\"63\">8 p\u00e4eva p\u00e4ikest ja merd<\/strong><\/p>\n<p data-start=\"67\" data-end=\"122\"><strong data-start=\"67\" data-end=\"94\">20.06.2026 \u2013 27.06.2026 <\/strong><span style=\"color: #800000;\">m\u00fc\u00fcdunud , ooteleht<\/span><\/p>\n<h4 data-start=\"124\" data-end=\"160\"><strong data-start=\"124\" data-end=\"160\">HIND: <span style=\"color: #800000;\"><del>1425 \u20ac<\/del> <\/span>\/ soodushind 1270 \u20ac<\/strong><\/h4>\n<hr data-start=\"162\" data-end=\"165\" \/>\n<h2 data-start=\"167\" data-end=\"204\">Unistuste saar \u2013 n\u00e4dal Mallorcal<\/h2>\n<p data-start=\"206\" data-end=\"372\">Kui tunned v\u00e4simust linnak\u00e4rast ja igatsed rahu, siis tule saarele, kus elu kulgeb aeglasemalt, kus p\u00e4ike loojub hilja ja meri on alati l\u00e4hedal. See saar on Mallorca.<\/p>\n<p data-start=\"374\" data-end=\"392\">Santiago Rusi\u00f1ol<\/p>\n<p data-start=\"394\" data-end=\"509\">Suplushooaeg Mallorcal algab juuni l\u00f5pus. Selleks ajaks soojeneb meri +22\u2026+24 \u00b0C-ni ja p\u00fcsib m\u00f5nus kuni oktoobrini.<\/p>\n<hr data-start=\"511\" data-end=\"514\" \/>\n<h2 data-start=\"516\" data-end=\"528\">1. p\u00e4ev<\/h2>\n<p data-start=\"530\" data-end=\"600\">04:00 kohtumine Tallinna lennujaamas<br data-start=\"566\" data-end=\"569\" \/>Otselennuga umbes 06:00\u201309:05<\/p>\n<p data-start=\"602\" data-end=\"668\">Saabumine Palma de Mallorcasse<br data-start=\"632\" data-end=\"635\" \/>Transfeer 3\u2605 hotelli<br data-start=\"655\" data-end=\"658\" \/>\u00d5htus\u00f6\u00f6k<\/p>\n<p data-start=\"670\" data-end=\"723\">\u00d5htune ujumine v\u00f5i jalutusk\u00e4ik promenaadil<br data-start=\"712\" data-end=\"715\" \/>Puhkus<\/p>\n<hr data-start=\"725\" data-end=\"728\" \/>\n<h2 data-start=\"730\" data-end=\"742\">2. p\u00e4ev<\/h2>\n<p data-start=\"744\" data-end=\"786\">Hommikus\u00f6\u00f6k hotellis<br data-start=\"764\" data-end=\"767\" \/>Puhkus mere \u00e4\u00e4res<\/p>\n<p data-start=\"788\" data-end=\"831\">P\u00e4rastl\u00f5unal bussiekskursioon Palma linna<\/p>\n<p data-start=\"833\" data-end=\"954\">Palma asub saare suurimas lahes. Siin kohtuvad kindlusm\u00fc\u00fcrid, araabia arhitektuur, gooti katedraalid ja kitsad t\u00e4navad.<\/p>\n<p data-start=\"956\" data-end=\"1083\">Jalgsiekskursioon vanalinnas<br data-start=\"984\" data-end=\"987\" \/>K\u00fclastame Palma katedraali \u2013 keskaegset meistriteost, mille sisekujunduses osales Antoni Gaud\u00ed<\/p>\n<p data-start=\"1085\" data-end=\"1126\">Tagasis\u00f5it hotelli<br data-start=\"1103\" data-end=\"1106\" \/>\u00d5htus\u00f6\u00f6k ja puhkus<\/p>\n<hr data-start=\"1128\" data-end=\"1131\" \/>\n<h2 data-start=\"1133\" data-end=\"1145\">3. p\u00e4ev<\/h2>\n<p data-start=\"1147\" data-end=\"1200\">Hommikus\u00f6\u00f6k hotellis<br data-start=\"1167\" data-end=\"1170\" \/>Puhkus mere \u00e4\u00e4res<br data-start=\"1187\" data-end=\"1190\" \/>\u00d5htus\u00f6\u00f6k<\/p>\n<hr data-start=\"1202\" data-end=\"1205\" \/>\n<h2 data-start=\"1207\" data-end=\"1219\">4. p\u00e4ev<\/h2>\n<p data-start=\"1221\" data-end=\"1243\">Hommikus\u00f6\u00f6k hotellis<\/p>\n<p data-start=\"1245\" data-end=\"1268\">Suur saareekskursioon<\/p>\n<p data-start=\"1270\" data-end=\"1330\">Marsruut: S\u00f3ller \u2013 Valldemossa \u2013 Sa Foradada \u2013 Son Marroig<\/p>\n<p data-start=\"1332\" data-end=\"1548\">S\u00f3ller on tuntud kui \u201ekuldne org\u201c<br data-start=\"1365\" data-end=\"1368\" \/>S\u00f5idame ajaloolise puidust trammiga Port de S\u00f3llerisse<br data-start=\"1422\" data-end=\"1425\" \/>Valldemossa \u2013 kitsad kivised t\u00e4navad ja lilledega kaunistatud majad<br data-start=\"1492\" data-end=\"1495\" \/>Siin elasid Fr\u00e9d\u00e9ric Chopin ja kirjanik George Sand<\/p>\n<p data-start=\"1550\" data-end=\"1650\">K\u00fclastame Son Marroigi m\u00f5isa ja Sa Foradada neeme vaateplatvormi \u2013 \u00fcht kauneimat paika kogu saarel<\/p>\n<p data-start=\"1652\" data-end=\"1705\">Tagasis\u00f5it hotelli umbes 17:00<br data-start=\"1682\" data-end=\"1685\" \/>\u00d5htus\u00f6\u00f6k ja puhkus<\/p>\n<hr data-start=\"1707\" data-end=\"1710\" \/>\n<h2 data-start=\"1712\" data-end=\"1724\">5. p\u00e4ev<\/h2>\n<p data-start=\"1726\" data-end=\"1768\">Hommikus\u00f6\u00f6k hotellis<br data-start=\"1746\" data-end=\"1749\" \/>Puhkus mere \u00e4\u00e4res<\/p>\n<p data-start=\"1770\" data-end=\"1835\">Soovi korral lisatasu eest p\u00e4ikeseloojangu paadireis<br data-start=\"1822\" data-end=\"1825\" \/>\u00d5htus\u00f6\u00f6k<\/p>\n<hr data-start=\"1837\" data-end=\"1840\" \/>\n<h2 data-start=\"1842\" data-end=\"1854\">6. p\u00e4ev<\/h2>\n<p data-start=\"1856\" data-end=\"1878\">Hommikus\u00f6\u00f6k hotellis<\/p>\n<p data-start=\"1880\" data-end=\"1930\">Ekskursioon Draakoni koobastesse (lisatasu 45 \u20ac)<\/p>\n<p data-start=\"1932\" data-end=\"2113\">Cuevas del Drach on \u00fcks Mallorca kuulsamaid loodusimesid<br data-start=\"1988\" data-end=\"1991\" \/>Neli omavahel \u00fchendatud koobast<br data-start=\"2022\" data-end=\"2025\" \/>\u00dcks maailma suurimaid maa-aluseid j\u00e4rvi<br data-start=\"2064\" data-end=\"2067\" \/>Muljetavaldavad stalaktiidid ja stalagmiidid<\/p>\n<p data-start=\"2115\" data-end=\"2156\">Tagasis\u00f5it hotelli<br data-start=\"2133\" data-end=\"2136\" \/>\u00d5htus\u00f6\u00f6k ja puhkus<\/p>\n<hr data-start=\"2158\" data-end=\"2161\" \/>\n<h2 data-start=\"2163\" data-end=\"2175\">7. p\u00e4ev<\/h2>\n<p data-start=\"2177\" data-end=\"2239\">Hommikus\u00f6\u00f6k hotellis<br data-start=\"2197\" data-end=\"2200\" \/>Puhkus mere \u00e4\u00e4res<br data-start=\"2217\" data-end=\"2220\" \/>\u00d5htus\u00f6\u00f6k hotellis<\/p>\n<hr data-start=\"2241\" data-end=\"2244\" \/>\n<h2 data-start=\"2246\" data-end=\"2258\">8. p\u00e4ev<\/h2>\n<p data-start=\"2260\" data-end=\"2326\">Hommikus\u00f6\u00f6k hotellis<br data-start=\"2280\" data-end=\"2283\" \/>Tubade vabastamine<br data-start=\"2301\" data-end=\"2304\" \/>Transfeer lennujaama<\/p>\n<p data-start=\"2328\" data-end=\"2368\">Otselennuga Tallinna umbes 09:50\u201315:00<\/p>\n<hr data-start=\"2370\" data-end=\"2373\" \/>\n<h2 data-start=\"2375\" data-end=\"2390\">Hinna sees<\/h2>\n<p data-start=\"2392\" data-end=\"2592\">Lennupiletid<br data-start=\"2404\" data-end=\"2407\" \/>K\u00e4sipagas kuni 8 kg ja registreeritud pagas 23 kg<br data-start=\"2456\" data-end=\"2459\" \/>Majutus 8 p\u00e4eva \/ 7 \u00f6\u00f6d<br data-start=\"2482\" data-end=\"2485\" \/>Hommikus\u00f6\u00f6gid ja \u00f5htus\u00f6\u00f6gid<br data-start=\"2512\" data-end=\"2515\" \/>Transfeerid<br data-start=\"2526\" data-end=\"2529\" \/>Ekskursioonid vastavalt programmile koos sissep\u00e4\u00e4supiletitega<\/p>\n<hr data-start=\"2594\" data-end=\"2597\" \/>\n<h2 data-start=\"2599\" data-end=\"2617\">Lisatasu eest<\/h2>\n<p data-start=\"2619\" data-end=\"2716\">P\u00e4ikeseloojangu paadireis<br data-start=\"2644\" data-end=\"2647\" \/>Draakoni koobaste ekskursioon 45 \u20ac (grupi suurus alates 20 inimest)<\/p>\n<hr data-start=\"2718\" data-end=\"2721\" \/>\n<h2 data-start=\"2723\" data-end=\"2746\">Kohapeal tasutakse<\/h2>\n<p data-start=\"2748\" data-end=\"2830\">Linnamaks hotellis umbes 2,30 \u20ac inimese kohta p\u00e4evas<br data-start=\"2800\" data-end=\"2803\" \/>Alla 16-aastastele tasuta<\/p>\n<p data-start=\"2832\" data-end=\"2902\" data-is-last-node=\"\" data-is-only-node=\"\">\u00dcheinimesetoa lisatasu alates 250 \u20ac<br data-start=\"2867\" data-end=\"2870\" \/>Raadiogiidid kogu perioodiks 8 \u20ac<\/p>\n<\/div>\n<\/div>\n<\/div>\n<\/div>\n<div class=\"z-0 flex min-h-[46px] justify-start\"><\/div>\n<div class=\"mt-3 w-full empty:hidden\">\n<div class=\"text-center\"><\/div>\n<\/div>\n<\/div>\n<\/div>\n<\/article>\n<\/div>\n<div class=\"pointer-events-none h-px w-px absolute bottom-0\" aria-hidden=\"true\" data-edge=\"true\"><strong>K\u00f5ik ekskursioonid toimuvad vene keeles.<\/strong><\/div>\n<p><\/p>","protected":false},"excerpt":{"rendered":"<p><strong>20.06.2026 &#8211; 27.06.2026<\/strong> m\u00fc\u00fcdunud,\u00a0 ooteleht<\/p>\n","protected":false},"featured_media":7466,"template":"","meta":{"_monsterinsights_skip_tracking":false,"_monsterinsights_sitenote_active":false,"_monsterinsights_sitenote_note":"","_monsterinsights_sitenote_category":0},"_links":{"self":[{"href":"https:\/\/leontravel.ee\/et\/wp-json\/wp\/v2\/product\/7710"}],"collection":[{"href":"https:\/\/leontravel.ee\/et\/wp-json\/wp\/v2\/product"}],"about":[{"href":"https:\/\/leontravel.ee\/et\/wp-json\/wp\/v2\/types\/product"}],"wp:featuredmedia":[{"embeddable":true,"href":"https:\/\/leontravel.ee\/et\/wp-json\/wp\/v2\/media\/7466"}],"wp:attachment":[{"href":"https:\/\/leontravel.ee\/et\/wp-json\/wp\/v2\/media?parent=7710"}],"curies":[{"name":"wp","href":"https:\/\/api.w.org\/{rel}","templated":true}]}}