{"id":7711,"date":"2025-10-03T18:26:33","date_gmt":"2025-10-03T15:26:33","guid":{"rendered":"https:\/\/leontravel.ee\/?post_type=product&#038;p=7711"},"modified":"2026-04-07T12:53:20","modified_gmt":"2026-04-07T09:53:20","slug":"novinka-ostrov-mechty-majorka-11-dnej","status":"publish","type":"product","link":"https:\/\/leontravel.ee\/et\/tour\/russkij-novinka-ostrov-mechty-majorka-11-dnej\/","title":{"rendered":"20.06.2026 \u2013 30.06.2026 Uus! Unistuste saar &#8211; MAJORKA, 11 p\u00e4eva p\u00e4ikest ja merd"},"content":{"rendered":"<p>&nbsp;<\/p>\n<p data-start=\"68\" data-end=\"123\"><span style=\"font-size: 18px;\"><strong data-start=\"68\" data-end=\"95\">20.06.2026 \u2013 30.06.2026 <\/strong><span style=\"color: #800000;\">Garanteeritud v\u00e4ljumine<\/span><\/span><\/p>\n<h4 data-start=\"125\" data-end=\"161\"><strong data-start=\"125\" data-end=\"161\"><br \/>\nHIND: <span style=\"color: #800000;\"><del>1625 \u20ac <\/del><\/span>\u00a0soodushind 1492 \u20ac<\/strong><\/h4>\n<hr data-start=\"163\" data-end=\"166\" \/>\n<h2 data-start=\"168\" data-end=\"205\">Unistuste saar \u2013 n\u00e4dal Mallorcal<\/h2>\n<p data-start=\"207\" data-end=\"419\">Kui tunned v\u00e4simust linnak\u00e4rast, kui kiirustamine enam ei r\u00f5\u00f5musta ja tahaks lihtsalt olla\u2026 siis tule saarele, kus aeg liigub rahulikult, kus p\u00e4ike loojub aeglaselt ja meri on alati l\u00e4hedal. See saar on Mallorca.<\/p>\n<p data-start=\"421\" data-end=\"437\">Santiago Rusi\u00f1ol<\/p>\n<p data-start=\"439\" data-end=\"556\">Suplushooaeg Mallorcal algab juuni l\u00f5pus. Selleks ajaks soojeneb meri +22\u2026+24 \u00b0C-ni ning p\u00fcsib m\u00f5nus kuni oktoobrini.<\/p>\n<hr data-start=\"558\" data-end=\"561\" \/>\n<h2 data-start=\"563\" data-end=\"575\">1. p\u00e4ev<\/h2>\n<p data-start=\"577\" data-end=\"640\">04:00 kohtumine Tallinna lennujaamas<br data-start=\"613\" data-end=\"616\" \/>Lend umbes 06:00\u201311:55<\/p>\n<p data-start=\"642\" data-end=\"708\">Saabumine Palma de Mallorcasse<br data-start=\"672\" data-end=\"675\" \/>Transfeer 3\u2605 hotelli<br data-start=\"695\" data-end=\"698\" \/>\u00d5htus\u00f6\u00f6k<\/p>\n<p data-start=\"710\" data-end=\"763\">\u00d5htune ujumine v\u00f5i jalutusk\u00e4ik promenaadil<br data-start=\"752\" data-end=\"755\" \/>Puhkus<\/p>\n<hr data-start=\"765\" data-end=\"768\" \/>\n<h2 data-start=\"770\" data-end=\"782\">2. p\u00e4ev<\/h2>\n<p data-start=\"784\" data-end=\"826\">Hommikus\u00f6\u00f6k hotellis<br data-start=\"804\" data-end=\"807\" \/>Puhkus mere \u00e4\u00e4res<\/p>\n<p data-start=\"828\" data-end=\"871\">P\u00e4rastl\u00f5unal bussiekskursioon Palma linna<\/p>\n<p data-start=\"873\" data-end=\"989\">Palma asub saare suurimas lahes. Siin kohtuvad kindlusm\u00fc\u00fcrid, araabia p\u00e4rand, gooti katedraalid ja kitsad t\u00e4navad.<\/p>\n<p data-start=\"991\" data-end=\"1118\">Jalgsiekskursioon vanalinnas<br data-start=\"1019\" data-end=\"1022\" \/>K\u00fclastame Palma katedraali \u2013 keskaegset meistriteost, mille sisekujunduses osales Antoni Gaud\u00ed<\/p>\n<p data-start=\"1120\" data-end=\"1161\">Tagasis\u00f5it hotelli<br data-start=\"1138\" data-end=\"1141\" \/>\u00d5htus\u00f6\u00f6k ja puhkus<\/p>\n<hr data-start=\"1163\" data-end=\"1166\" \/>\n<h2 data-start=\"1168\" data-end=\"1180\">3. p\u00e4ev<\/h2>\n<p data-start=\"1182\" data-end=\"1235\">Hommikus\u00f6\u00f6k hotellis<br data-start=\"1202\" data-end=\"1205\" \/>Puhkus mere \u00e4\u00e4res<br data-start=\"1222\" data-end=\"1225\" \/>\u00d5htus\u00f6\u00f6k<\/p>\n<hr data-start=\"1237\" data-end=\"1240\" \/>\n<h2 data-start=\"1242\" data-end=\"1254\">4. p\u00e4ev<\/h2>\n<p data-start=\"1256\" data-end=\"1278\">Hommikus\u00f6\u00f6k hotellis<\/p>\n<p data-start=\"1280\" data-end=\"1303\">Suur saareekskursioon<\/p>\n<p data-start=\"1305\" data-end=\"1365\">Marsruut: S\u00f3ller \u2013 Valldemossa \u2013 Sa Foradada \u2013 Son Marroig<\/p>\n<p data-start=\"1367\" data-end=\"1583\">S\u00f3ller on tuntud kui \u201ekuldne org\u201c<br data-start=\"1400\" data-end=\"1403\" \/>S\u00f5idame ajaloolise puidust trammiga Port de S\u00f3llerisse<br data-start=\"1457\" data-end=\"1460\" \/>Valldemossa \u2013 kitsad kivised t\u00e4navad ja lilledega kaunistatud majad<br data-start=\"1527\" data-end=\"1530\" \/>Siin elasid Fr\u00e9d\u00e9ric Chopin ja kirjanik George Sand<\/p>\n<p data-start=\"1585\" data-end=\"1685\">K\u00fclastame Son Marroigi m\u00f5isa ja Sa Foradada neeme vaateplatvormi \u2013 \u00fcht kauneimat paika kogu saarel<\/p>\n<p data-start=\"1687\" data-end=\"1740\">Tagasis\u00f5it hotelli umbes 17:00<br data-start=\"1717\" data-end=\"1720\" \/>\u00d5htus\u00f6\u00f6k ja puhkus<\/p>\n<hr data-start=\"1742\" data-end=\"1745\" \/>\n<h2 data-start=\"1747\" data-end=\"1759\">5. p\u00e4ev<\/h2>\n<p data-start=\"1761\" data-end=\"1803\">Hommikus\u00f6\u00f6k hotellis<br data-start=\"1781\" data-end=\"1784\" \/>Puhkus mere \u00e4\u00e4res<\/p>\n<p data-start=\"1805\" data-end=\"1870\">Soovi korral lisatasu eest p\u00e4ikeseloojangu paadireis<br data-start=\"1857\" data-end=\"1860\" \/>\u00d5htus\u00f6\u00f6k<\/p>\n<hr data-start=\"1872\" data-end=\"1875\" \/>\n<h2 data-start=\"1877\" data-end=\"1889\">6. p\u00e4ev<\/h2>\n<p data-start=\"1891\" data-end=\"1913\">Hommikus\u00f6\u00f6k hotellis<\/p>\n<p data-start=\"1915\" data-end=\"1965\">Ekskursioon Draakoni koobastesse (lisatasu 45 \u20ac)<\/p>\n<p data-start=\"1967\" data-end=\"2148\">Cuevas del Drach on \u00fcks Mallorca kuulsamaid loodusimesid<br data-start=\"2023\" data-end=\"2026\" \/>Neli omavahel \u00fchendatud koobast<br data-start=\"2057\" data-end=\"2060\" \/>\u00dcks maailma suurimaid maa-aluseid j\u00e4rvi<br data-start=\"2099\" data-end=\"2102\" \/>Muljetavaldavad stalaktiidid ja stalagmiidid<\/p>\n<p data-start=\"2150\" data-end=\"2191\">Tagasis\u00f5it hotelli<br data-start=\"2168\" data-end=\"2171\" \/>\u00d5htus\u00f6\u00f6k ja puhkus<\/p>\n<hr data-start=\"2193\" data-end=\"2196\" \/>\n<h2 data-start=\"2198\" data-end=\"2214\">7.\u201310. p\u00e4ev<\/h2>\n<p data-start=\"2216\" data-end=\"2278\">Hommikus\u00f6\u00f6k hotellis<br data-start=\"2236\" data-end=\"2239\" \/>Puhkus mere \u00e4\u00e4res<br data-start=\"2256\" data-end=\"2259\" \/>\u00d5htus\u00f6\u00f6k hotellis<\/p>\n<p data-start=\"2280\" data-end=\"2352\">Vaba aeg rannas, jalutusk\u00e4igud, kohalikud maitsed ja t\u00e4ielik l\u00f5\u00f5gastus<\/p>\n<hr data-start=\"2354\" data-end=\"2357\" \/>\n<h2 data-start=\"2359\" data-end=\"2372\">11. p\u00e4ev<\/h2>\n<p data-start=\"2374\" data-end=\"2440\">Hommikus\u00f6\u00f6k hotellis<br data-start=\"2394\" data-end=\"2397\" \/>Tubade vabastamine<br data-start=\"2415\" data-end=\"2418\" \/>Transfeer lennujaama<\/p>\n<p data-start=\"2442\" data-end=\"2475\">Lend Tallinna umbes 18:20\u201301:30<\/p>\n<hr data-start=\"2477\" data-end=\"2480\" \/>\n<h2 data-start=\"2482\" data-end=\"2497\">Hinna sees<\/h2>\n<p data-start=\"2499\" data-end=\"2701\">Lennupiletid<br data-start=\"2511\" data-end=\"2514\" \/>K\u00e4sipagas kuni 8 kg ja registreeritud pagas 23 kg<br data-start=\"2563\" data-end=\"2566\" \/>Majutus 11 p\u00e4eva \/ 10 \u00f6\u00f6d<br data-start=\"2591\" data-end=\"2594\" \/>Hommikus\u00f6\u00f6gid ja \u00f5htus\u00f6\u00f6gid<br data-start=\"2621\" data-end=\"2624\" \/>Transfeerid<br data-start=\"2635\" data-end=\"2638\" \/>Ekskursioonid vastavalt programmile koos sissep\u00e4\u00e4supiletitega<\/p>\n<hr data-start=\"2703\" data-end=\"2706\" \/>\n<h2 data-start=\"2708\" data-end=\"2726\">Lisatasu eest<\/h2>\n<p data-start=\"2728\" data-end=\"2825\">P\u00e4ikeseloojangu paadireis<br data-start=\"2753\" data-end=\"2756\" \/>Draakoni koobaste ekskursioon 45 \u20ac (grupi suurus alates 20 inimest)<\/p>\n<hr data-start=\"2827\" data-end=\"2830\" \/>\n<h2 data-start=\"2832\" data-end=\"2855\">Kohapeal tasutakse<\/h2>\n<p data-start=\"2857\" data-end=\"2939\">Linnamaks hotellis umbes 2,30 \u20ac inimese kohta p\u00e4evas<br data-start=\"2909\" data-end=\"2912\" \/>Alla 16-aastastele tasuta<\/p>\n<p data-start=\"2941\" data-end=\"3004\" data-is-last-node=\"\" data-is-only-node=\"\">\u00dcheinimesetoa lisatasu 310 \u20ac<br data-start=\"2969\" data-end=\"2972\" \/>Raadiogiidid kogu perioodiks 8 \u20ac<\/p>\n<p><strong>K\u00f5ik ekskursioonid toimuvad vene keeles.<\/strong><\/p>","protected":false},"excerpt":{"rendered":"<p><strong>20.06.2026 \u2013 30.06.2026<\/strong> <span style=\"color: #800000;\">garanteeritud v\u00e4ljumine 3 kohta<\/span><\/p>\n","protected":false},"featured_media":7466,"template":"","meta":{"_monsterinsights_skip_tracking":false,"_monsterinsights_sitenote_active":false,"_monsterinsights_sitenote_note":"","_monsterinsights_sitenote_category":0},"_links":{"self":[{"href":"https:\/\/leontravel.ee\/et\/wp-json\/wp\/v2\/product\/7711"}],"collection":[{"href":"https:\/\/leontravel.ee\/et\/wp-json\/wp\/v2\/product"}],"about":[{"href":"https:\/\/leontravel.ee\/et\/wp-json\/wp\/v2\/types\/product"}],"wp:featuredmedia":[{"embeddable":true,"href":"https:\/\/leontravel.ee\/et\/wp-json\/wp\/v2\/media\/7466"}],"wp:attachment":[{"href":"https:\/\/leontravel.ee\/et\/wp-json\/wp\/v2\/media?parent=7711"}],"curies":[{"name":"wp","href":"https:\/\/api.w.org\/{rel}","templated":true}]}}