{"id":7718,"date":"2025-10-09T17:45:15","date_gmt":"2025-10-09T14:45:15","guid":{"rendered":"https:\/\/leontravel.ee\/?post_type=product&#038;p=7718"},"modified":"2026-02-27T10:54:52","modified_gmt":"2026-02-27T08:54:52","slug":"7718","status":"publish","type":"product","link":"https:\/\/leontravel.ee\/et\/tour\/7718\/","title":{"rendered":"12.04.2026 \u2013 16.04.2026 BUDAPEST \u2013 DOONAU \u00d5HTUD JA VANA EUROOPA V\u00d5LU"},"content":{"rendered":"<p><\/p>\n<h2 data-start=\"0\" data-end=\"55\">2026! BUDAPEST \u2013 DOONAU \u00d5HTUD JA VANA EUROOPA V\u00d5LU<\/h2>\n<p data-start=\"57\" data-end=\"126\"><strong>12.04.2026 \u2013 16.04.2026<\/strong><br data-start=\"80\" data-end=\"83\" \/>5 p\u00e4eva \/ 4 \u00f6\u00f6d<br data-start=\"98\" data-end=\"101\" \/>Garanteeritud v\u00e4ljumine<\/p>\n<h4 data-start=\"128\" data-end=\"272\">Reisi hind: 529 \u20ac inimese kohta + lennupilet Wizz Air alates 210 \u20ac (seisuga 10.02.2026, ilma pagasita, hind on d\u00fcnaamiline ja muutub iga p\u00e4ev)<\/h4>\n<p data-start=\"274\" data-end=\"340\">V\u00f5imalik on ka lennupilet iseseisvalt osta lennufirma kodulehelt<\/p>\n<hr data-start=\"342\" data-end=\"345\" \/>\n<h2 data-start=\"347\" data-end=\"362\">12.04.2026<\/h2>\n<p data-start=\"364\" data-end=\"440\">Kohtumine Tallinna lennujaamas kell 19:30<br data-start=\"405\" data-end=\"408\" \/>Tallinn 21:30 \u2013 Budapest 22:50<\/p>\n<p data-start=\"442\" data-end=\"510\">Budapest \u2013 sildade, termide ja inspiratsiooni linn \u2013 tervitab teid<\/p>\n<p data-start=\"512\" data-end=\"584\">Transfeer lennujaamast 3* hotelli (30\u201340 min)<br data-start=\"557\" data-end=\"560\" \/>Vaba aeg enne majutust<\/p>\n<hr data-start=\"586\" data-end=\"589\" \/>\n<h2 data-start=\"591\" data-end=\"606\">13.04.2026<\/h2>\n<p data-start=\"608\" data-end=\"630\">Hommikus\u00f6\u00f6k hotellis<\/p>\n<p data-start=\"632\" data-end=\"684\">Jalgsiekskursioon Budapesti (Pest) poolel ~4 tundi<\/p>\n<p data-start=\"686\" data-end=\"788\">Kangelaste v\u00e4ljak<br data-start=\"703\" data-end=\"706\" \/>Vajdahunyadi loss<br data-start=\"723\" data-end=\"726\" \/>Andr\u00e1ssy aven\u00fc\u00fc<br data-start=\"741\" data-end=\"744\" \/>Parlamendihoone (Euroopa suuruselt kolmas)<\/p>\n<p data-start=\"790\" data-end=\"817\">Tagasi hotelli<br data-start=\"804\" data-end=\"807\" \/>Vaba aeg<\/p>\n<p data-start=\"819\" data-end=\"894\">Soovi korral k\u00fclastus Sz\u00e9chenyi termidesse (20 min jalutusk\u00e4ik hotellist)<\/p>\n<p data-start=\"896\" data-end=\"940\">\u00d5htul soovituslik jalutusk\u00e4ik V\u00e1ci t\u00e4naval<\/p>\n<hr data-start=\"942\" data-end=\"945\" \/>\n<h2 data-start=\"947\" data-end=\"962\">14.04.2026<\/h2>\n<p data-start=\"964\" data-end=\"977\">Hommikus\u00f6\u00f6k<\/p>\n<p data-start=\"979\" data-end=\"1022\">Bussiekskursioon \u201eDoonau k\u00e4\u00e4nak\u201c ~8 tundi<\/p>\n<p data-start=\"1024\" data-end=\"1105\">Esztergom \u2013 Ungari esimene pealinn<br data-start=\"1058\" data-end=\"1061\" \/>Soovi korral basiilika k\u00fclastus (lisatasu)<\/p>\n<p data-start=\"1107\" data-end=\"1157\">Szentendre \u2013 kunstnike linn ja martsipanimuuseum<\/p>\n<p data-start=\"1159\" data-end=\"1214\">Visegr\u00e1d \u2013 XIII\u2013XV sajandi kindlus ja vaated Doonaule<\/p>\n<p data-start=\"1216\" data-end=\"1264\">L\u00f5unas\u00f6\u00f6k koos Ungari veinide degusteerimisega<\/p>\n<p data-start=\"1266\" data-end=\"1282\">Tagasi hotelli<\/p>\n<hr data-start=\"1284\" data-end=\"1287\" \/>\n<h2 data-start=\"1289\" data-end=\"1304\">15.04.2026<\/h2>\n<p data-start=\"1306\" data-end=\"1319\">Hommikus\u00f6\u00f6k<\/p>\n<p data-start=\"1321\" data-end=\"1373\">Jalgsiekskursioon Budapesti (Buda) poolel ~4 tundi<\/p>\n<p data-start=\"1375\" data-end=\"1426\">Buda kindlus<br data-start=\"1387\" data-end=\"1390\" \/>Matthiase kirik<br data-start=\"1405\" data-end=\"1408\" \/>Kalurite bastion<\/p>\n<p data-start=\"1428\" data-end=\"1438\">Vaba aeg<\/p>\n<p data-start=\"1440\" data-end=\"1509\">Soovituslik k\u00fclastus Ungari Riigiooperisse (Magyar \u00c1llami Operah\u00e1z)<\/p>\n<p data-start=\"1511\" data-end=\"1633\">\u00d5htus\u00f6\u00f6k Ungari k\u00f6\u00f6giga ja elava muusikaga<br data-start=\"1553\" data-end=\"1556\" \/>Soovituslikud restoranid: Hungarikum Bistro, Paprika Vend\u00e9gl\u0151, M\u00e1ty\u00e1s Pince<\/p>\n<hr data-start=\"1635\" data-end=\"1638\" \/>\n<h2 data-start=\"1640\" data-end=\"1655\">16.04.2026<\/h2>\n<p data-start=\"1657\" data-end=\"1679\">Transfeer lennujaama<\/p>\n<p data-start=\"1681\" data-end=\"1713\">Budapest 13:10 \u2013 Tallinn 16:30<\/p>\n<hr data-start=\"1715\" data-end=\"1718\" \/>\n<h2 data-start=\"1720\" data-end=\"1735\">Hinna sees<\/h2>\n<p data-start=\"1737\" data-end=\"1974\">Transfeer lennujaam \u2013 hotell \u2013 lennujaam<br data-start=\"1777\" data-end=\"1780\" \/>Majutus 3* hotellis kesklinnas koos hommikus\u00f6\u00f6kidega<br data-start=\"1832\" data-end=\"1835\" \/>Giiditeenused kogu programmi jooksul<br data-start=\"1871\" data-end=\"1874\" \/>Komfortne buss<br data-start=\"1888\" data-end=\"1891\" \/>1 l\u00f5unas\u00f6\u00f6k ja 1 veinide degusteerimine<br data-start=\"1930\" data-end=\"1933\" \/>Martsipanimuuseum ja kindluse sissep\u00e4\u00e4s<\/p>\n<hr data-start=\"1976\" data-end=\"1979\" \/>\n<p data-start=\"1981\" data-end=\"1991\">Lisatasu<\/p>\n<p data-start=\"1993\" data-end=\"2074\">\u00dchekohaline majutus 170 \u20ac<br data-start=\"2018\" data-end=\"2021\" \/>Lennupilet Wizz Air alates 180 \u20ac (d\u00fcnaamiline hind)<\/p>\n<p data-start=\"2076\" data-end=\"2110\" data-is-last-node=\"\" data-is-only-node=\"\"><strong>Ekskursioonid toimuvad vene keeles<\/strong><\/p>\n<p><\/p>","protected":false},"excerpt":{"rendered":"<p>12.04.2026 \u2013 16.04.2026<\/p>\n","protected":false},"featured_media":7719,"template":"","meta":{"_monsterinsights_skip_tracking":false,"_monsterinsights_sitenote_active":false,"_monsterinsights_sitenote_note":"","_monsterinsights_sitenote_category":0},"_links":{"self":[{"href":"https:\/\/leontravel.ee\/et\/wp-json\/wp\/v2\/product\/7718"}],"collection":[{"href":"https:\/\/leontravel.ee\/et\/wp-json\/wp\/v2\/product"}],"about":[{"href":"https:\/\/leontravel.ee\/et\/wp-json\/wp\/v2\/types\/product"}],"wp:featuredmedia":[{"embeddable":true,"href":"https:\/\/leontravel.ee\/et\/wp-json\/wp\/v2\/media\/7719"}],"wp:attachment":[{"href":"https:\/\/leontravel.ee\/et\/wp-json\/wp\/v2\/media?parent=7718"}],"curies":[{"name":"wp","href":"https:\/\/api.w.org\/{rel}","templated":true}]}}