{"id":7850,"date":"2026-01-16T17:03:12","date_gmt":"2026-01-16T15:03:12","guid":{"rendered":"https:\/\/leontravel.ee\/?post_type=product&#038;p=7850"},"modified":"2026-04-06T14:07:40","modified_gmt":"2026-04-06T11:07:40","slug":"baltijskoe-leto-v-litve-otdyh-v-palange-jekskursii-v-klajpedu-na-kurshskuju-kosu-i-v-liepaju","status":"publish","type":"product","link":"https:\/\/leontravel.ee\/et\/tour\/russkij-baltijskoe-leto-v-litve-otdyh-v-palange-jekskursii-v-klajpedu-na-kurshskuju-kosu-i-v-liepaju\/","title":{"rendered":"19.06.2026 \u2013 24.06.2026 BALTI SUVI LEEDUS Puhkus Palangas, ekskursioonid Klaipedasse, Kura s\u00e4\u00e4rele ja Liep\u0101jasse"},"content":{"rendered":"<p><\/p>\n<div class=\"flex flex-col text-sm pb-25\">\n<article class=\"text-token-text-primary w-full focus:outline-none [--shadow-height:45px] has-data-writing-block:pointer-events-none has-data-writing-block:-mt-(--shadow-height) has-data-writing-block:pt-(--shadow-height) [&amp;:has([data-writing-block])&gt;*]:pointer-events-auto scroll-mt-[calc(var(--header-height)+min(200px,max(70px,20svh)))]\" dir=\"auto\" tabindex=\"-1\" data-turn-id=\"request-6996ffb7-4d14-838a-827c-a33188f0b04c-8\" data-testid=\"conversation-turn-74\" data-scroll-anchor=\"true\" data-turn=\"assistant\">\n<div class=\"text-base my-auto mx-auto pb-10 [--thread-content-margin:--spacing(4)] @w-sm\/main:[--thread-content-margin:--spacing(6)] @w-lg\/main:[--thread-content-margin:--spacing(16)] px-(--thread-content-margin)\">\n<div class=\"[--thread-content-max-width:40rem] @w-lg\/main:[--thread-content-max-width:48rem] mx-auto max-w-(--thread-content-max-width) flex-1 group\/turn-messages focus-visible:outline-hidden relative flex w-full min-w-0 flex-col agent-turn\" tabindex=\"-1\">\n<div class=\"flex max-w-full flex-col grow\">\n<div class=\"min-h-8 text-message relative flex w-full flex-col items-end gap-2 text-start break-words whitespace-normal [.text-message+&amp;]:mt-1\" dir=\"auto\" data-message-author-role=\"assistant\" data-message-id=\"8ba48b1b-1bfb-4649-bff6-7a8a679577f5\" data-message-model-slug=\"gpt-5-2\">\n<div class=\"flex w-full flex-col gap-1 empty:hidden first:pt-[1px]\">\n<div class=\"markdown prose dark:prose-invert w-full wrap-break-word light markdown-new-styling\">\n<h2 data-start=\"0\" data-end=\"22\">BALTI SUVI LEEDUS<\/h2>\n<p data-start=\"23\" data-end=\"95\">Puhkus Palangas, ekskursioonid Klaipedasse, Kura s\u00e4\u00e4rele ja Liep\u0101jasse<\/p>\n<p data-start=\"97\" data-end=\"157\">Majutus hotellis \u201e\u017duv\u0117dra\u201c 3*+<br data-start=\"127\" data-end=\"130\" \/>K\u00d5IK EKSKURSIOONID HINNAS<\/p>\n<p data-start=\"159\" data-end=\"202\"><strong>19.06.2026 \u2013 24.06.2026<\/strong><br data-start=\"182\" data-end=\"185\" \/>6 p\u00e4eva \/ 5 \u00f6\u00f6d<\/p>\n<h4 data-start=\"204\" data-end=\"263\">Reisi hind: 570 \u20ac inimese kohta (grupp alates 20 inimest)<\/h4>\n<hr data-start=\"265\" data-end=\"268\" \/>\n<h2 data-start=\"270\" data-end=\"282\">1. p\u00e4ev<\/h2>\n<p data-start=\"284\" data-end=\"312\">06:00 v\u00e4ljas\u00f5it Tallinnast<\/p>\n<p data-start=\"314\" data-end=\"341\">S\u00f5it l\u00e4bi L\u00e4ti peatustega<\/p>\n<p data-start=\"343\" data-end=\"376\">12:00 l\u00f5unas\u00f6\u00f6k (lisatasu eest)<\/p>\n<p data-start=\"378\" data-end=\"400\">Saabumine Palangasse<\/p>\n<p data-start=\"402\" data-end=\"434\">Majutus hotellis \u201e\u017duv\u0117dra\u201c 3*+<\/p>\n<p data-start=\"436\" data-end=\"614\">Hotell asub rahulikus m\u00e4nnimetsas, Birut\u0117 pargi l\u00e4hedal ja vaid m\u00f5ne minuti jalutusk\u00e4igu kaugusel merest<br data-start=\"540\" data-end=\"543\" \/>\u00d5htu on vaba, et jalutada, nautida mere\u00f5hku ja puhata p\u00e4rast teekonda<\/p>\n<p data-start=\"616\" data-end=\"626\">Vaba aeg<\/p>\n<hr data-start=\"628\" data-end=\"631\" \/>\n<h2 data-start=\"633\" data-end=\"645\">2. p\u00e4ev<\/h2>\n<p data-start=\"647\" data-end=\"669\">Hommikus\u00f6\u00f6k hotellis<\/p>\n<p data-start=\"671\" data-end=\"714\">Linnaekskursioon Palangas (umbes 2 tundi)<\/p>\n<p data-start=\"716\" data-end=\"908\">Tutvume Leedu tuntuima kuurordi ja selle erilise atmosf\u00e4\u00e4riga<br data-start=\"777\" data-end=\"780\" \/>Saame teada, kuidas v\u00e4ikesest kalurik\u00fclast kujunes elegantne kuurort, mida k\u00fclastas aristokraatia ja loominguline intelligents<\/p>\n<p data-start=\"910\" data-end=\"1042\">Jalutusk\u00e4ik kesklinnas ja Jono Basanavi\u010diause jalak\u00e4ijate t\u00e4naval<br data-start=\"975\" data-end=\"978\" \/>Birut\u0117 park ja Tyszkiewiczide palee, kus asub Merevaigumuuseum<\/p>\n<p data-start=\"1044\" data-end=\"1054\">Vaba aeg<\/p>\n<hr data-start=\"1056\" data-end=\"1059\" \/>\n<h2 data-start=\"1061\" data-end=\"1073\">3. p\u00e4ev<\/h2>\n<p data-start=\"1075\" data-end=\"1097\">Hommikus\u00f6\u00f6k hotellis<\/p>\n<p data-start=\"1099\" data-end=\"1152\">Terve p\u00e4eva ekskursioon Klaipedasse ja Kura s\u00e4\u00e4rele<\/p>\n<p data-start=\"1154\" data-end=\"1397\">Klaipeda on ajalooline sadamalinn hubase vanalinnaga, kus p\u00f5imuvad mereline ajalugu ja eri ajastute arhitektuur<br data-start=\"1265\" data-end=\"1268\" \/>Edasi s\u00f5idame Kura s\u00e4\u00e4rele \u2013 ainulaadsesse looduskaitsealasse liivad\u00fc\u00fcnide, m\u00e4nnimetsade ja kaunite mere- ning laguunivaadetega<\/p>\n<p data-start=\"1399\" data-end=\"1450\">Soovi korral lisatasu eest Delfinaariumi k\u00fclastus<\/p>\n<hr data-start=\"1452\" data-end=\"1455\" \/>\n<h2 data-start=\"1457\" data-end=\"1469\">4. p\u00e4ev<\/h2>\n<p data-start=\"1471\" data-end=\"1493\">Hommikus\u00f6\u00f6k hotellis<\/p>\n<p data-start=\"1495\" data-end=\"1519\">Ekskursioon Liep\u0101jasse<\/p>\n<p data-start=\"1521\" data-end=\"1793\">Liep\u0101ja \u00fchendab kuurortlinna elegantsi ja sadamalinna elava atmosf\u00e4\u00e4ri<br data-start=\"1591\" data-end=\"1594\" \/>Jalutusk\u00e4ik ajaloolistel t\u00e4navatel<br data-start=\"1628\" data-end=\"1631\" \/>Tutvume linna muusikatraditsioonidega, mille t\u00f5ttu nimetatakse seda L\u00e4ti muusikapealinnaks<br data-start=\"1721\" data-end=\"1724\" \/>Promenaad, pargid ja ainulaadne arhitektuur loovad erilise meeleolu<\/p>\n<p data-start=\"1795\" data-end=\"1818\">Tagasis\u00f5it Palangasse<\/p>\n<p data-start=\"1820\" data-end=\"1830\">Vaba aeg<\/p>\n<hr data-start=\"1832\" data-end=\"1835\" \/>\n<h2 data-start=\"1837\" data-end=\"1849\">5. p\u00e4ev<\/h2>\n<p data-start=\"1851\" data-end=\"1873\">Hommikus\u00f6\u00f6k hotellis<\/p>\n<p data-start=\"1875\" data-end=\"1896\">Vaba p\u00e4ev puhkuseks<\/p>\n<p data-start=\"1898\" data-end=\"2008\">Soovi korral jalutusk\u00e4ik Palangas<br data-start=\"1931\" data-end=\"1934\" \/>V\u00f5imalus k\u00fclastada Illusioonide maja<br data-start=\"1970\" data-end=\"1973\" \/>Neitsi Maarja Taevaminemise kirik<\/p>\n<p data-start=\"2010\" data-end=\"2107\">\u00d5htul soovitame k\u00fclastada meelelahutuskeskust \u201eAt Jozas\u201c, kus ootab m\u00f5nus atmosf\u00e4\u00e4r ja hea tuju<\/p>\n<hr data-start=\"2109\" data-end=\"2112\" \/>\n<h2 data-start=\"2114\" data-end=\"2126\">6. p\u00e4ev<\/h2>\n<p data-start=\"2128\" data-end=\"2150\">Hommikus\u00f6\u00f6k hotellis<\/p>\n<p data-start=\"2152\" data-end=\"2191\">12:00 tubade vabastamine ja v\u00e4ljas\u00f5it<\/p>\n<hr data-start=\"2193\" data-end=\"2196\" \/>\n<h3 data-start=\"2198\" data-end=\"2214\">Hinna sees<\/h3>\n<p data-start=\"2216\" data-end=\"2358\">Reisisaatja teenus<br data-start=\"2234\" data-end=\"2237\" \/>S\u00f5it mugava bussiga<br data-start=\"2256\" data-end=\"2259\" \/>5 \u00f6\u00f6d Palangas hotellis \u201e\u017duv\u0117dra\u201c 3*+ koos hommikus\u00f6\u00f6kidega<br data-start=\"2318\" data-end=\"2321\" \/>Ekskursioonid vastavalt programmile<\/p>\n<hr data-start=\"2360\" data-end=\"2363\" \/>\n<h3 data-start=\"2365\" data-end=\"2384\">Lisatasu eest<\/h3>\n<p data-start=\"2386\" data-end=\"2517\">L\u00f5una- ja \u00f5htus\u00f6\u00f6gid<br data-start=\"2406\" data-end=\"2409\" \/>Delfinaariumi piletid<br data-start=\"2430\" data-end=\"2433\" \/>\u00dchekohaline majutus 170 \u20ac<br data-start=\"2458\" data-end=\"2461\" \/>SPA-keskuse k\u00fclastus<br data-start=\"2481\" data-end=\"2484\" \/>Linnamaks hotellis 2 \u20ac \u00f6\u00f6 kohta<\/p>\n<p data-start=\"2519\" data-end=\"2553\" data-is-last-node=\"\" data-is-only-node=\"\"><strong>Ekskursioonid toimuvad vene keeles<\/strong><\/p>\n<\/div>\n<\/div>\n<\/div>\n<\/div>\n<div class=\"z-0 flex min-h-[46px] justify-start\"><\/div>\n<div class=\"mt-3 w-full empty:hidden\">\n<div class=\"text-center\"><\/div>\n<\/div>\n<\/div>\n<\/div>\n<\/article>\n<\/div>\n<div class=\"pointer-events-none h-px w-px absolute bottom-0\" aria-hidden=\"true\" data-edge=\"true\"><\/div>\n<p><\/p>","protected":false},"excerpt":{"rendered":"<p><strong>19.06.2026 \u2013 24.06.2026<\/strong><\/p>\n","protected":false},"featured_media":7851,"template":"","meta":{"_monsterinsights_skip_tracking":false,"_monsterinsights_sitenote_active":false,"_monsterinsights_sitenote_note":"","_monsterinsights_sitenote_category":0},"_links":{"self":[{"href":"https:\/\/leontravel.ee\/et\/wp-json\/wp\/v2\/product\/7850"}],"collection":[{"href":"https:\/\/leontravel.ee\/et\/wp-json\/wp\/v2\/product"}],"about":[{"href":"https:\/\/leontravel.ee\/et\/wp-json\/wp\/v2\/types\/product"}],"wp:featuredmedia":[{"embeddable":true,"href":"https:\/\/leontravel.ee\/et\/wp-json\/wp\/v2\/media\/7851"}],"wp:attachment":[{"href":"https:\/\/leontravel.ee\/et\/wp-json\/wp\/v2\/media?parent=7850"}],"curies":[{"name":"wp","href":"https:\/\/api.w.org\/{rel}","templated":true}]}}