{"id":7860,"date":"2026-01-19T12:19:57","date_gmt":"2026-01-19T10:19:57","guid":{"rendered":"https:\/\/leontravel.ee\/?post_type=product&#038;p=7860"},"modified":"2026-03-11T11:54:54","modified_gmt":"2026-03-11T09:54:54","slug":"usadby-i-vodopady-otkrojte-tajny-zapadnogo-harjumaa","status":"publish","type":"product","link":"https:\/\/leontravel.ee\/et\/tour\/russkij-usadby-i-vodopady-otkrojte-tajny-zapadnogo-harjumaa\/","title":{"rendered":"11.04.2026 Ajalooliste m\u00f5isate v\u00f5lu ja P\u00f5hja-Eesti rannik"},"content":{"rendered":"<p><\/p>\n<h2 data-start=\"0\" data-end=\"15\">11.04.2026<\/h2>\n<p data-start=\"17\" data-end=\"74\"><strong data-start=\"17\" data-end=\"74\">V\u00e4ljas\u00f5it kell 08:00 Solaris kaubanduskeskuse juurest<\/strong><\/p>\n<h3 data-start=\"76\" data-end=\"126\">Ajalooliste m\u00f5isate v\u00f5lu ja P\u00f5hja-Eesti rannik<\/h3>\n<p data-start=\"128\" data-end=\"213\">Kutsume teid meeleolukale reisile Loode-Eesti m\u00f5isatesse ja maalilistesse paikadesse.<\/p>\n<p data-start=\"215\" data-end=\"498\">Tutvume endise r\u00fc\u00fctlim\u00f5isa <strong data-start=\"242\" data-end=\"251\">Kumna<\/strong> ajalooga, jalutame <strong data-start=\"271\" data-end=\"286\">Harku m\u00f5isa<\/strong> territooriumil, kus P\u00f5hjas\u00f5ja ajal s\u00f5lmiti rahuleping, ning k\u00fclastame <strong data-start=\"357\" data-end=\"370\">J\u00e4lgim\u00e4ed<\/strong> \u2013 N\u00f5mme rajaja Nikolai von Glehni s\u00fcnnipaika. Hooldatud pargid, vanad alleed ja lood aadlisuguv\u00f5sadest viivad meid ajas tagasi.<\/p>\n<p data-start=\"500\" data-end=\"613\">Kevadel on eriti muljetavaldavad veerohked <strong data-start=\"543\" data-end=\"556\">Keila-Joa<\/strong> ja <strong data-start=\"560\" data-end=\"572\">Treppoja<\/strong> joad, mis n\u00e4itavad \u00e4rkava looduse j\u00f5udu.<\/p>\n<p data-start=\"615\" data-end=\"840\">Teeme peatuse <strong data-start=\"629\" data-end=\"650\">Klooga memoriaali<\/strong> juures, mis meenutab olulist ajaloo\u00f5ppetundi, ning seej\u00e4rel suundume <strong data-start=\"720\" data-end=\"732\">Paldiski<\/strong> linna, kus meid ootavad L\u00e4\u00e4nemere maalilised pankrannikud ja tuntud skulptori <strong data-start=\"811\" data-end=\"831\">Amandus Adamsoni<\/strong> looming.<\/p>\n<p data-start=\"842\" data-end=\"974\">Reisi l\u00f5petame <strong data-start=\"857\" data-end=\"876\">Pakri tuletorni<\/strong> juures ja vaikses <strong data-start=\"895\" data-end=\"924\">Radone\u017ei Sergiuse kirikus<\/strong>, nautides p\u00f5hjapoolse ranniku rahu ja karget ilu.<\/p>\n<p data-start=\"976\" data-end=\"1070\">Mugav transport, kogenud giid ja rahulik ajakava muudavad selle p\u00e4eva t\u00f5eliselt meeldej\u00e4\u00e4vaks.<\/p>\n<hr data-start=\"1072\" data-end=\"1075\" \/>\n<h2 data-start=\"1077\" data-end=\"1085\">Hind:<\/h2>\n<p data-start=\"1087\" data-end=\"1138\"><strong><del>58 \u20ac\u00a0<\/del> \u00a0 <span style=\"color: #800000;\">54 \u20ac<\/span><\/strong><br data-start=\"1098\" data-end=\"1101\" \/><strong><span style=\"color: #800000;\">52 \u20ac<\/span> <\/strong>\u2013 pension\u00e4rid ja kooli\u00f5pilased<\/p>\n<hr data-start=\"1140\" data-end=\"1143\" \/>\n<h2 data-start=\"1145\" data-end=\"1159\">Hinna sees:<\/h2>\n<ul data-start=\"1161\" data-end=\"1293\">\n<li data-start=\"1161\" data-end=\"1194\">\n<p data-start=\"1163\" data-end=\"1194\">bussitransport ja giiditeenus<\/p>\n<\/li>\n<li data-start=\"1195\" data-end=\"1246\">\n<p data-start=\"1197\" data-end=\"1246\">ekskursioonid ja sissep\u00e4\u00e4supiletid Kumna m\u00f5isas<\/p>\n<\/li>\n<li data-start=\"1247\" data-end=\"1293\">\n<p data-start=\"1249\" data-end=\"1293\">k\u00fclastus Amandus Adamsoni ateljeemuuseumis<\/p>\n<\/li>\n<\/ul>\n<hr data-start=\"1295\" data-end=\"1298\" \/>\n<h2 data-start=\"1300\" data-end=\"1332\">Lisatasu eest (soovi korral):<\/h2>\n<ul data-start=\"1334\" data-end=\"1380\">\n<li data-start=\"1334\" data-end=\"1380\">\n<p data-start=\"1336\" data-end=\"1380\">l\u00f5unas\u00f6\u00f6k Petrovski Tollimajas \u2248 8,50\u201311 \u20ac<\/p>\n<\/li>\n<\/ul>\n<hr data-start=\"1382\" data-end=\"1385\" \/>\n<p data-start=\"1387\" data-end=\"1422\" data-is-last-node=\"\" data-is-only-node=\"\">Ekskursioonid toimuvad vene keeles.<\/p>\n<p><\/p>","protected":false},"excerpt":{"rendered":"<p>11.04.2026<\/p>\n","protected":false},"featured_media":7864,"template":"","meta":{"_monsterinsights_skip_tracking":false,"_monsterinsights_sitenote_active":false,"_monsterinsights_sitenote_note":"","_monsterinsights_sitenote_category":0},"_links":{"self":[{"href":"https:\/\/leontravel.ee\/et\/wp-json\/wp\/v2\/product\/7860"}],"collection":[{"href":"https:\/\/leontravel.ee\/et\/wp-json\/wp\/v2\/product"}],"about":[{"href":"https:\/\/leontravel.ee\/et\/wp-json\/wp\/v2\/types\/product"}],"wp:featuredmedia":[{"embeddable":true,"href":"https:\/\/leontravel.ee\/et\/wp-json\/wp\/v2\/media\/7864"}],"wp:attachment":[{"href":"https:\/\/leontravel.ee\/et\/wp-json\/wp\/v2\/media?parent=7860"}],"curies":[{"name":"wp","href":"https:\/\/api.w.org\/{rel}","templated":true}]}}