{"id":7871,"date":"2026-01-21T15:05:08","date_gmt":"2026-01-21T13:05:08","guid":{"rendered":"https:\/\/leontravel.ee\/?post_type=product&#038;p=7871"},"modified":"2026-03-05T15:39:06","modified_gmt":"2026-03-05T13:39:06","slug":"finljandija-zolotoe-kolco-turku-turku-kaarina-naantali-ruissalo-fiskars-gid-julija-gajduk","status":"publish","type":"product","link":"https:\/\/leontravel.ee\/et\/tour\/russkij-finljandija-zolotoe-kolco-turku-turku-kaarina-naantali-ruissalo-fiskars-gid-julija-gajduk\/","title":{"rendered":"11.07.2026 \u2013 12.07.2026 Soome. Turu kuldne ring   Turu \u2013 Kaarina \u2013 Naantali \u2013 Ruissalo \u2013 Fiskars"},"content":{"rendered":"<p><\/p>\n<h2 data-start=\"0\" data-end=\"28\">Soome. Turu kuldne ring<\/h2>\n<h3 data-start=\"29\" data-end=\"81\">Turu \u2013 Kaarina \u2013 Naantali \u2013 Ruissalo \u2013 Fiskars<\/h3>\n<p data-start=\"82\" data-end=\"115\">\u00a0Autori ekskursioon, giid Julia Gaiduk<\/p>\n<p data-start=\"117\" data-end=\"365\">Edela-Soome on piirkond, kus algab Soome ajalugu ja avaneb saarestiku ilu<br data-start=\"190\" data-end=\"193\" \/>Soome vanim linn Turu, hubased rannikulinnad, rohelised Ruissalo saared ja Fiskarsi loov \u00f5hkkond loovad harmoonilise teekonna l\u00e4bi ajaloo, looduse ja p\u00f5hjamaise elustiili<\/p>\n<h4 data-start=\"367\" data-end=\"418\"><strong data-start=\"367\" data-end=\"394\">11.07.2026 \u2013 12.07.2026<br \/>\n<\/strong><br data-start=\"394\" data-end=\"397\" \/><strong data-start=\"397\" data-end=\"418\">Reisi hind: 195 \u20ac<\/strong><\/h4>\n<hr data-start=\"420\" data-end=\"423\" \/>\n<h2 data-start=\"425\" data-end=\"437\">1. p\u00e4ev<\/h2>\n<p data-start=\"439\" data-end=\"515\">06:30 kogunemine Tallinna D-terminalis<br data-start=\"477\" data-end=\"480\" \/>07:30 v\u00e4ljumine Tallink\u2019i laevaga<\/p>\n<p data-start=\"517\" data-end=\"617\">Saabumine Helsingisse ja s\u00f5it mugava bussiga Turu suunas \u2013 piirkonda, kus sai alguse Soome ajalugu<\/p>\n<p data-start=\"619\" data-end=\"1013\">Tere tulemast Turusse \u2013 linna, kus Soome ajalugu elab igal sammul<br data-start=\"684\" data-end=\"687\" \/>Vanalinna kitsad t\u00e4navad, v\u00e4\u00e4rikad hooned ja Aura j\u00f5e maalilised kaldapealsed loovad ainulaadse atmosf\u00e4\u00e4ri<br data-start=\"793\" data-end=\"796\" \/>Turu \u00fchendab ajaloolised m\u00e4lestusm\u00e4rgid ja t\u00e4nap\u00e4evase elu<br data-start=\"854\" data-end=\"857\" \/>Merevaated ja tuhandetest saartest koosnev saarestik annavad linnale erilise v\u00f5lu<br data-start=\"938\" data-end=\"941\" \/>See linn kutsub jalutama, avastama ja kogema p\u00f5hjamaist ajalugu ja ilu<\/p>\n<p data-start=\"1015\" data-end=\"1056\">Vaba aeg iseseisvaks l\u00f5unas\u00f6\u00f6giks Turus<\/p>\n<p data-start=\"1058\" data-end=\"1247\">S\u00f5it Kaarinasse<br data-start=\"1073\" data-end=\"1076\" \/>Kaarina on rahulik ja roheline linnake Turu l\u00e4hedal, kus hubased t\u00e4navad vahelduvad parkide ja j\u00f5ekallastega<br data-start=\"1184\" data-end=\"1187\" \/>\u00dcmbruskonnas avanevad kaunid vaated merele ja saarestikule<\/p>\n<p data-start=\"1249\" data-end=\"1508\">Majutus 3\u2605 hotellis Kaarinas<br data-start=\"1277\" data-end=\"1280\" \/>Hotell asub rahulikus ja rohelises piirkonnas<br data-start=\"1325\" data-end=\"1328\" \/>K\u00fclastajatele on tasuta WiFi ja kaks sauna l\u00f5\u00f5gastumiseks<br data-start=\"1385\" data-end=\"1388\" \/>Tubades on kaabeltelevisioon ning tee ja kohvi valmistamise v\u00f5imalus<br data-start=\"1456\" data-end=\"1459\" \/>Rand asub umbes 20 minuti jalutusk\u00e4igu kaugusel<\/p>\n<p data-start=\"1510\" data-end=\"1560\">Vaba aeg jalutamiseks v\u00f5i mere \u00e4\u00e4res puhkamiseks<\/p>\n<hr data-start=\"1562\" data-end=\"1565\" \/>\n<h2 data-start=\"1567\" data-end=\"1579\">2. p\u00e4ev<\/h2>\n<p data-start=\"1581\" data-end=\"1603\">Hommikus\u00f6\u00f6k hotellis<\/p>\n<p data-start=\"1605\" data-end=\"1981\">S\u00f5it Naantalisse \u2013 hubasesse ja maalilisse linnakesse Turu l\u00e4hedal<br data-start=\"1671\" data-end=\"1674\" \/>Jalutame vanadel t\u00e4navatel, k\u00fclastame k\u00e4sit\u00f6\u00f6tubasid ja kohvikuid<br data-start=\"1739\" data-end=\"1742\" \/>K\u00fclastame Vallis Gratiae kloostrikirikut ning jalutame keskpargis<br data-start=\"1807\" data-end=\"1810\" \/>Naantali promenaad ajalooliste supelrandade, restoranide ja kohvikutega loob m\u00f5nusa mere\u00f5hkkonna<br data-start=\"1906\" data-end=\"1909\" \/>V\u00e4ina teisel kaldal n\u00e4eme lossi, mis on Soome presidendi suveresidents<\/p>\n<p data-start=\"1983\" data-end=\"2194\">Ruissalo \u2013 looduskaunis saar Turu l\u00e4hedal<br data-start=\"2024\" data-end=\"2027\" \/>M\u00e4nnid, merevaated ja rahulikud rajad loovad ideaalse koha jalutamiseks<br data-start=\"2098\" data-end=\"2101\" \/>Saarel asub Turu botaanikaaed, kuhu sissep\u00e4\u00e4s on tasuta ja mida saab k\u00fclastada soovi korral<\/p>\n<p data-start=\"2196\" data-end=\"2231\">Vaba aeg iseseisvaks l\u00f5unas\u00f6\u00f6giks<\/p>\n<p data-start=\"2233\" data-end=\"2744\">J\u00e4rgmine peatus on Fiskars \u2013 maaliline k\u00fcla, kus ajalugu ja kaasaegne disain p\u00f5imuvad<br data-start=\"2318\" data-end=\"2321\" \/>Kitsad t\u00e4navad ja ajaloolised tehasehooned jutustavad paiga t\u00f6\u00f6stuslikust minevikust<br data-start=\"2405\" data-end=\"2408\" \/>K\u00fcla l\u00e4bib tammidega j\u00f5gi, mille kaldal rajati 1649. aastal rauatehas<br data-start=\"2477\" data-end=\"2480\" \/>T\u00e4nap\u00e4eval on Fiskars tuntud oma kvaliteetsete toodete poolest \u2013 k\u00e4\u00e4rid, noad, n\u00f5ud ja aiat\u00f6\u00f6riistad on saanud Soome s\u00fcmboliks<br data-start=\"2606\" data-end=\"2609\" \/>Siin elavad ja t\u00f6\u00f6tavad kunstnikud ning disainerid<br data-start=\"2659\" data-end=\"2662\" \/>Avatud on stuudiod, t\u00f6\u00f6kojad ja poed, kus saab n\u00e4ha ainulaadsete esemete loomist<\/p>\n<p data-start=\"2746\" data-end=\"2834\">Jalutusk\u00e4ik Fiskarsis on t\u00f5eline elamus \u2013 ajalugu, loovus ja p\u00f5hjamaine kunst \u00fcheskoos<\/p>\n<p data-start=\"2836\" data-end=\"2920\">18:30 tagasis\u00f5it Helsingisse<br data-start=\"2864\" data-end=\"2867\" \/>19:30 laeva v\u00e4ljumine<br data-start=\"2888\" data-end=\"2891\" \/>21:30 saabumine Tallinnasse<\/p>\n<hr data-start=\"2922\" data-end=\"2925\" \/>\n<h2 data-start=\"2927\" data-end=\"2942\">Hinna sees<\/h2>\n<p data-start=\"2944\" data-end=\"3036\">Laevas\u00f5it edasi-tagasi<br data-start=\"2966\" data-end=\"2969\" \/>Bussitransport ja giiditeenus<br data-start=\"2998\" data-end=\"3001\" \/>1 \u00f6\u00f6 hotellis koos hommikus\u00f6\u00f6giga<\/p>\n<hr data-start=\"3038\" data-end=\"3041\" \/>\n<h2 data-start=\"3043\" data-end=\"3074\">Soovi korral lisatasu eest<\/h2>\n<p data-start=\"3076\" data-end=\"3201\">L\u00f5una- ja \u00f5htus\u00f6\u00f6gid<br data-start=\"3096\" data-end=\"3099\" \/>Toitlustus laeval<br data-start=\"3116\" data-end=\"3119\" \/>Hommikus\u00f6\u00f6k laeval t\u00e4iskasvanu 20,50 \u20ac<br data-start=\"3157\" data-end=\"3160\" \/>Lapsed 12\u201317 a 10 \u20ac<br data-start=\"3179\" data-end=\"3182\" \/>Lapsed 6\u201311 a 8 \u20ac<\/p>\n<p data-start=\"3203\" data-end=\"3287\" data-is-last-node=\"\" data-is-only-node=\"\">\u00d5htus\u00f6\u00f6k laeval t\u00e4iskasvanu 31,50 \u20ac<br data-start=\"3238\" data-end=\"3241\" \/>Lapsed 12\u201317 a 16,50 \u20ac<br data-start=\"3263\" data-end=\"3266\" \/>Lapsed 6\u201311 a 13,50 \u20ac<\/p>\n<p><\/p>","protected":false},"excerpt":{"rendered":"<p><strong data-start=\"367\" data-end=\"394\">11.07.2026 \u2013 12.07.2026<\/strong><\/p>\n","protected":false},"featured_media":7874,"template":"","meta":{"_monsterinsights_skip_tracking":false,"_monsterinsights_sitenote_active":false,"_monsterinsights_sitenote_note":"","_monsterinsights_sitenote_category":0},"_links":{"self":[{"href":"https:\/\/leontravel.ee\/et\/wp-json\/wp\/v2\/product\/7871"}],"collection":[{"href":"https:\/\/leontravel.ee\/et\/wp-json\/wp\/v2\/product"}],"about":[{"href":"https:\/\/leontravel.ee\/et\/wp-json\/wp\/v2\/types\/product"}],"wp:featuredmedia":[{"embeddable":true,"href":"https:\/\/leontravel.ee\/et\/wp-json\/wp\/v2\/media\/7874"}],"wp:attachment":[{"href":"https:\/\/leontravel.ee\/et\/wp-json\/wp\/v2\/media?parent=7871"}],"curies":[{"name":"wp","href":"https:\/\/api.w.org\/{rel}","templated":true}]}}