{"id":7913,"date":"2026-01-26T12:56:07","date_gmt":"2026-01-26T10:56:07","guid":{"rendered":"https:\/\/leontravel.ee\/?post_type=product&#038;p=7913"},"modified":"2026-02-23T20:03:03","modified_gmt":"2026-02-23T18:03:03","slug":"polsha-v-ozhidanii-rozhdestva-zvezdnaja-para-varshava-i-krakov-i-shoping-i-jekskursii-labirint-sveta-i-sad-fantazij-2","status":"publish","type":"product","link":"https:\/\/leontravel.ee\/et\/tour\/russkij-polsha-v-ozhidanii-rozhdestva-zvezdnaja-para-varshava-i-krakov-i-shoping-i-jekskursii-labirint-sveta-i-sad-fantazij-2\/","title":{"rendered":"19.12.2026 \u2013 23.12.2026 Poola j\u00f5uluootuses T\u00e4hepaar: Varssavi ja Krak\u00f3w"},"content":{"rendered":"<p><\/p>\n<h2 data-start=\"0\" data-end=\"23\">Poola j\u00f5uluootuses<\/h2>\n<p data-start=\"24\" data-end=\"112\">T\u00e4hepaar: Varssavi ja Krak\u00f3w\u00a0 Ostud ja ekskursioonid<br data-start=\"77\" data-end=\"80\" \/>Valguslab\u00fcrint ja Fantaasiaaed<\/p>\n<p data-start=\"114\" data-end=\"157\"><strong>19.12.2026 \u2013 23.12.2026<\/strong><br data-start=\"137\" data-end=\"140\" \/>5 p\u00e4eva \/ 4 \u00f6\u00f6d<\/p>\n<p data-start=\"159\" data-end=\"319\">\u00d5hus on kuuseokste, mandariinide ja kaneeli l\u00f5hn, k\u00f5lab j\u00f5ulumuusika, vaateaknad s\u00e4ravad tulekestest ning k\u00f5ikjal on tunda l\u00e4henevate p\u00fchade erilist meeleolu.<\/p>\n<p data-start=\"321\" data-end=\"429\">Kutsume teid Poola j\u00f5ulumuinasjuttu, kus saate kogeda soojust, valgust ja p\u00fchadeootuse imelist atmosf\u00e4\u00e4ri.<\/p>\n<hr data-start=\"431\" data-end=\"434\" \/>\n<h2 data-start=\"436\" data-end=\"464\">1. p\u00e4ev \u2013 20. detsember<\/h2>\n<p data-start=\"466\" data-end=\"494\">06:00 v\u00e4ljas\u00f5it Tallinnast<\/p>\n<p data-start=\"496\" data-end=\"563\">S\u00f5it l\u00e4bi L\u00e4ti, Leedu ja Poola<br data-start=\"526\" data-end=\"529\" \/>Kohvipausid teel (lisatasu eest)<\/p>\n<p data-start=\"565\" data-end=\"619\">Saabumine Varssavisse<br data-start=\"586\" data-end=\"589\" \/>Majutus 3\u2605 hotellis<br data-start=\"608\" data-end=\"611\" \/>Puhkus<\/p>\n<hr data-start=\"621\" data-end=\"624\" \/>\n<h2 data-start=\"626\" data-end=\"654\">2. p\u00e4ev \u2013 21. detsember<\/h2>\n<p data-start=\"656\" data-end=\"683\">J\u00f5ulumuinasjutt Varssavis<\/p>\n<p data-start=\"685\" data-end=\"962\">Poola pealinn on kaunis igal aastaajal, kuid j\u00f5ulude eel muutub see t\u00f5eliseks muinasjutumaaks. T\u00e4navad on t\u00e4idetud valgusinstallatsioonide, suurte kingipakkide, kuuseehete ja p\u00f5hjap\u00f5tradega. \u00d5htuh\u00e4maruses s\u00fcttivad tuled ning linn muutub s\u00e4ravaks j\u00f5uluimet ootavaks maailmaks.<\/p>\n<p data-start=\"964\" data-end=\"986\">Hommikus\u00f6\u00f6k hotellis<\/p>\n<p data-start=\"988\" data-end=\"1274\">Bussi- ja jalgsiekskursioon Varssavis<br data-start=\"1025\" data-end=\"1028\" \/>Saksi palee<br data-start=\"1039\" data-end=\"1042\" \/>Kazimierzowski palee<br data-start=\"1062\" data-end=\"1065\" \/>Krasi\u0144skite palee<br data-start=\"1082\" data-end=\"1085\" \/>Jeesuse S\u00fcdame kirik<br data-start=\"1105\" data-end=\"1108\" \/>Radziwi\u0142\u0142ide palee (t\u00e4nane Presidendi palee)<br data-start=\"1152\" data-end=\"1155\" \/>Varssavi Muusikaakadeemia vanim hoone<br data-start=\"1192\" data-end=\"1195\" \/>Miodowa t\u00e4nav<br data-start=\"1208\" data-end=\"1211\" \/>Vanalinna turg<br data-start=\"1225\" data-end=\"1228\" \/>Lossiv\u00e4ljak<br data-start=\"1239\" data-end=\"1242\" \/>Kuningaloss<br data-start=\"1253\" data-end=\"1256\" \/>P\u00fcha Risti kirik<\/p>\n<p data-start=\"1276\" data-end=\"1299\">Vaba aeg l\u00f5unas\u00f6\u00f6giks<\/p>\n<p data-start=\"1301\" data-end=\"1480\">\u00d5htul k\u00fclastame Valguslab\u00fcrinti ja Fantaasiaaeda Wilan\u00f3wi paleepargis<br data-start=\"1370\" data-end=\"1373\" \/>Umbes 150 000 v\u00e4rvilist tulekest, 3D valgusinstallatsioonid ja muinasjututegelased loovad erilise elamuse<\/p>\n<p data-start=\"1482\" data-end=\"1532\">S\u00f5it Krak\u00f3wisse<br data-start=\"1497\" data-end=\"1500\" \/>Majutus 3\u2605 hotellis<br data-start=\"1519\" data-end=\"1522\" \/>Vaba aeg<\/p>\n<hr data-start=\"1534\" data-end=\"1537\" \/>\n<h2 data-start=\"1539\" data-end=\"1567\">3. p\u00e4ev \u2013 22. detsember<\/h2>\n<p data-start=\"1569\" data-end=\"1591\">Hommikus\u00f6\u00f6k hotellis<\/p>\n<p data-start=\"1593\" data-end=\"1821\">Ekskursioon Wieliczka soolakaevandusse<br data-start=\"1631\" data-end=\"1634\" \/>Unikaalne maa-alune maailm galeriide, saalide ja soolast nikerdatud skulptuuridega<br data-start=\"1716\" data-end=\"1719\" \/>K\u00fclastame P\u00fcha Kinga kabelit<br data-start=\"1747\" data-end=\"1750\" \/>Ekskursioon kestab 2\u20133 tundi<br data-start=\"1778\" data-end=\"1781\" \/>Temperatuur maa all umbes 16\u201317 kraadi<\/p>\n<p data-start=\"1823\" data-end=\"1846\">Tagasis\u00f5it Krak\u00f3wisse<\/p>\n<p data-start=\"1848\" data-end=\"2063\">Soovitame<br data-start=\"1857\" data-end=\"1860\" \/>Jalutusk\u00e4ik Ryneki v\u00e4ljakul, kus toimub \u00fcks Euroopa kaunimaid j\u00f5uluturge<br data-start=\"1932\" data-end=\"1935\" \/>Proovige kuuma gl\u00f6gi (grzaniec) ja grillitud oscypeki juustu j\u00f5hvikakastmega<br data-start=\"2011\" data-end=\"2014\" \/>\u00d5htus\u00f6\u00f6k restoranis Pod Wawelem v\u00f5i Morskie Oko<\/p>\n<p data-start=\"2065\" data-end=\"2075\">Vaba aeg<\/p>\n<hr data-start=\"2077\" data-end=\"2080\" \/>\n<h2 data-start=\"2082\" data-end=\"2110\">4. p\u00e4ev \u2013 23. detsember<\/h2>\n<p data-start=\"2112\" data-end=\"2134\">Hommikus\u00f6\u00f6k hotellis<\/p>\n<p data-start=\"2136\" data-end=\"2163\">Linnaekskursioon Krak\u00f3wis<\/p>\n<p data-start=\"2165\" data-end=\"2347\">Jalutusk\u00e4ik vanalinnas<br data-start=\"2187\" data-end=\"2190\" \/>Waweli loss ja katedraal<br data-start=\"2214\" data-end=\"2217\" \/>Legend Krak\u00f3wi draakonist<br data-start=\"2242\" data-end=\"2245\" \/>Euroopa suurim turuv\u00e4ljak<br data-start=\"2270\" data-end=\"2273\" \/>Maarja kirik ja kuulus trompetisignaal hejnal<br data-start=\"2318\" data-end=\"2321\" \/>Sukiennice kaubagaleriid<\/p>\n<p data-start=\"2349\" data-end=\"2473\">Talvel muutub Krak\u00f3w t\u00f5eliseks j\u00f5ulumuinasjutuks \u2013 linn s\u00e4rab tuledes ning turul\u00f5hn seguneb gl\u00f6gi ja piparkookide aroomiga<\/p>\n<p data-start=\"2475\" data-end=\"2520\">S\u00f5it \u0141om\u017casse<br data-start=\"2488\" data-end=\"2491\" \/>Majutus hotellis<br data-start=\"2507\" data-end=\"2510\" \/>Vaba aeg<\/p>\n<hr data-start=\"2522\" data-end=\"2525\" \/>\n<h2 data-start=\"2527\" data-end=\"2555\">5. p\u00e4ev \u2013 24. detsember<\/h2>\n<p data-start=\"2557\" data-end=\"2579\">Hommikus\u00f6\u00f6k hotellis<\/p>\n<p data-start=\"2581\" data-end=\"2676\">V\u00e4ljas\u00f5it hotellist<br data-start=\"2600\" data-end=\"2603\" \/>Tagasis\u00f5it Eestisse kohvipausidega teel<br data-start=\"2642\" data-end=\"2645\" \/>Saabumine Tallinna hilis\u00f5htul<\/p>\n<hr data-start=\"2678\" data-end=\"2681\" \/>\n<h4 data-start=\"2683\" data-end=\"2729\">Reisi hind: 469 \u20ac inimese kohta kaheses toas<\/h4>\n<hr data-start=\"2731\" data-end=\"2734\" \/>\n<h3 data-start=\"2736\" data-end=\"2752\">Hinna sees<\/h3>\n<p data-start=\"2754\" data-end=\"2901\">Reisisaatja teenus<br data-start=\"2772\" data-end=\"2775\" \/>S\u00f5it mugava bussiga<br data-start=\"2794\" data-end=\"2797\" \/>4 \u00f6\u00f6d hotellides Poolas koos hommikus\u00f6\u00f6kidega<br data-start=\"2842\" data-end=\"2845\" \/>Ekskursioonid vastavalt programmile kohalike giididega<\/p>\n<hr data-start=\"2903\" data-end=\"2906\" \/>\n<h3 data-start=\"2908\" data-end=\"2931\">Hinna sees ei ole<\/h3>\n<p data-start=\"2933\" data-end=\"3056\">L\u00f5una- ja \u00f5htus\u00f6\u00f6gid<br data-start=\"2953\" data-end=\"2956\" \/>Linnamaks hotellides<br data-start=\"2976\" data-end=\"2979\" \/>Sissep\u00e4\u00e4supilet Valguslab\u00fcrinti ja Fantaasiaaeda<br data-start=\"3027\" data-end=\"3030\" \/>Raadio-giidi k\u00f5rvaklapid<\/p>\n<p data-start=\"3058\" data-end=\"3092\" data-is-last-node=\"\" data-is-only-node=\"\"><strong>Ekskursioonid toimuvad vene keeles<\/strong><\/p>\n<p><\/p>","protected":false},"excerpt":{"rendered":"<p><strong>19.12.2026 \u2013 23.12.2026<\/strong><\/p>\n","protected":false},"featured_media":7917,"template":"","meta":{"_monsterinsights_skip_tracking":false,"_monsterinsights_sitenote_active":false,"_monsterinsights_sitenote_note":"","_monsterinsights_sitenote_category":0},"_links":{"self":[{"href":"https:\/\/leontravel.ee\/et\/wp-json\/wp\/v2\/product\/7913"}],"collection":[{"href":"https:\/\/leontravel.ee\/et\/wp-json\/wp\/v2\/product"}],"about":[{"href":"https:\/\/leontravel.ee\/et\/wp-json\/wp\/v2\/types\/product"}],"wp:featuredmedia":[{"embeddable":true,"href":"https:\/\/leontravel.ee\/et\/wp-json\/wp\/v2\/media\/7917"}],"wp:attachment":[{"href":"https:\/\/leontravel.ee\/et\/wp-json\/wp\/v2\/media?parent=7913"}],"curies":[{"name":"wp","href":"https:\/\/api.w.org\/{rel}","templated":true}]}}