{"id":7928,"date":"2026-01-27T11:39:36","date_gmt":"2026-01-27T09:39:36","guid":{"rendered":"https:\/\/leontravel.ee\/?post_type=product&#038;p=7928"},"modified":"2026-04-08T12:01:36","modified_gmt":"2026-04-08T09:01:36","slug":"parizh-rozhdestvo-kak-iskusstvo","status":"publish","type":"product","link":"https:\/\/leontravel.ee\/et\/tour\/russkij-parizh-rozdestvo\/","title":{"rendered":"18.12.2026 &#8211; 21.12.2026 PARIIS. J\u00d5ULUD KUNSTINA"},"content":{"rendered":"<p><\/p>\n<h4 data-section-id=\"slbtgl\" data-start=\"118\" data-end=\"152\">V\u00f5luv Pariis: j\u00f5ulude lummus<\/h4>\n<p data-start=\"153\" data-end=\"180\"><strong data-start=\"153\" data-end=\"180\">18.12.2026 \u2013 21.12.2026<\/strong><\/p>\n<p data-start=\"182\" data-end=\"250\">Teie l\u00fchike, kuid unustamatu n\u00e4dalavahetus talvise muinasjutu r\u00fcpes!<\/p>\n<hr data-start=\"252\" data-end=\"255\" \/>\n<h4 data-section-id=\"1kghwd\" data-start=\"257\" data-end=\"269\">1. p\u00e4ev<\/h4>\n<h3 data-section-id=\"vhlgve\" data-start=\"270\" data-end=\"308\">Saabumine ja Champs-\u00c9lys\u00e9es\u2019 tuled<\/h3>\n<p data-start=\"310\" data-end=\"384\">Kohtumine Tallinna lennujaamas.<br data-start=\"341\" data-end=\"344\" \/>Lend Tallinn \u2013 Pariis <strong data-start=\"366\" data-end=\"383\">17:10 \u2013 19:15<\/strong>.<\/p>\n<p data-start=\"386\" data-end=\"662\">Saabumine Pariisi. Teel hotelli s\u00f5idame l\u00e4bi linna keskuse, kus t\u00e4navad on kaunilt j\u00f5uludeks ehitud. Pariis, mis on kaetud s\u00e4ravate tuledega, avaneb kogu oma hiilguses: vitriinid s\u00e4delevad, ning kuldse valgusega valgustatud <strong data-start=\"610\" data-end=\"626\">Eiffeli torn<\/strong> k\u00f5rgub majesteetlikult linna kohal.<\/p>\n<p data-start=\"664\" data-end=\"691\">Transfeer hotelli, majutus.<\/p>\n<p data-start=\"693\" data-end=\"754\">\u00d5htul on v\u00f5imalus nautida \u00f5htus\u00f6\u00f6ki hubases Pariisi kohvikus.<\/p>\n<p data-start=\"756\" data-end=\"763\">Puhkus.<\/p>\n<hr data-start=\"765\" data-end=\"768\" \/>\n<h4 data-section-id=\"tfgxjy\" data-start=\"770\" data-end=\"782\">2. p\u00e4ev<\/h4>\n<h3 data-section-id=\"1uo9jdi\" data-start=\"783\" data-end=\"820\">Pariisi s\u00fcda ja j\u00f5ulune atmosf\u00e4\u00e4r<\/h3>\n<p data-start=\"822\" data-end=\"843\">Hommikus\u00f6\u00f6k hotellis.<\/p>\n<p data-start=\"845\" data-end=\"882\">Jalgsiekskursioon <strong data-start=\"863\" data-end=\"881\">\u201ePariisi s\u00fcda\u201c<\/strong>:<\/p>\n<ul data-start=\"884\" data-end=\"989\">\n<li data-section-id=\"2773ik\" data-start=\"884\" data-end=\"904\">Louvre (v\u00e4ljast)<\/li>\n<li data-section-id=\"ldlsx1\" data-start=\"905\" data-end=\"929\">Seine\u2019i kaldapealsed<\/li>\n<li data-section-id=\"c4a81q\" data-start=\"930\" data-end=\"943\">Cit\u00e9 saar<\/li>\n<li data-section-id=\"boh6l7\" data-start=\"944\" data-end=\"970\">Notre-Dame\u2019i katedraal<\/li>\n<li data-section-id=\"1ehl1o0\" data-start=\"971\" data-end=\"989\">Ladina kvartal<\/li>\n<\/ul>\n<p data-start=\"991\" data-end=\"1023\">Vaba aeg l\u00f5unaks ja ostlemiseks.<\/p>\n<p data-start=\"1025\" data-end=\"1058\">J\u00f5uluturud ja kaubamajad pakuvad:<\/p>\n<ul data-start=\"1060\" data-end=\"1136\">\n<li data-section-id=\"kyl9g1\" data-start=\"1060\" data-end=\"1086\">ainulaadseid kingitusi<\/li>\n<li data-section-id=\"1123m9k\" data-start=\"1087\" data-end=\"1110\">pidulikke maiustusi<\/li>\n<li data-section-id=\"1ai801h\" data-start=\"1111\" data-end=\"1136\">erilist j\u00f5ulumeeleolu<\/li>\n<\/ul>\n<p data-start=\"1138\" data-end=\"1151\">Soovi korral:<\/p>\n<ul data-start=\"1153\" data-end=\"1237\">\n<li data-section-id=\"8s2sys\" data-start=\"1153\" data-end=\"1184\">j\u00f5uluturg Tuileries\u2019 pargis<\/li>\n<li data-section-id=\"mvpg3r\" data-start=\"1185\" data-end=\"1237\">ostlemine Galeries Lafayette\u2019is v\u00f5i Printemps\u2019is<\/li>\n<\/ul>\n<p data-start=\"1239\" data-end=\"1281\"><strong data-start=\"1239\" data-end=\"1281\">16:00 \u2013 soovijatele Louvre\u2019i k\u00fclastus:<\/strong><\/p>\n<ul data-start=\"1283\" data-end=\"1354\">\n<li data-section-id=\"15jjy9z\" data-start=\"1283\" data-end=\"1322\">iseseisvalt \u2014 28 \u20ac (lastele tasuta)<\/li>\n<li data-section-id=\"dcaaye\" data-start=\"1323\" data-end=\"1354\">giidiga \u2014 70 \u20ac (lastele 35 \u20ac)<\/li>\n<\/ul>\n<p data-start=\"1356\" data-end=\"1371\">\u00d5htul vaba aeg.<\/p>\n<hr data-start=\"1373\" data-end=\"1376\" \/>\n<h4 data-section-id=\"szbfof\" data-start=\"1378\" data-end=\"1390\">3. p\u00e4ev<\/h4>\n<h3 data-section-id=\"1k2xd33\" data-start=\"1391\" data-end=\"1429\">Boheemlik Montmartre ja j\u00f5uluturud<\/h3>\n<p data-start=\"1431\" data-end=\"1452\">Hommikus\u00f6\u00f6k hotellis.<\/p>\n<p data-start=\"1454\" data-end=\"1500\">Jalgsiekskursioon <strong data-start=\"1472\" data-end=\"1499\">Montmartre\u2019i piirkonnas<\/strong>.<\/p>\n<p data-start=\"1502\" data-end=\"1552\">Liikumine Pariisis toimub metrooga (~2,55 \u20ac s\u00f5it).<\/p>\n<p data-start=\"1554\" data-end=\"1597\">Montmartre \u2014 erilise atmosf\u00e4\u00e4riga piirkond:<\/p>\n<ul data-start=\"1599\" data-end=\"1661\">\n<li data-section-id=\"17zcmbj\" data-start=\"1599\" data-end=\"1626\">kuulus <strong data-start=\"1608\" data-end=\"1624\">Moulin Rouge<\/strong><\/li>\n<li data-section-id=\"1fky0ku\" data-start=\"1627\" data-end=\"1661\">valge <strong data-start=\"1635\" data-end=\"1661\">Sacr\u00e9-C\u0153ur\u2019i basiilika<\/strong><\/li>\n<\/ul>\n<p data-start=\"1663\" data-end=\"1695\">Sageli toimub siin ka j\u00f5uluturg.<\/p>\n<p data-start=\"1697\" data-end=\"1710\">Teid ootavad:<\/p>\n<ul data-start=\"1712\" data-end=\"1813\">\n<li data-section-id=\"1msqaqc\" data-start=\"1712\" data-end=\"1738\">gl\u00f6gi ja kuum \u0161okolaad<\/li>\n<li data-section-id=\"1czdpu0\" data-start=\"1739\" data-end=\"1760\">r\u00f6stitud kastanid<\/li>\n<li data-section-id=\"1rm0m43\" data-start=\"1761\" data-end=\"1787\">prantsuse delikatessid<\/li>\n<li data-section-id=\"1rzd57q\" data-start=\"1788\" data-end=\"1813\">k\u00e4sit\u00f6\u00f6 ja suveniirid<\/li>\n<\/ul>\n<p data-start=\"1815\" data-end=\"1848\">Vaba aeg jalutamiseks ja l\u00f5unaks.<\/p>\n<h3 data-section-id=\"1ryo8tj\" data-start=\"1850\" data-end=\"1867\">Lisav\u00f5imalus:<\/h3>\n<p data-start=\"1869\" data-end=\"1968\"><strong data-start=\"1869\" data-end=\"1916\">V\u00e4ljas\u00f5it Vaux-le-Vicomte lossi (j\u00f5ululoss)<\/strong><br data-start=\"1916\" data-end=\"1919\" \/>Hind: 100 \u20ac (transport + ekskursioon + sissep\u00e4\u00e4s)<\/p>\n<p data-start=\"1970\" data-end=\"2018\">J\u00f5ulude ajal muutub loss t\u00f5eliseks muinasjutuks:<\/p>\n<ul data-start=\"2020\" data-end=\"2084\">\n<li data-section-id=\"1essoxj\" data-start=\"2020\" data-end=\"2044\">kaunistused ja tuled<\/li>\n<li data-section-id=\"llpu2h\" data-start=\"2045\" data-end=\"2059\">j\u00f5uluturud<\/li>\n<li data-section-id=\"1v8ahgn\" data-start=\"2060\" data-end=\"2084\">muusika ja etendused<\/li>\n<\/ul>\n<p data-start=\"2086\" data-end=\"2153\">P\u00e4eva l\u00f5petab <strong data-start=\"2100\" data-end=\"2120\">ilus ilutulestik<\/strong>, mis loob t\u00f5elise j\u00f5ulumeeleolu.<\/p>\n<hr data-start=\"2155\" data-end=\"2158\" \/>\n<h4 data-section-id=\"1tmqgyg\" data-start=\"2160\" data-end=\"2172\">4. p\u00e4ev<\/h4>\n<h3 data-section-id=\"sucgfq\" data-start=\"2173\" data-end=\"2198\">Muinasjutuline finaal<\/h3>\n<p data-start=\"2200\" data-end=\"2221\">Hommikus\u00f6\u00f6k hotellis.<\/p>\n<p data-start=\"2223\" data-end=\"2271\">11:00 \u2014 tubade vabastamine (pagas j\u00e4\u00e4b hotelli).<\/p>\n<p data-start=\"2273\" data-end=\"2293\">Vaba aeg kuni 17:00.<\/p>\n<p data-start=\"2295\" data-end=\"2308\">Soovi korral:<\/p>\n<h3 data-section-id=\"4k0vkd\" data-start=\"2310\" data-end=\"2341\">Op\u00e9ra Garnier k\u00fclastus<\/h3>\n<p data-start=\"2342\" data-end=\"2436\">\u00dcks Pariisi s\u00fcmboleid ja maailma kauneimaid teatreid.<br data-start=\"2395\" data-end=\"2398\" \/>Hind: 18 \u20ac (vajalik ette broneerimine)<\/p>\n<p data-start=\"2438\" data-end=\"2447\">V\u00f5imalus:<\/p>\n<ul data-start=\"2449\" data-end=\"2522\">\n<li data-section-id=\"9817nc\" data-start=\"2449\" data-end=\"2467\">osta kingitusi<\/li>\n<li data-section-id=\"2n5wql\" data-start=\"2468\" data-end=\"2487\">jalutada linnas<\/li>\n<li data-section-id=\"uiqun2\" data-start=\"2488\" data-end=\"2522\">nautida kohvi Pariisi kohvikus<\/li>\n<\/ul>\n<p data-start=\"2524\" data-end=\"2545\">Transfeer lennujaama.<\/p>\n<p data-start=\"2547\" data-end=\"2596\">Lend tagasi \u2014 kaasa v\u00f5etakse parimad emotsioonid!<\/p>\n<hr data-start=\"2598\" data-end=\"2601\" \/>\n<h3 data-section-id=\"o37atf\" data-start=\"2603\" data-end=\"2613\">Hind<\/h3>\n<p data-start=\"2615\" data-end=\"2684\"><strong data-start=\"2615\" data-end=\"2624\">799 \u20ac<\/strong> (kahekohaline tuba)<br data-start=\"2644\" data-end=\"2647\" \/>Lisatasu \u00fchekohalise toa eest \u2014 120 \u20ac<\/p>\n<hr data-start=\"2686\" data-end=\"2689\" \/>\n<h2 data-section-id=\"1uy1ysq\" data-start=\"2691\" data-end=\"2712\">Hinna sisse kuulub<\/h2>\n<ul data-start=\"2714\" data-end=\"2908\">\n<li data-section-id=\"pefthc\" data-start=\"2714\" data-end=\"2755\">lennupilet Tallinn \u2013 Pariis \u2013 Tallinn<\/li>\n<li data-section-id=\"l2pbil\" data-start=\"2756\" data-end=\"2774\">k\u00e4sipagas 8 kg<\/li>\n<li data-section-id=\"2n9a81\" data-start=\"2775\" data-end=\"2790\">pagas 23 kg<\/li>\n<li data-section-id=\"1qr1o97\" data-start=\"2791\" data-end=\"2806\">transfeerid<\/li>\n<li data-section-id=\"1fufew0\" data-start=\"2807\" data-end=\"2850\">majutus 3\u2605 hotellis koos hommikus\u00f6\u00f6giga<\/li>\n<li data-section-id=\"jin6y8\" data-start=\"2851\" data-end=\"2879\">Pariisi linnaekskursioon<\/li>\n<li data-section-id=\"1rxthm8\" data-start=\"2880\" data-end=\"2908\">Montmartre\u2019i jalutusk\u00e4ik<\/li>\n<\/ul>\n<hr data-start=\"2910\" data-end=\"2913\" \/>\n<h2 data-section-id=\"1xl7kqu\" data-start=\"2915\" data-end=\"2931\">Lisatasu eest<\/h2>\n<ul data-start=\"2933\" data-end=\"3131\">\n<li data-section-id=\"1jb6309\" data-start=\"2933\" data-end=\"2959\">linnamaks ~5,50 \u20ac \/ \u00f6\u00f6<\/li>\n<li data-section-id=\"12m4jjk\" data-start=\"2960\" data-end=\"2978\">audiogiid 10 \u20ac<\/li>\n<li data-section-id=\"1lz6lx1\" data-start=\"2979\" data-end=\"3019\">Eiffeli torn 23,50 \u20ac \/ lapsed 5,70 \u20ac<\/li>\n<li data-section-id=\"9qvrzi\" data-start=\"3020\" data-end=\"3061\">laevas\u00f5it Seine\u2019il 18 \u20ac \/ lapsed 12 \u20ac<\/li>\n<li data-section-id=\"9lj4sd\" data-start=\"3062\" data-end=\"3084\">Louvre 28 \u20ac \/ 70 \u20ac<\/li>\n<li data-section-id=\"p1r1bg\" data-start=\"3085\" data-end=\"3107\">Op\u00e9ra Garnier 18 \u20ac<\/li>\n<li data-section-id=\"1htv1sr\" data-start=\"3108\" data-end=\"3131\">\u00fchekohaline majutus<\/li>\n<\/ul>\n<hr data-start=\"3133\" data-end=\"3136\" \/>\n<p data-start=\"3138\" data-end=\"3177\"><strong data-start=\"3138\" data-end=\"3177\">Ekskursioonid toimuvad vene keeles.<\/strong><\/p>\n<p><\/p>","protected":false},"excerpt":{"rendered":"<p><strong>18.12.2026 &#8211; 21.12.2026<\/strong><\/p>\n","protected":false},"featured_media":7958,"template":"","meta":{"_monsterinsights_skip_tracking":false,"_monsterinsights_sitenote_active":false,"_monsterinsights_sitenote_note":"","_monsterinsights_sitenote_category":0},"_links":{"self":[{"href":"https:\/\/leontravel.ee\/et\/wp-json\/wp\/v2\/product\/7928"}],"collection":[{"href":"https:\/\/leontravel.ee\/et\/wp-json\/wp\/v2\/product"}],"about":[{"href":"https:\/\/leontravel.ee\/et\/wp-json\/wp\/v2\/types\/product"}],"wp:featuredmedia":[{"embeddable":true,"href":"https:\/\/leontravel.ee\/et\/wp-json\/wp\/v2\/media\/7958"}],"wp:attachment":[{"href":"https:\/\/leontravel.ee\/et\/wp-json\/wp\/v2\/media?parent=7928"}],"curies":[{"name":"wp","href":"https:\/\/api.w.org\/{rel}","templated":true}]}}