{"id":7952,"date":"2026-01-28T17:58:36","date_gmt":"2026-01-28T15:58:36","guid":{"rendered":"https:\/\/leontravel.ee\/?post_type=product&#038;p=7952"},"modified":"2026-03-12T12:33:06","modified_gmt":"2026-03-12T10:33:06","slug":"toskana-mechta-moja","status":"publish","type":"product","link":"https:\/\/leontravel.ee\/et\/tour\/russkij-toskana-mechta-moja\/","title":{"rendered":"24.10.2026-30.10.2026 TOSCANA \u2013 MINU UNISTUS"},"content":{"rendered":"<p><\/p>\n<h4 data-start=\"2910\" data-end=\"3016\">24.10.2026-30.10.2026<\/h4>\n<p data-start=\"2910\" data-end=\"3016\">programm on\u00a0 hiljem<\/p>\n<p data-start=\"3018\" data-end=\"3090\">Reisikorraldaja j\u00e4tab endale \u00f5iguse muuta k\u00fclastusobjektide j\u00e4rjekorda<\/p>\n<p data-start=\"3092\" data-end=\"3126\" data-is-last-node=\"\" data-is-only-node=\"\"><strong>Ekskursioonid toimuvad vene keeles<\/strong><\/p>\n<p><\/p>","protected":false},"excerpt":{"rendered":"<p><strong>24.10.2026-30.05.2026<\/strong><\/p>\n","protected":false},"featured_media":7953,"template":"","meta":{"_monsterinsights_skip_tracking":false,"_monsterinsights_sitenote_active":false,"_monsterinsights_sitenote_note":"","_monsterinsights_sitenote_category":0},"_links":{"self":[{"href":"https:\/\/leontravel.ee\/et\/wp-json\/wp\/v2\/product\/7952"}],"collection":[{"href":"https:\/\/leontravel.ee\/et\/wp-json\/wp\/v2\/product"}],"about":[{"href":"https:\/\/leontravel.ee\/et\/wp-json\/wp\/v2\/types\/product"}],"wp:featuredmedia":[{"embeddable":true,"href":"https:\/\/leontravel.ee\/et\/wp-json\/wp\/v2\/media\/7953"}],"wp:attachment":[{"href":"https:\/\/leontravel.ee\/et\/wp-json\/wp\/v2\/media?parent=7952"}],"curies":[{"name":"wp","href":"https:\/\/api.w.org\/{rel}","templated":true}]}}