{"id":8038,"date":"2026-02-23T20:38:15","date_gmt":"2026-02-23T18:38:15","guid":{"rendered":"https:\/\/leontravel.ee\/?post_type=product&#038;p=8038"},"modified":"2026-02-23T20:40:25","modified_gmt":"2026-02-23T18:40:25","slug":"18-08-2026-23-08-2026-leto-v-litve-otdyh-v-spa-otele-4-v-palange-jekskursii-v-klajpedu-na-kurshskuju-kosu-i-v-liepaju","status":"publish","type":"product","link":"https:\/\/leontravel.ee\/et\/tour\/7858-2\/","title":{"rendered":"18.08.2026 \u2013 23.08.2026 BALTI SUVI LEEDUS  Puhkus Palangas, ekskursioonid Klaipedasse, Kura s\u00e4\u00e4rele ja Liep\u0101jasse"},"content":{"rendered":"<p><\/p>\n<h2 data-start=\"0\" data-end=\"22\">BALTI SUVI LEEDUS<\/h2>\n<p data-start=\"23\" data-end=\"95\">Puhkus Palangas, ekskursioonid Klaipedasse, Kura s\u00e4\u00e4rele ja Liep\u0101jasse<\/p>\n<p data-start=\"97\" data-end=\"160\">Majutus SPA hotellis \u201eGabija\u201c 4*+<br data-start=\"130\" data-end=\"133\" \/>K\u00d5IK EKSKURSIOONID HINNAS<\/p>\n<p data-start=\"162\" data-end=\"205\"><strong>07.07.2026 \u2013 12.07.2026<\/strong><br data-start=\"185\" data-end=\"188\" \/>6 p\u00e4eva \/ 5 \u00f6\u00f6d<\/p>\n<p data-start=\"207\" data-end=\"250\"><strong>18.08.2026 \u2013 23.08.2026<\/strong><br data-start=\"230\" data-end=\"233\" \/>6 p\u00e4eva \/ 5 \u00f6\u00f6d<\/p>\n<h4 data-start=\"252\" data-end=\"311\">Reisi hind: 735 \u20ac inimese kohta (grupp alates 20 inimest)<\/h4>\n<hr data-start=\"313\" data-end=\"316\" \/>\n<h2 data-start=\"318\" data-end=\"330\">1. p\u00e4ev<\/h2>\n<p data-start=\"332\" data-end=\"360\">06:00 v\u00e4ljas\u00f5it Tallinnast<\/p>\n<p data-start=\"362\" data-end=\"389\">S\u00f5it l\u00e4bi L\u00e4ti peatustega<\/p>\n<p data-start=\"391\" data-end=\"424\">12:00 l\u00f5unas\u00f6\u00f6k (lisatasu eest)<\/p>\n<p data-start=\"426\" data-end=\"448\">Saabumine Palangasse<\/p>\n<p data-start=\"450\" data-end=\"480\">Majutus hotellis \u201eGabija\u201c 4*<\/p>\n<p data-start=\"482\" data-end=\"736\">P\u00e4rast majutust saate kohe tunda selle koha erilist atmosf\u00e4\u00e4ri<br data-start=\"544\" data-end=\"547\" \/>Kaasaegne ja mugav hotell asub \u00fches Palanga k\u00f5ige kaunimas ja rahulikumas piirkonnas, otse Birut\u0117 pargi peasissep\u00e4\u00e4su vastas ning jalutusk\u00e4igu kaugusel Balti mere valgetest liivarandadest<\/p>\n<p data-start=\"738\" data-end=\"758\">Vaba aeg ja puhkus<\/p>\n<hr data-start=\"760\" data-end=\"763\" \/>\n<h2 data-start=\"765\" data-end=\"777\">2. p\u00e4ev<\/h2>\n<p data-start=\"779\" data-end=\"801\">Hommikus\u00f6\u00f6k hotellis<\/p>\n<p data-start=\"803\" data-end=\"846\">Linnaekskursioon Palangas (umbes 2 tundi)<\/p>\n<p data-start=\"848\" data-end=\"1041\">Tutvume Leedu kuulsaima kuurordi ja selle erilise atmosf\u00e4\u00e4riga<br data-start=\"910\" data-end=\"913\" \/>Saame teada, kuidas v\u00e4ikesest kalurik\u00fclast kujunes elegantne kuurort, mida k\u00fclastas aristokraatia ja loominguline intelligents<\/p>\n<p data-start=\"1043\" data-end=\"1175\">Jalutusk\u00e4ik kesklinnas ja Jono Basanavi\u010diause jalak\u00e4ijate t\u00e4naval<br data-start=\"1108\" data-end=\"1111\" \/>Birut\u0117 park ja Tyszkiewiczide palee, kus asub Merevaigumuuseum<\/p>\n<p data-start=\"1177\" data-end=\"1187\">Vaba aeg<\/p>\n<hr data-start=\"1189\" data-end=\"1192\" \/>\n<h2 data-start=\"1194\" data-end=\"1206\">3. p\u00e4ev<\/h2>\n<p data-start=\"1208\" data-end=\"1230\">Hommikus\u00f6\u00f6k hotellis<\/p>\n<p data-start=\"1232\" data-end=\"1285\">Terve p\u00e4eva ekskursioon Klaipedasse ja Kura s\u00e4\u00e4rele<\/p>\n<p data-start=\"1287\" data-end=\"1530\">Klaipeda on ajalooline sadamalinn hubase vanalinnaga, kus p\u00f5imuvad mereline ajalugu ja eri ajastute arhitektuur<br data-start=\"1398\" data-end=\"1401\" \/>Edasi s\u00f5idame Kura s\u00e4\u00e4rele \u2013 ainulaadsesse looduskaitsealasse liivad\u00fc\u00fcnide, m\u00e4nnimetsade ja kaunite mere- ning laguunivaadetega<\/p>\n<p data-start=\"1532\" data-end=\"1583\">Soovi korral lisatasu eest Delfinaariumi k\u00fclastus<\/p>\n<hr data-start=\"1585\" data-end=\"1588\" \/>\n<h2 data-start=\"1590\" data-end=\"1602\">4. p\u00e4ev<\/h2>\n<p data-start=\"1604\" data-end=\"1626\">Hommikus\u00f6\u00f6k hotellis<\/p>\n<p data-start=\"1628\" data-end=\"1652\">Ekskursioon Liep\u0101jasse<\/p>\n<p data-start=\"1654\" data-end=\"1871\">Liep\u0101ja \u00fchendab kuurortlinna elegantsi ja sadamalinna elava atmosf\u00e4\u00e4ri<br data-start=\"1724\" data-end=\"1727\" \/>Jalutusk\u00e4ik ajaloolistel t\u00e4navatel<br data-start=\"1761\" data-end=\"1764\" \/>Saame teada linna rikkalikust muusikatraditsioonist<br data-start=\"1815\" data-end=\"1818\" \/>Imeline promenaad, pargid ja ainulaadne arhitektuur<\/p>\n<p data-start=\"1873\" data-end=\"1896\">Tagasis\u00f5it Palangasse<\/p>\n<p data-start=\"1898\" data-end=\"1908\">Vaba aeg<\/p>\n<hr data-start=\"1910\" data-end=\"1913\" \/>\n<h2 data-start=\"1915\" data-end=\"1927\">5. p\u00e4ev<\/h2>\n<p data-start=\"1929\" data-end=\"1951\">Hommikus\u00f6\u00f6k hotellis<\/p>\n<p data-start=\"1953\" data-end=\"1994\">Vaba p\u00e4ev puhkuseks ja mere nautimiseks<\/p>\n<hr data-start=\"1996\" data-end=\"1999\" \/>\n<h2 data-start=\"2001\" data-end=\"2013\">6. p\u00e4ev<\/h2>\n<p data-start=\"2015\" data-end=\"2037\">Hommikus\u00f6\u00f6k hotellis<\/p>\n<p data-start=\"2039\" data-end=\"2078\">12:00 tubade vabastamine ja v\u00e4ljas\u00f5it<\/p>\n<p data-start=\"2080\" data-end=\"2106\">Saabumine Tallinna \u00f5htul<\/p>\n<hr data-start=\"2108\" data-end=\"2111\" \/>\n<h3 data-start=\"2113\" data-end=\"2129\">Hinna sees<\/h3>\n<p data-start=\"2131\" data-end=\"2295\">Reisisaatja teenus<br data-start=\"2149\" data-end=\"2152\" \/>S\u00f5it mugava bussiga<br data-start=\"2171\" data-end=\"2174\" \/>5 \u00f6\u00f6d Palangas hotellis \u201eGabija\u201c koos hommikus\u00f6\u00f6kidega<br data-start=\"2228\" data-end=\"2231\" \/>Ekskursioonid vastavalt programmile<br data-start=\"2266\" data-end=\"2269\" \/>SPA-kompleksi kasutamine<\/p>\n<hr data-start=\"2297\" data-end=\"2300\" \/>\n<h3 data-start=\"2302\" data-end=\"2321\">Lisatasu eest<\/h3>\n<p data-start=\"2323\" data-end=\"2413\">L\u00f5una- ja \u00f5htus\u00f6\u00f6gid<br data-start=\"2343\" data-end=\"2346\" \/>Delfinaariumi piletid<br data-start=\"2367\" data-end=\"2370\" \/>\u00dchekohaline majutus \u2013 hinnap\u00e4ringu alusel<\/p>\n<hr data-start=\"2415\" data-end=\"2418\" \/>\n<h3 data-start=\"2420\" data-end=\"2452\">SPA-keskuse lahtiolekuajad<\/h3>\n<p data-start=\"2454\" data-end=\"2591\">P\u00fchap\u00e4ev\u2013reede<br data-start=\"2468\" data-end=\"2471\" \/>08:00\u201316:00 bassein, mullivann, j\u00f5usaal<br data-start=\"2510\" data-end=\"2513\" \/>17:00\u201321:00 bassein, mullivann, T\u00fcrgi aurusaun ja saun (saunad alates 18:00)<\/p>\n<p data-start=\"2593\" data-end=\"2707\">Reede\u2013laup\u00e4ev<br data-start=\"2606\" data-end=\"2609\" \/>08:00\u201316:00 bassein, mullivann, j\u00f5usaal<br data-start=\"2648\" data-end=\"2651\" \/>17:00\u201322:00 bassein, mullivann, T\u00fcrgi aurusaun ja saun<\/p>\n<p data-start=\"2709\" data-end=\"2897\">Esmasp\u00e4eviti on SPA suletud 14:00\u201317:00<br data-start=\"2748\" data-end=\"2751\" \/>Lahtiolekuajad v\u00f5ivad muutuda vastavalt hotelli administratsiooni otsusele<br data-start=\"2825\" data-end=\"2828\" \/>Soovitatav on kaasa v\u00f5tta isiklikud sussid nii tuppa kui ka SPA-sse<\/p>\n<p data-start=\"2899\" data-end=\"2933\" data-is-last-node=\"\" data-is-only-node=\"\"><strong>Ekskursioonid toimuvad vene keeles<\/strong><\/p>\n<p><\/p>","protected":false},"excerpt":{"rendered":"<p><strong>18.08.2026 \u2013 23.08.2026<\/strong><\/p>\n","protected":false},"featured_media":7859,"template":"","meta":{"_monsterinsights_skip_tracking":false,"_monsterinsights_sitenote_active":false,"_monsterinsights_sitenote_note":"","_monsterinsights_sitenote_category":0},"_links":{"self":[{"href":"https:\/\/leontravel.ee\/et\/wp-json\/wp\/v2\/product\/8038"}],"collection":[{"href":"https:\/\/leontravel.ee\/et\/wp-json\/wp\/v2\/product"}],"about":[{"href":"https:\/\/leontravel.ee\/et\/wp-json\/wp\/v2\/types\/product"}],"wp:featuredmedia":[{"embeddable":true,"href":"https:\/\/leontravel.ee\/et\/wp-json\/wp\/v2\/media\/7859"}],"wp:attachment":[{"href":"https:\/\/leontravel.ee\/et\/wp-json\/wp\/v2\/media?parent=8038"}],"curies":[{"name":"wp","href":"https:\/\/api.w.org\/{rel}","templated":true}]}}