{"id":8039,"date":"2026-02-23T23:43:02","date_gmt":"2026-02-23T21:43:02","guid":{"rendered":"https:\/\/leontravel.ee\/?post_type=product&#038;p=8039"},"modified":"2026-02-23T23:44:30","modified_gmt":"2026-02-23T21:44:30","slug":"26-10-2026-30-10-2026-slovenija-ljubljana-i-termy-recept-schastja-kopirovat","status":"publish","type":"product","link":"https:\/\/leontravel.ee\/et\/tour\/russkij-2026-slovenija-ljubljana-i-termy-recept-vesennego-schastja-2\/","title":{"rendered":"26.10.2026 \u2013 30.10.2026 Sloveenia    Ljubljana ja termid \u2013 \u00f5nneretsept"},"content":{"rendered":"<p><\/p>\n<h2 data-start=\"0\" data-end=\"18\">2026 Sloveenia<\/h2>\n<h3 data-start=\"19\" data-end=\"58\">Ljubljana ja termid \u2013 \u00f5nneretsept<\/h3>\n<p data-start=\"59\" data-end=\"78\"><strong data-start=\"59\" data-end=\"78\">6 p\u00e4eva \/ 5 \u00f6\u00f6d<\/strong><\/p>\n<p data-start=\"80\" data-end=\"142\"><strong>13.08.2026 \u2013 18.08.2026 <\/strong>6 p\u00e4eva \/ 5 \u00f6\u00f6d<br data-start=\"121\" data-end=\"124\" \/><strong>1250 \u20ac<\/strong> \/ inimene<\/p>\n<p data-start=\"144\" data-end=\"206\"><strong>26.10.2026 \u2013 30.10.2026 <\/strong>5 p\u00e4eva \/ 4 \u00f6\u00f6d<br data-start=\"185\" data-end=\"188\" \/><strong>1250 \u20ac<\/strong> \/ inimene<\/p>\n<hr data-start=\"208\" data-end=\"211\" \/>\n<h2 data-start=\"213\" data-end=\"225\">1. p\u00e4ev<\/h2>\n<p data-start=\"227\" data-end=\"289\"><strong>07:20<\/strong> kohtumine Tallinna lennujaamas LEON TRAVELi esindajaga<\/p>\n<p data-start=\"291\" data-end=\"350\">Tallinn 09:20 \u2013 Riia 10:10<br data-start=\"317\" data-end=\"320\" \/>Riia 11:45 \u2013 Ljubljana 13:00<\/p>\n<p data-start=\"352\" data-end=\"508\">13:00 saabumine Ljubljanasse<br data-start=\"380\" data-end=\"383\" \/>Transfeer kesklinna hotelli umbes 30 min<br data-start=\"423\" data-end=\"426\" \/>Pagas j\u00e4etakse hoiuruumi<br data-start=\"450\" data-end=\"453\" \/>Vaba aeg puhkuseks, l\u00f5unaks ja sisseregistreerimiseks<\/p>\n<p data-start=\"510\" data-end=\"763\">Ljubljana on nooruslik, moodne ja v\u00e4ga keskkonnas\u00f5bralik linn<br data-start=\"571\" data-end=\"574\" \/>2016. aastal nimetati see Euroopa roheliseks pealinnaks<br data-start=\"629\" data-end=\"632\" \/>Linnakeskuses on autoliiklus viidud miinimumini, \u00fchistransport on keskkonnas\u00e4\u00e4stlik ning loodud on ulatuslik rattateede v\u00f5rgustik<\/p>\n<p data-start=\"765\" data-end=\"1148\">Jalgsiekskursioon Ljubljanas umbes 2 tundi<br data-start=\"807\" data-end=\"810\" \/>Algus Pre\u0161ereni v\u00e4ljakult, kus t\u00e4navamuusikud ja kohvil\u00f5hn loovad meeleolu<br data-start=\"884\" data-end=\"887\" \/>N\u00e4eme roosat frantsiskaani kirikut ja Kolmiksilda<br data-start=\"936\" data-end=\"939\" \/>Jalutame m\u00f6\u00f6da Ljubljanica j\u00f5e kaldapealseid<br data-start=\"983\" data-end=\"986\" \/>Vanalinn avaneb kitsaste t\u00e4navate, Draakonisilla ja Kesk\u00adturu kaudu<br data-start=\"1053\" data-end=\"1056\" \/>T\u00f5useme Lossim\u00e4e jalamil asuva Ljubljana lossi juurde, kust avaneb kaunis panoraam linnale<\/p>\n<p data-start=\"1150\" data-end=\"1282\">Soovitame \u00f5htus\u00f6\u00f6ki rahvuslikus restoranis<br data-start=\"1192\" data-end=\"1195\" \/>Druga Violina hubase atmosf\u00e4\u00e4riga<br data-start=\"1228\" data-end=\"1231\" \/>Gostilna Sokol traditsioonilise Sloveenia k\u00f6\u00f6giga<\/p>\n<p data-start=\"1284\" data-end=\"1309\">Vaba aeg ja \u00f6\u00f6 hotellis<\/p>\n<hr data-start=\"1311\" data-end=\"1314\" \/>\n<h2 data-start=\"1316\" data-end=\"1328\">2. p\u00e4ev<\/h2>\n<p data-start=\"1330\" data-end=\"1352\">Hommikus\u00f6\u00f6k hotellis<\/p>\n<p data-start=\"1354\" data-end=\"1458\">09:00 v\u00e4ljas\u00f5it Terme Snovikusse<br data-start=\"1386\" data-end=\"1389\" \/>S\u00f5it kestab umbes 35\u201340 minutit l\u00e4bi Tuhinji oru roheliste k\u00fcngaste<\/p>\n<p data-start=\"1460\" data-end=\"1636\">Terme Snoviki termaalvesi sisaldab kaltsiumi, magneesiumi, naatriumi, kaaliumi, rauda ja teisi mineraale<br data-start=\"1564\" data-end=\"1567\" \/>L\u00f5\u00f5gastume termobasseinides, saunades ja vabas \u00f5hus asuvates alades<\/p>\n<p data-start=\"1638\" data-end=\"1670\">L\u00f5unas\u00f6\u00f6k omal k\u00e4el kompleksis<\/p>\n<p data-start=\"1672\" data-end=\"1724\">P\u00e4rastl\u00f5unal j\u00e4tkub puhkus basseinides ja saunades<\/p>\n<p data-start=\"1726\" data-end=\"1784\">Tagasis\u00f5it hotelli umbes 16:00<br data-start=\"1756\" data-end=\"1759\" \/>Vaba aeg ja \u00f6\u00f6 hotellis<\/p>\n<hr data-start=\"1786\" data-end=\"1789\" \/>\n<h2 data-start=\"1791\" data-end=\"1803\">3. p\u00e4ev<\/h2>\n<p data-start=\"1805\" data-end=\"1827\">Hommikus\u00f6\u00f6k hotellis<\/p>\n<p data-start=\"1829\" data-end=\"2026\">09:00 v\u00e4ljas\u00f5it Postojna koopasse<br data-start=\"1862\" data-end=\"1865\" \/>Umbes tunnise s\u00f5idu j\u00e4rel j\u00f5uame \u00fchte Euroopa kaunimasse karstikoopasse<br data-start=\"1936\" data-end=\"1939\" \/>S\u00f5idame kooparongiga l\u00e4bi maa-aluste galeriide ja imetleme stalaktiite ja stalagmiite<\/p>\n<p data-start=\"2028\" data-end=\"2146\">Edasi l\u00fchike s\u00f5it Predjama lossi<br data-start=\"2060\" data-end=\"2063\" \/>Loss on ehitatud otse kaljusse<br data-start=\"2093\" data-end=\"2096\" \/>Tutvume keskaegsete saalide ja r\u00fc\u00fctlite ajalooga<\/p>\n<p data-start=\"2148\" data-end=\"2206\">Tagasis\u00f5it hotelli umbes 16:00<br data-start=\"2178\" data-end=\"2181\" \/>Vaba aeg ja \u00f6\u00f6 hotellis<\/p>\n<hr data-start=\"2208\" data-end=\"2211\" \/>\n<h2 data-start=\"2213\" data-end=\"2225\">4. p\u00e4ev<\/h2>\n<p data-start=\"2227\" data-end=\"2249\">Hommikus\u00f6\u00f6k hotellis<\/p>\n<p data-start=\"2251\" data-end=\"2319\">09:00 v\u00e4ljas\u00f5it Terme \u010cate\u017eisse<br data-start=\"2282\" data-end=\"2285\" \/>Umbes 1 tund ja 15 minutit s\u00f5itu<\/p>\n<p data-start=\"2321\" data-end=\"2416\">Termides ootavad basseinid, saunad, h\u00fcdromassaa\u017e ja Rooma stiilis spaad<br data-start=\"2392\" data-end=\"2395\" \/>L\u00f5unas\u00f6\u00f6k omal k\u00e4el<\/p>\n<p data-start=\"2418\" data-end=\"2450\">Tagasis\u00f5it hotelli umbes 16:00<\/p>\n<p data-start=\"2452\" data-end=\"2579\">Vabal ajal soovitame jalutusk\u00e4iku Tivoli pargis<br data-start=\"2499\" data-end=\"2502\" \/>See on Ljubljana suurim ja rohelisim park, kus saab nautida rahu ja loodust<\/p>\n<p data-start=\"2581\" data-end=\"2606\">Vaba aeg ja \u00f6\u00f6 hotellis<\/p>\n<hr data-start=\"2608\" data-end=\"2611\" \/>\n<h2 data-start=\"2613\" data-end=\"2625\">5. p\u00e4ev<\/h2>\n<p data-start=\"2627\" data-end=\"2649\">Hommikus\u00f6\u00f6k hotellis<\/p>\n<p data-start=\"2651\" data-end=\"2766\">09:00 s\u00f5it Bledi<br data-start=\"2667\" data-end=\"2670\" \/>Umbes tunnine teekond ja avaneb vaade kristallselgele j\u00e4rvele, mida \u00fcmbritsevad rohelised m\u00e4ed<\/p>\n<p data-start=\"2768\" data-end=\"2904\">Jalutame j\u00e4rve kaldal ja naudime vaateid<br data-start=\"2808\" data-end=\"2811\" \/>S\u00f5idame paadiga saarele v\u00e4ikese kiriku juurde, kus saab helistada kellasid ja soovida soovi<\/p>\n<p data-start=\"2906\" data-end=\"2984\">K\u00fclastame Bledi lossi<br data-start=\"2927\" data-end=\"2930\" \/>Terrassilt avaneb vaade j\u00e4rvele, saarele ja Alpidele<\/p>\n<p data-start=\"2986\" data-end=\"3004\">Vaba aeg l\u00f5unaks<\/p>\n<p data-start=\"3006\" data-end=\"3054\">Soovi korral paadis\u00f5it, kajakirent v\u00f5i ujumine<\/p>\n<p data-start=\"3056\" data-end=\"3114\">Tagasis\u00f5it hotelli umbes 17:00<br data-start=\"3086\" data-end=\"3089\" \/>Vaba aeg ja \u00f6\u00f6 hotellis<\/p>\n<hr data-start=\"3116\" data-end=\"3119\" \/>\n<h2 data-start=\"3121\" data-end=\"3133\">6. p\u00e4ev<\/h2>\n<p data-start=\"3135\" data-end=\"3157\">Hommikus\u00f6\u00f6k hotellis<\/p>\n<p data-start=\"3159\" data-end=\"3186\">11:00 lahkumine hotellist<\/p>\n<p data-start=\"3188\" data-end=\"3247\">Ljubljana 13:45 \u2013 Riia 17:00<br data-start=\"3216\" data-end=\"3219\" \/>Riia 20:10 \u2013 Tallinn 21:00<\/p>\n<hr data-start=\"3249\" data-end=\"3252\" \/>\n<h2 data-start=\"3319\" data-end=\"3334\">Hinna sees<\/h2>\n<p data-start=\"3336\" data-end=\"3527\">Lennupiletid k\u00e4sipagas kuni 8 kg ja registreeritud pagas 23 kg<br data-start=\"3398\" data-end=\"3401\" \/>Majutus kesklinna hotellis koos hommikus\u00f6\u00f6giga<br data-start=\"3447\" data-end=\"3450\" \/>Transfeer lennujaam\u2013hotell\u2013lennujaam<br data-start=\"3486\" data-end=\"3489\" \/>K\u00f5ik programmis toodud ekskursioonid<\/p>\n<hr data-start=\"3529\" data-end=\"3532\" \/>\n<h2 data-start=\"3534\" data-end=\"3556\">Hinna sees ei ole<\/h2>\n<p data-start=\"3558\" data-end=\"3698\">L\u00f5una- ja \u00f5htus\u00f6\u00f6gid<br data-start=\"3578\" data-end=\"3581\" \/>Linnamaks hotellis<br data-start=\"3599\" data-end=\"3602\" \/>Sissep\u00e4\u00e4supiletid termidesse<br data-start=\"3630\" data-end=\"3633\" \/>Ekskursioonik\u00f5rvaklapid<br data-start=\"3656\" data-end=\"3659\" \/>Sissep\u00e4\u00e4supiletid vaatamisv\u00e4\u00e4rsustele<\/p>\n<p data-start=\"3700\" data-end=\"3787\"><strong>Bledi loss<\/strong><br data-start=\"3710\" data-end=\"3713\" \/>T\u00e4iskasvanud 18 \u20ac<br data-start=\"3730\" data-end=\"3733\" \/>\u00d5pilased 11,50 \u20ac<br data-start=\"3749\" data-end=\"3752\" \/>Lapsed 7 \u20ac<br data-start=\"3762\" data-end=\"3765\" \/>Pension\u00e4rid 65+ 15 \u20ac<\/p>\n<p data-start=\"3789\" data-end=\"3884\"><strong>Postojna koobas<\/strong><br data-start=\"3804\" data-end=\"3807\" \/>T\u00e4iskasvanud 32,90 \u20ac<br data-start=\"3827\" data-end=\"3830\" \/>\u00d5pilased 11,50 \u20ac<br data-start=\"3846\" data-end=\"3849\" \/>Lapsed 7 \u20ac<br data-start=\"3859\" data-end=\"3862\" \/>Pension\u00e4rid 65+ 15 \u20ac<\/p>\n<p data-start=\"3886\" data-end=\"3955\" data-is-last-node=\"\" data-is-only-node=\"\"><strong>Predjama loss<\/strong><br data-start=\"3899\" data-end=\"3902\" \/>T\u00e4iskasvanud 21 \u20ac<br data-start=\"3919\" data-end=\"3922\" \/>\u00d5pilased 16,90 \u20ac<br data-start=\"3938\" data-end=\"3941\" \/>Lapsed 12,50 \u20ac<\/p>\n<p><\/p>","protected":false},"excerpt":{"rendered":"<p><strong>13.08.2026 \u2013 18.08.2026<\/strong><br \/>\n<strong>26.10.2026 \u2013 30.10.2026<\/strong><\/p>\n","protected":false},"featured_media":7780,"template":"","meta":{"_monsterinsights_skip_tracking":false,"_monsterinsights_sitenote_active":false,"_monsterinsights_sitenote_note":"","_monsterinsights_sitenote_category":0},"_links":{"self":[{"href":"https:\/\/leontravel.ee\/et\/wp-json\/wp\/v2\/product\/8039"}],"collection":[{"href":"https:\/\/leontravel.ee\/et\/wp-json\/wp\/v2\/product"}],"about":[{"href":"https:\/\/leontravel.ee\/et\/wp-json\/wp\/v2\/types\/product"}],"wp:featuredmedia":[{"embeddable":true,"href":"https:\/\/leontravel.ee\/et\/wp-json\/wp\/v2\/media\/7780"}],"wp:attachment":[{"href":"https:\/\/leontravel.ee\/et\/wp-json\/wp\/v2\/media?parent=8039"}],"curies":[{"name":"wp","href":"https:\/\/api.w.org\/{rel}","templated":true}]}}