{"id":8040,"date":"2026-02-24T00:16:34","date_gmt":"2026-02-23T22:16:34","guid":{"rendered":"https:\/\/leontravel.ee\/?post_type=product&#038;p=8040"},"modified":"2026-03-10T17:43:08","modified_gmt":"2026-03-10T15:43:08","slug":"08-08-2026-zhemchuzhiny-finljandii-helsinki-porvoo-langinkoski-istorija-i-priroda-za-odin-den-gid-julija-gajduk","status":"publish","type":"product","link":"https:\/\/leontravel.ee\/et\/tour\/russkij-istoricheskie-zhemchuzhiny-finljandii-helsinki-porvoo-langinkoski-istorija-i-priroda-za-odin-den-2\/","title":{"rendered":"08.08.2026 Soome p\u00e4rlid    Helsingi \u2013 Porvoo \u2013 Langinkoski Ajalugu ja loodus \u00fche p\u00e4evaga"},"content":{"rendered":"<p><\/p>\n<h2 data-start=\"0\" data-end=\"17\">Soome p\u00e4rlid<\/h2>\n<h3 data-start=\"18\" data-end=\"55\">Helsingi \u2013 Porvoo \u2013 Langinkoski<\/h3>\n<h3 data-start=\"56\" data-end=\"91\">Ajalugu ja loodus \u00fche p\u00e4evaga<\/h3>\n<p data-start=\"92\" data-end=\"111\">Giid Julia Gaiduk<\/p>\n<p data-start=\"113\" data-end=\"144\"><strong data-start=\"113\" data-end=\"127\">13.06.2026<\/strong><br data-start=\"127\" data-end=\"130\" \/><strong data-start=\"130\" data-end=\"144\">08.08.2026<\/strong><\/p>\n<h4 data-start=\"146\" data-end=\"244\"><strong data-start=\"146\" data-end=\"179\">Reisi hind: 119 \u20ac t\u00e4iskasvanu<\/strong><br data-start=\"179\" data-end=\"182\" \/><strong data-start=\"182\" data-end=\"244\">110 \u20ac p\u00fcsiklientidele, pension\u00e4ridele ja lastele kuni 12 a<\/strong><\/h4>\n<hr data-start=\"246\" data-end=\"249\" \/>\n<p data-start=\"271\" data-end=\"377\"><strong>06:30<\/strong> kogunemine Tallinna D-terminalis<br data-start=\"309\" data-end=\"312\" \/>07:30 v\u00e4ljumine Tallink\u2019i laevaga<br data-start=\"345\" data-end=\"348\" \/>09:30 saabumine Helsingisse<\/p>\n<p data-start=\"379\" data-end=\"395\">S\u00f5it Porvoosse<\/p>\n<p data-start=\"397\" data-end=\"424\">Jalgsiekskursioon Porvoos<\/p>\n<p data-start=\"426\" data-end=\"731\">V\u00e4ike ja v\u00f5luv Porvoo on s\u00e4ilitanud oma ajaloolise vanalinna<br data-start=\"486\" data-end=\"489\" \/>Puitmajadest koosnevates hoonetes elatakse t\u00e4naseni<br data-start=\"540\" data-end=\"543\" \/>Linnas leidub arvukalt v\u00e4ikseid poode, kohvikuid ja muuseume<br data-start=\"603\" data-end=\"606\" \/>Porvoo kohal k\u00f5rgub keskaegne kivikirik<br data-start=\"645\" data-end=\"648\" \/>Linn on t\u00f5eline vaba\u00f5humuuseum ning l\u00e4bi aegade on see inspireerinud loomeinimesi<\/p>\n<p data-start=\"733\" data-end=\"769\">\u0160okolaadimaiustuste degusteerimine<\/p>\n<p data-start=\"771\" data-end=\"826\">Vaba aeg linnas, soovi korral l\u00f5unas\u00f6\u00f6k lisatasu eest<\/p>\n<p data-start=\"828\" data-end=\"849\">S\u00f5it Langinkoskisse<\/p>\n<p data-start=\"851\" data-end=\"1073\">Langinkoski keiserlik suvila, mis kuulus Aleksander III perekonnale, ehitati 19. sajandi l\u00f5pus<br data-start=\"945\" data-end=\"948\" \/>Rohelusse peitunud suvemaja on s\u00e4ilinud algsel kujul ning m\u00f6\u00f6bel paikneb tubades samamoodi nagu enam kui sada aastat tagasi<\/p>\n<p data-start=\"1075\" data-end=\"1147\">Tagasis\u00f5it Helsingisse<br data-start=\"1097\" data-end=\"1100\" \/>Vaba aeg Helsingis ja l\u00fchike linnaekskursioon<\/p>\n<p data-start=\"1149\" data-end=\"1216\">18:30 s\u00f5it Helsingi sadamasse<br data-start=\"1178\" data-end=\"1181\" \/><strong>19:30<\/strong> laeva v\u00e4ljumine Tallinnasse<\/p>\n<hr data-start=\"1218\" data-end=\"1221\" \/>\n<h2 data-start=\"1223\" data-end=\"1238\">Hinna sees<\/h2>\n<p data-start=\"1240\" data-end=\"1342\">Laevas\u00f5it edasi-tagasi<br data-start=\"1262\" data-end=\"1265\" \/>Bussitransport ja giiditeenus<br data-start=\"1294\" data-end=\"1297\" \/>Sissep\u00e4\u00e4s keiserliku suvila territooriumile<\/p>\n<hr data-start=\"1344\" data-end=\"1347\" \/>\n<h2 data-start=\"1349\" data-end=\"1375\">Lisatasu soovi korral<\/h2>\n<p data-start=\"1377\" data-end=\"1446\">Sissep\u00e4\u00e4supilet muuseumisse 10\u201312 \u20ac grupi puhul alates 10 inimesest<\/p>\n<hr data-start=\"1448\" data-end=\"1451\" \/>\n<p data-start=\"1453\" data-end=\"1486\" data-is-last-node=\"\" data-is-only-node=\"\">Programmis v\u00f5ib esineda muudatusi<\/p>\n<p><\/p>","protected":false},"excerpt":{"rendered":"<p><strong>13.06.2026<\/strong><br \/>\n<strong>08.08.2026<\/strong><\/p>\n","protected":false},"featured_media":7537,"template":"","meta":{"_monsterinsights_skip_tracking":false,"_monsterinsights_sitenote_active":false,"_monsterinsights_sitenote_note":"","_monsterinsights_sitenote_category":0},"_links":{"self":[{"href":"https:\/\/leontravel.ee\/et\/wp-json\/wp\/v2\/product\/8040"}],"collection":[{"href":"https:\/\/leontravel.ee\/et\/wp-json\/wp\/v2\/product"}],"about":[{"href":"https:\/\/leontravel.ee\/et\/wp-json\/wp\/v2\/types\/product"}],"wp:featuredmedia":[{"embeddable":true,"href":"https:\/\/leontravel.ee\/et\/wp-json\/wp\/v2\/media\/7537"}],"wp:attachment":[{"href":"https:\/\/leontravel.ee\/et\/wp-json\/wp\/v2\/media?parent=8040"}],"curies":[{"name":"wp","href":"https:\/\/api.w.org\/{rel}","templated":true}]}}