{"id":8048,"date":"2026-02-27T16:48:07","date_gmt":"2026-02-27T14:48:07","guid":{"rendered":"https:\/\/leontravel.ee\/?post_type=product&#038;p=8048"},"modified":"2026-03-02T13:20:32","modified_gmt":"2026-03-02T11:20:32","slug":"industrialnyj-sever-jestonii-shahty-usadby-i-vodopad-valaste","status":"publish","type":"product","link":"https:\/\/leontravel.ee\/et\/tour\/toostuslik-pohja-eesti-kaevandused-moisad-ja-valaste-juga\/","title":{"rendered":"T\u00f6\u00f6stuslik P\u00f5hja-Eesti: kaevandused, m\u00f5isad ja Valaste juga"},"content":{"rendered":"<p><\/p>\n<h4 data-start=\"0\" data-end=\"15\">25. aprill<\/h4>\n<p data-start=\"17\" data-end=\"71\"><strong>09:00 \u2014 v\u00e4ljas\u00f5it Solaris kaubanduskeskuse juurest<\/strong><\/p>\n<h4 data-start=\"73\" data-end=\"134\">T\u00f6\u00f6stuslik P\u00f5hja-Eesti: kaevandused, m\u00f5isad ja Valaste juga<\/h4>\n<p data-start=\"136\" data-end=\"326\">See marsruut on t\u00f5eline r\u00e4nnak P\u00f5hja-Eesti t\u00f6\u00f6stuspiirkonna ajalukku ja iseloomu, kus kaevandusmaastike karm esteetika p\u00f5imub \u00fcllataval viisil vanade m\u00f5isate elegantsi ja looduse v\u00f5imsusega.<\/p>\n<p data-start=\"328\" data-end=\"551\">Meie p\u00e4ev algab <strong>Kivi\u00f5li<\/strong> seikluspargi mastaapide tutvustamisega (k\u00fclastuseta). Park on rajatud aherainem\u00e4e tippu \u2013 see on piirkonna kaevandusliku mineviku s\u00fcmbol. Juba esmapilgul avaneb muljetavaldav vaade t\u00f6\u00f6stusmaastikule.<\/p>\n<p data-start=\"553\" data-end=\"731\">Seej\u00e4rel liigume <strong>Maidla m\u00f5isa<\/strong>, kus valitseb rahulik m\u00f5isalik atmosf\u00e4\u00e4r. Ajalooline arhitektuur, pargialleed ja m\u00f5isaelu lugu aitavad tunnetada eri ajastute ja stiilide kontrasti.<\/p>\n<p data-start=\"733\" data-end=\"1001\">Piirkonna vaimse m\u00f5\u00f5tme avab <strong>L\u00fcganuse kirik<\/strong> oma ainulaadse \u00fcmara torniga. Just siin teenis pastorina <strong>Otto Wilhelm Masing<\/strong> \u2014 valgustaja ja keeleteadlane, kes t\u00f5i eesti t\u00e4hestikku t\u00e4he \u00d5. See paik kannab endas nii arhitektuurilist kui ka olulist kultuuriloolist v\u00e4\u00e4rtust.<\/p>\n<p data-start=\"1003\" data-end=\"1291\">K\u00f5ige erilisem ja meeldej\u00e4\u00e4vam elamus on laskumine <strong>Kohtla-N\u00f5mme Kaevandusmuuseumisse.<\/strong> Kiivrid peas, liigume m\u00f6\u00f6da p\u00e4ris kaevandusk\u00e4ike, n\u00e4eme t\u00f6\u00f6s v\u00f5imsat m\u00e4etehnikat ning s\u00f5idame autentse kaevurirongiga. See on v\u00f5imalus kogeda kaevurite elu ja tunnetada maa-aluse maailma t\u00f5elist m\u00f5\u00f5det.<\/p>\n<p data-start=\"1293\" data-end=\"1464\">Reisi l\u00f5petab k\u00fclastus Eesti k\u00f5rgeima joa juurde \u2014 <strong>Valaste juga,<\/strong> mis langeb majesteetlikult alla P\u00f5hja-Eesti klindi servalt. Kevadel on juga eriti v\u00f5imas ja muljetavaldav.<\/p>\n<p data-start=\"1466\" data-end=\"1512\">Tagasis\u00f5it Tallinna orienteeruvalt <strong>kell 19:00<\/strong>.<\/p>\n<hr data-start=\"1514\" data-end=\"1517\" \/>\n<h2 data-start=\"0\" data-end=\"14\">Reisi hind:<\/h2>\n<p data-start=\"16\" data-end=\"97\"><strong><del>72 \u20ac<\/del> \/ <span style=\"color: #800000;\">63 \u20ac<\/span><\/strong><br data-start=\"27\" data-end=\"30\" \/><strong>60 \u20ac<\/strong> \u2014 p\u00fcsiklientidele<br data-start=\"52\" data-end=\"55\" \/><strong>60 \u20ac<\/strong> \u2014 pension\u00e4ridele ja kooli\u00f5pilastele<\/p>\n<hr data-start=\"99\" data-end=\"102\" \/>\n<h2 data-start=\"104\" data-end=\"118\">Hinna sees:<\/h2>\n<ul data-start=\"120\" data-end=\"159\">\n<li data-start=\"120\" data-end=\"143\">\n<p data-start=\"122\" data-end=\"143\">s\u00f5it mugava bussiga<\/p>\n<\/li>\n<li data-start=\"144\" data-end=\"159\">\n<p data-start=\"146\" data-end=\"159\">giiditeenus<\/p>\n<\/li>\n<\/ul>\n<hr data-start=\"161\" data-end=\"164\" \/>\n<h2 data-start=\"166\" data-end=\"183\">Lisatasu eest:<\/h2>\n<ul data-start=\"185\" data-end=\"330\" data-is-last-node=\"\" data-is-only-node=\"\">\n<li data-start=\"185\" data-end=\"307\">\n<p data-start=\"187\" data-end=\"307\">sissep\u00e4\u00e4supilet ja ekskursioon Kaevandusmuuseumis \u2014 <strong>23 \u20ac \/ 15 \u20ac<\/strong> (pension\u00e4rid ja lapsed), tasutakse reisi broneerimisel<\/p>\n<\/li>\n<li data-start=\"308\" data-end=\"330\" data-is-last-node=\"\">\n<p data-start=\"310\" data-end=\"330\" data-is-last-node=\"\">grupil\u00f5una <strong>\u223c 10\u201315 \u20ac<\/strong><\/p>\n<\/li>\n<\/ul>\n<hr data-start=\"1761\" data-end=\"1764\" \/>\n<p data-start=\"1766\" data-end=\"1805\" data-is-last-node=\"\" data-is-only-node=\"\"><strong data-start=\"1766\" data-end=\"1805\" data-is-last-node=\"\">Ekskursioonid toimuvad vene keeles.<\/strong><\/p>\n<p><\/p>","protected":false},"excerpt":{"rendered":"<p><strong>25.04.2026<\/strong><\/p>\n","protected":false},"featured_media":8049,"template":"","meta":{"_monsterinsights_skip_tracking":false,"_monsterinsights_sitenote_active":false,"_monsterinsights_sitenote_note":"","_monsterinsights_sitenote_category":0},"_links":{"self":[{"href":"https:\/\/leontravel.ee\/et\/wp-json\/wp\/v2\/product\/8048"}],"collection":[{"href":"https:\/\/leontravel.ee\/et\/wp-json\/wp\/v2\/product"}],"about":[{"href":"https:\/\/leontravel.ee\/et\/wp-json\/wp\/v2\/types\/product"}],"wp:featuredmedia":[{"embeddable":true,"href":"https:\/\/leontravel.ee\/et\/wp-json\/wp\/v2\/media\/8049"}],"wp:attachment":[{"href":"https:\/\/leontravel.ee\/et\/wp-json\/wp\/v2\/media?parent=8048"}],"curies":[{"name":"wp","href":"https:\/\/api.w.org\/{rel}","templated":true}]}}