{"id":8090,"date":"2026-03-16T15:23:39","date_gmt":"2026-03-16T13:23:39","guid":{"rendered":"https:\/\/leontravel.ee\/?post_type=product&#038;p=8090"},"modified":"2026-03-16T15:23:39","modified_gmt":"2026-03-16T13:23:39","slug":"06-06-2026-zaterjannyj-vne-vremeni-i-prostranstva-o-vormsi","status":"publish","type":"product","link":"https:\/\/leontravel.ee\/et\/tour\/06-06-2026-ajast-ja-ruumist-justkui-kadunud-vormsi-saar\/","title":{"rendered":"06.06.2026   Ajast ja ruumist justkui kadunud\u2026 Vormsi saar"},"content":{"rendered":"<p><\/p>\n<h3 data-section-id=\"1g7f41t\" data-start=\"0\" data-end=\"49\">Ajast ja ruumist justkui kadunud\u2026 Vormsi saar<\/h3>\n<p data-start=\"51\" data-end=\"65\"><strong data-start=\"51\" data-end=\"65\">06.06.2026<\/strong><\/p>\n<p data-start=\"67\" data-end=\"172\"><strong data-start=\"67\" data-end=\"84\">Reisi kestus:<\/strong> 12 tundi<br data-start=\"93\" data-end=\"96\" \/><strong data-start=\"96\" data-end=\"110\">V\u00e4ljas\u00f5it:<\/strong> kell 08:00<br data-start=\"121\" data-end=\"124\" \/><strong data-start=\"124\" data-end=\"144\">Tagasi Tallinna:<\/strong> orienteeruvalt kell 20:00<\/p>\n<p data-start=\"174\" data-end=\"218\"><strong data-start=\"174\" data-end=\"218\">K\u00f5ik ekskursioonid toimuvad vene keeles.<\/strong><\/p>\n<hr data-start=\"220\" data-end=\"223\" \/>\n<p data-start=\"245\" data-end=\"501\">Reisi jooksul ootab meid jalutusk\u00e4ik Haapsalu ajaloolises keskuses. Jalutame m\u00f6\u00f6da linna vanu t\u00e4navaid, n\u00e4eme kuulsat <strong data-start=\"363\" data-end=\"388\">Haapsalu raudteejaama<\/strong>, mis on saanud linna s\u00fcmboliks, ning jalutame m\u00f6\u00f6da kaunist <strong data-start=\"449\" data-end=\"463\">promenaadi<\/strong>, kus on alati tunda v\u00e4rsket mere\u00f5hku.<\/p>\n<p data-start=\"503\" data-end=\"745\">\u00dcheks linna peamiseks vaatamisv\u00e4\u00e4rsuseks on <strong data-start=\"547\" data-end=\"574\">Haapsalu Piiskopilinnus<\/strong> \u2013 \u00fcks Eesti muljetavaldavamaid keskaegseid linnuseid. P\u00e4rast p\u00f5hjalikku restaureerimist on linnus taas avatud k\u00fclastajatele ning n\u00e4eb t\u00e4na eriti v\u00e4\u00e4rikas ja kaunis v\u00e4lja.<\/p>\n<p data-start=\"747\" data-end=\"933\">Soovi korral on teil v\u00f5imalus <strong data-start=\"777\" data-end=\"814\">k\u00fclastada linnust (lisatasu eest)<\/strong>, tutvuda selle ajalooga ning <strong data-start=\"844\" data-end=\"871\">t\u00f5usta vaateplatvormile<\/strong>, kust avaneb vaade vanalinnale, merele ja Haapsalu \u00fcmbrusele.<\/p>\n<p data-start=\"986\" data-end=\"1058\">Seej\u00e4rel suundume <strong data-start=\"1004\" data-end=\"1016\">Vormsile<\/strong> \u2013 saarele, mis n\u00e4ib olevat ajas peatunud.<\/p>\n<p data-start=\"1060\" data-end=\"1224\">Merereis viib teid <strong data-start=\"1079\" data-end=\"1121\">L\u00e4\u00e4nemere \u00fche p\u00e4rlini \u2013 Vormsi saarele<\/strong>. Saar kerkis merep\u00f5hjast enam kui <strong data-start=\"1156\" data-end=\"1178\">3000 aastat tagasi<\/strong> ja t\u00f5useb umbes <strong data-start=\"1195\" data-end=\"1223\">13 meetrit \u00fcle merepinna<\/strong>.<\/p>\n<p data-start=\"1226\" data-end=\"1546\">See on saar, millel on p\u00f5nev ajalugu ja iseloomulik p\u00f5hjamaine loodus. Juba <strong data-start=\"1302\" data-end=\"1322\">13.\u201314. sajandil<\/strong> p\u00fc\u00fcdsid seda vallutada viikingid, merer\u00f6\u00f6vlid ja Rootsi meres\u00f5itjad. Rohkem kui <strong data-start=\"1403\" data-end=\"1442\">700 aastat kuni Teise maailmas\u00f5jani<\/strong> elasid siin <strong data-start=\"1455\" data-end=\"1474\">eestirootslased<\/strong>, mida meenutavad t\u00e4naseni k\u00fclanimed ja omap\u00e4rane saare taluarhitektuur.<\/p>\n<p data-start=\"1548\" data-end=\"1701\">Vormsil n\u00e4eme <strong data-start=\"1562\" data-end=\"1606\">13. sajandil ehitatud P\u00fcha Olavi kirikut<\/strong> ning <strong data-start=\"1612\" data-end=\"1659\">maailma suurimat p\u00e4ikeseristidega kalmistut<\/strong>, kus on \u00fcle <strong data-start=\"1672\" data-end=\"1700\">330 erilise p\u00e4ikeseristi<\/strong>.<\/p>\n<p data-start=\"1703\" data-end=\"1784\">Saame l\u00e4hemalt tuttavaks saare rahva ajaloo ja eluoluga <strong data-start=\"1759\" data-end=\"1783\">Vormsi talumuuseumis<\/strong>.<\/p>\n<p data-start=\"1786\" data-end=\"2059\">Samuti k\u00fclastame <strong data-start=\"1803\" data-end=\"1822\">Rumpo poolsaart<\/strong> kadakate keskel, n\u00e4eme saare karjamaadel elavaid m\u00e4giveiseid, jalutame kiviklibusel rannal ja k\u00fclastame <strong data-start=\"1927\" data-end=\"1944\">Saxby majakat<\/strong>. Kohapeal on v\u00f5imalik osta kohalikku mett, v\u00e4rskelt p\u00fc\u00fctud suitsukala ning k\u00e4sit\u00f6\u00f6meistrite valmistatud suveniire.<\/p>\n<hr data-start=\"2061\" data-end=\"2064\" \/>\n<h3 data-section-id=\"ynnijx\" data-start=\"2066\" data-end=\"2074\">Hind<\/h3>\n<p data-start=\"2076\" data-end=\"2084\"><strong data-start=\"2076\" data-end=\"2084\">88 \u20ac<\/strong><\/p>\n<p data-start=\"2086\" data-end=\"2149\"><strong data-start=\"2086\" data-end=\"2094\">82 \u20ac<\/strong> \u2013 pension\u00e4rid, kuni 16-aastased lapsed ja p\u00fcsikliendid<\/p>\n<hr data-start=\"2151\" data-end=\"2154\" \/>\n<h3 data-section-id=\"1e2yayu\" data-start=\"2156\" data-end=\"2170\">Hinna sees<\/h3>\n<ul data-start=\"2172\" data-end=\"2260\">\n<li data-section-id=\"wbruph\" data-start=\"2172\" data-end=\"2190\">\n<p data-start=\"2174\" data-end=\"2190\">bussitransport<\/p>\n<\/li>\n<li data-section-id=\"xpa1z3\" data-start=\"2191\" data-end=\"2209\">\n<p data-start=\"2193\" data-end=\"2209\">giidi teenused<\/p>\n<\/li>\n<li data-section-id=\"2yicll\" data-start=\"2210\" data-end=\"2242\">\n<p data-start=\"2212\" data-end=\"2242\">Vormsi talumuuseumi k\u00fclastus<\/p>\n<\/li>\n<li data-section-id=\"cr3k13\" data-start=\"2243\" data-end=\"2260\">\n<p data-start=\"2245\" data-end=\"2260\">praamipiletid<\/p>\n<\/li>\n<\/ul>\n<h3 data-section-id=\"jv7jb\" data-start=\"2267\" data-end=\"2292\">Lisatasu soovi korral<\/h3>\n<ul data-start=\"2294\" data-end=\"2428\" data-is-last-node=\"\" data-is-only-node=\"\">\n<li data-section-id=\"101647l\" data-start=\"2294\" data-end=\"2348\">\n<p data-start=\"2296\" data-end=\"2348\">Haapsalu Piiskopilinnuse sissep\u00e4\u00e4s: <strong data-start=\"2332\" data-end=\"2346\">12 \u20ac \/ 8 \u20ac<\/strong><\/p>\n<\/li>\n<li data-section-id=\"1uqbcwu\" data-start=\"2349\" data-end=\"2368\">\n<p data-start=\"2351\" data-end=\"2368\">majaka k\u00fclastus<\/p>\n<\/li>\n<li data-section-id=\"c8ue5e\" data-start=\"2369\" data-end=\"2400\">\n<p data-start=\"2371\" data-end=\"2400\">suveniiride ja kala ostmine<\/p>\n<\/li>\n<li data-section-id=\"leyaz8\" data-start=\"2401\" data-end=\"2428\" data-is-last-node=\"\">\n<p data-start=\"2403\" data-end=\"2428\" data-is-last-node=\"\">annetus kirikule: <strong data-start=\"2421\" data-end=\"2428\" data-is-last-node=\"\">2 \u20ac<\/strong><\/p>\n<\/li>\n<\/ul>\n<p><\/p>","protected":false},"excerpt":{"rendered":"<p>06.06.2026<\/p>\n","protected":false},"featured_media":8091,"template":"","meta":{"_monsterinsights_skip_tracking":false,"_monsterinsights_sitenote_active":false,"_monsterinsights_sitenote_note":"","_monsterinsights_sitenote_category":0},"_links":{"self":[{"href":"https:\/\/leontravel.ee\/et\/wp-json\/wp\/v2\/product\/8090"}],"collection":[{"href":"https:\/\/leontravel.ee\/et\/wp-json\/wp\/v2\/product"}],"about":[{"href":"https:\/\/leontravel.ee\/et\/wp-json\/wp\/v2\/types\/product"}],"wp:featuredmedia":[{"embeddable":true,"href":"https:\/\/leontravel.ee\/et\/wp-json\/wp\/v2\/media\/8091"}],"wp:attachment":[{"href":"https:\/\/leontravel.ee\/et\/wp-json\/wp\/v2\/media?parent=8090"}],"curies":[{"name":"wp","href":"https:\/\/api.w.org\/{rel}","templated":true}]}}