{"id":8101,"date":"2026-04-08T17:17:09","date_gmt":"2026-04-08T14:17:09","guid":{"rendered":"https:\/\/leontravel.ee\/?post_type=product&#038;p=8101"},"modified":"2026-04-08T17:55:01","modified_gmt":"2026-04-08T14:55:01","slug":"19-12-2026-24-12-2026-skazka-dvuh-stran-rozhdestvo-v-shvejcarii-i-francii-cjurih-bazel-kolmar-strasburg","status":"publish","type":"product","link":"https:\/\/leontravel.ee\/et\/tour\/7569-2\/","title":{"rendered":"19.12.2026 \u2013 24.12.2026 KAHE RIIGI MUINASJUTT J\u00d5ULUD \u0160VEITSIS JA PRANTSUSMAAL Basel \u2013 Colmar \u2013 Strasbourg &#8211; Luzern"},"content":{"rendered":"<p><\/p>\n<h4 data-section-id=\"xsqfd3\" data-start=\"112\" data-end=\"139\">KAHE RIIGI MUINASJUTT<\/h4>\n<h4 data-section-id=\"3mwl1v\" data-start=\"140\" data-end=\"176\">J\u00d5ULUD \u0160VEITSIS JA PRANTSUSMAAL<\/h4>\n<p data-start=\"177\" data-end=\"217\"><strong data-start=\"177\" data-end=\"217\">Basel \u2013 Colmar \u2013 Strasbourg &#8211; Luzern<\/strong><\/p>\n<p data-start=\"219\" data-end=\"268\"><strong data-start=\"219\" data-end=\"246\">19.12.2026 \u2013 24.12.2026<\/strong><br data-start=\"246\" data-end=\"249\" \/><strong data-start=\"249\" data-end=\"268\">6 p\u00e4eva \/ 5 \u00f6\u00f6d<\/strong><\/p>\n<p data-start=\"270\" data-end=\"340\">Me n\u00e4itame teile t\u00f5elist J\u00d5ULUIMET!<br data-start=\"305\" data-end=\"308\" \/>Eksklusiivselt ja ainult meiega!<\/p>\n<p data-start=\"342\" data-end=\"613\">Meie reisil \u201eTeekond muinasjuttu\u201c n\u00e4itame, et imed on endiselt olemas.<br data-start=\"412\" data-end=\"415\" \/>K\u00fclastame Euroopa kauneimaid linnu, tutvume vaatamisv\u00e4\u00e4rsustega, naudime j\u00f5uluturgude erilist atmosf\u00e4\u00e4ri, proovime kohalikke juustusid, k\u00fcpsetisi ja delikatesse ning tunneme end lihtsalt \u00f5nnelikuna.<\/p>\n<hr data-start=\"615\" data-end=\"618\" \/>\n<h4 data-section-id=\"wqw62v\" data-start=\"620\" data-end=\"638\">\u00a0Reisi hind<\/h4>\n<p data-start=\"639\" data-end=\"699\"><strong data-start=\"639\" data-end=\"658\"><del>1375 \u20ac<\/del> \/ <span style=\"color: #800000;\">1175 \u20ac<\/span><\/strong><br data-start=\"658\" data-end=\"661\" \/>Lastele kuni 16 a soodustus \u2013 <strong data-start=\"691\" data-end=\"699\">50 \u20ac<\/strong><\/p>\n<hr data-start=\"701\" data-end=\"704\" \/>\n<h4 data-section-id=\"2k4gpm\" data-start=\"706\" data-end=\"718\">\u00a0Lennud<\/h4>\n<p data-start=\"720\" data-end=\"775\">19.12<br data-start=\"725\" data-end=\"728\" \/>TLL \u2013 FRA 06:15\u201307:50<br data-start=\"749\" data-end=\"752\" \/>FRA \u2013 BSL 09:00\u201309:55<\/p>\n<p data-start=\"777\" data-end=\"832\">24.12<br data-start=\"782\" data-end=\"785\" \/>BSL \u2013 FRA 10:35\u201311:40<br data-start=\"806\" data-end=\"809\" \/>FRA \u2013 TLL 13:50\u201317:10<\/p>\n<hr data-start=\"834\" data-end=\"837\" \/>\n<h4 data-section-id=\"6q99j2\" data-start=\"966\" data-end=\"977\">1. p\u00e4ev<\/h4>\n<h4 data-section-id=\"11f1mjf\" data-start=\"978\" data-end=\"995\">19. detsember<\/h4>\n<p data-start=\"997\" data-end=\"1043\">Kohtumine lennujaamas kell <strong data-start=\"1024\" data-end=\"1042\">04:40 hommikul<\/strong>.<\/p>\n<p data-start=\"1045\" data-end=\"1152\">Lend Baselisse (\u0160veits) \u00fcmberistumisega Frankfurdis.<br data-start=\"1097\" data-end=\"1100\" \/>P\u00e4rast maandumist viib buss-ekspress meid Baselisse.<\/p>\n<p data-start=\"1154\" data-end=\"1207\">Majutus <strong data-start=\"1162\" data-end=\"1191\">3\u2605 hotellis linna s\u00fcdames<\/strong>, jaama l\u00e4hedal.<\/p>\n<p data-start=\"1209\" data-end=\"1277\">Sisseregistreerimisel saab iga k\u00fclaline <strong data-start=\"1249\" data-end=\"1265\">Basel Card\u2019i<\/strong>, mis annab:<\/p>\n<ul data-start=\"1279\" data-end=\"1346\">\n<li data-section-id=\"1juyntd\" data-start=\"1279\" data-end=\"1315\">tasuta \u00fchistranspordi kasutamise<\/li>\n<li data-section-id=\"zgw3qs\" data-start=\"1316\" data-end=\"1346\">25% soodustuse muuseumides<\/li>\n<\/ul>\n<p data-start=\"1348\" data-end=\"1406\">Puhkus. Seej\u00e4rel jalutusk\u00e4ik giidiga <strong data-start=\"1385\" data-end=\"1405\">j\u00f5uluses Baselis<\/strong>.<\/p>\n<p data-start=\"1408\" data-end=\"1562\">P\u00e4rast tegusat p\u00e4eva puhkus ja \u00f6\u00f6bimine.<br data-start=\"1448\" data-end=\"1451\" \/>Kogume j\u00f5udu, sest homme ootab meid uus \u00fcllatus \u2014 Colmar, linn, mis justkui on v\u00e4lja astunud j\u00f5ulumuinasjutust.<\/p>\n<hr data-start=\"1564\" data-end=\"1567\" \/>\n<h4 data-section-id=\"gsw37h\" data-start=\"1569\" data-end=\"1580\">2. p\u00e4ev<\/h4>\n<h4 data-section-id=\"dbnpyp\" data-start=\"1581\" data-end=\"1598\">20. detsember<\/h4>\n<p data-start=\"1600\" data-end=\"1621\">Hommikus\u00f6\u00f6k hotellis.<\/p>\n<p data-start=\"1623\" data-end=\"1691\">Reis rongiga <strong data-start=\"1636\" data-end=\"1647\">Colmari<\/strong>.<br data-start=\"1648\" data-end=\"1651\" \/>Vaid 45 minutit \u2014 ja oleme Prantsusmaal.<\/p>\n<p data-start=\"1693\" data-end=\"1749\">Meid v\u00f5tab vastu giid, kes tutvustab seda imelist linna.<\/p>\n<p data-start=\"1751\" data-end=\"1887\">Colmar, mis asub Ida-Prantsusmaal, on tuntud oma ainulaadse arhitektuuri poolest, kus p\u00f5imuvad keskaegsed ja renessansiajastu elemendid.<\/p>\n<p data-start=\"1889\" data-end=\"2037\">J\u00f5uluturud \u2014 neid on Colmaris MITU!<br data-start=\"1924\" data-end=\"1927\" \/>K\u00f5ik on kujundatud v\u00e4ikeste k\u00fclakestena, mis paiknevad kolmel peav\u00e4ljakul ja \u201eV\u00e4ikese Veneetsia\u201c kaldapealsel.<\/p>\n<p data-start=\"2039\" data-end=\"2120\">Kujutage ette: igal aastal k\u00fclastab neid turge \u00fcle 2 miljoni inimese \u00fcle maailma!<\/p>\n<p data-start=\"2122\" data-end=\"2196\">Linnas on palju h\u00e4sti s\u00e4ilinud puitkarkassiga maju v\u00e4rvikate fassaadidega.<\/p>\n<p data-start=\"2198\" data-end=\"2324\">P\u00e4rast p\u00e4ikeseloojangut muutub Colmar t\u00f5eliseks muinasjutulinnaks \u2014 tuled ja j\u00f5uluturgude atmosf\u00e4\u00e4r loovad maagilise meeleolu.<\/p>\n<p data-start=\"2326\" data-end=\"2384\">Veel \u00fcks samm j\u00f5ulumuinasjuttu, kus iga nurk on t\u00e4is v\u00f5lu.<\/p>\n<p data-start=\"2386\" data-end=\"2421\">\u00d5htul tagasis\u00f5it rongiga Baselisse.<\/p>\n<p data-start=\"2423\" data-end=\"2483\">\u00d5htu on t\u00e4is m\u00e4lestusi imedest ja maitsetest, mida kogesime.<\/p>\n<p data-start=\"2485\" data-end=\"2510\">Tagasi hotelli ja puhkus.<\/p>\n<hr data-start=\"2512\" data-end=\"2515\" \/>\n<h4 data-section-id=\"33i2gs\" data-start=\"2517\" data-end=\"2528\">3. p\u00e4ev<\/h4>\n<h4 data-section-id=\"mh6yog\" data-start=\"2529\" data-end=\"2546\">21. detsember<\/h4>\n<p data-start=\"2548\" data-end=\"2591\">Hommikus\u00f6\u00f6k hotellis.<br data-start=\"2569\" data-end=\"2572\" \/>Tubade vabastamine.<\/p>\n<p data-start=\"2593\" data-end=\"2607\">J\u00e4tkame reisi.<\/p>\n<p data-start=\"2609\" data-end=\"2702\">T\u00e4na lahkume \u0160veitsi Basel\u2019ist kaheks p\u00e4evaks ja suundume <strong data-start=\"2667\" data-end=\"2701\">j\u00f5ulude pealinna \u2014 Strasbourgi<\/strong>.<\/p>\n<p data-start=\"2704\" data-end=\"2777\">S\u00f5it kestab vaid 1 tund.<br data-start=\"2728\" data-end=\"2731\" \/>Majutus hotellis (10 min jalutusk\u00e4ik jaamast).<\/p>\n<p data-section-id=\"fuz2tl\" data-start=\"2779\" data-end=\"2813\"><strong>Jalgsiekskursioon Strasbourgis<\/strong><\/p>\n<p data-start=\"2815\" data-end=\"2877\">Just Strasbourgist sai alguse j\u00f5uluturgude traditsioon (1570).<\/p>\n<p data-start=\"2879\" data-end=\"2896\">Meie giid r\u00e4\u00e4gib:<\/p>\n<ul data-start=\"2898\" data-end=\"3051\">\n<li data-section-id=\"tpfrj4\" data-start=\"2898\" data-end=\"2919\">Alsace\u2019i ajaloost<\/li>\n<li data-section-id=\"1bqovff\" data-start=\"2920\" data-end=\"2957\">Marie Antoinette\u2019i kaelakee loost<\/li>\n<li data-section-id=\"13oxgtw\" data-start=\"2958\" data-end=\"2982\">katedraali ehitusest<\/li>\n<li data-section-id=\"1c8hcpz\" data-start=\"2983\" data-end=\"3008\">tr\u00fckipressi loomisest<\/li>\n<li data-section-id=\"muzawz\" data-start=\"3009\" data-end=\"3051\">Prantsuse h\u00fcmni \u201eMarseillaise\u201c s\u00fcnnist<\/li>\n<\/ul>\n<p data-start=\"3053\" data-end=\"3101\">Strasbourgi j\u00f5uluturg on \u00fcks Euroopa kuulsamaid.<\/p>\n<p data-start=\"3103\" data-end=\"3117\">Toimumiskohad:<\/p>\n<ul data-start=\"3119\" data-end=\"3164\">\n<li data-section-id=\"1ju167c\" data-start=\"3119\" data-end=\"3137\">Kleberi v\u00e4ljak<\/li>\n<li data-section-id=\"boh6l7\" data-start=\"3138\" data-end=\"3164\">Notre-Dame\u2019i katedraal<\/li>\n<\/ul>\n<p data-start=\"3166\" data-end=\"3178\">Siit leiate:<\/p>\n<ul data-start=\"3180\" data-end=\"3232\">\n<li data-section-id=\"1i96wkx\" data-start=\"3180\" data-end=\"3193\">kingitusi<\/li>\n<li data-section-id=\"8gkj20\" data-start=\"3194\" data-end=\"3208\">kaunistusi<\/li>\n<li data-section-id=\"1cl94sf\" data-start=\"3209\" data-end=\"3232\">kohalikke h\u00f5rgutisi<\/li>\n<\/ul>\n<p data-start=\"3234\" data-end=\"3292\">N\u00e4eme Notre-Dame\u2019i katedraali \u2014 arhitektuuri meistriteost.<\/p>\n<p data-start=\"3294\" data-end=\"3303\">Proovime:<\/p>\n<ul data-start=\"3305\" data-end=\"3362\">\n<li data-section-id=\"10oz7rc\" data-start=\"3305\" data-end=\"3324\">alsace\u2019i vorste<\/li>\n<li data-section-id=\"wjjg9d\" data-start=\"3325\" data-end=\"3348\">\u201ebredele\u201c k\u00fcpsiseid<\/li>\n<li data-section-id=\"lqp1ve\" data-start=\"3349\" data-end=\"3362\">h\u00f5\u00f5gveini<\/li>\n<\/ul>\n<p data-start=\"3364\" data-end=\"3389\">\u00d6\u00f6 hotellis Strasbourgis.<\/p>\n<hr data-start=\"3391\" data-end=\"3394\" \/>\n<h4 data-section-id=\"1o9o0qj\" data-start=\"3396\" data-end=\"3407\">4. p\u00e4ev<\/h4>\n<h4 data-section-id=\"1monbar\" data-start=\"3408\" data-end=\"3425\">22. detsember<\/h4>\n<p data-start=\"3427\" data-end=\"3484\">Hommikus\u00f6\u00f6k hotellis.<br data-start=\"3448\" data-end=\"3451\" \/>Tubade vabastamine, pagas hoiule.<\/p>\n<p data-start=\"3486\" data-end=\"3509\">Vaba p\u00e4ev Strasbourgis.<\/p>\n<p data-start=\"3511\" data-end=\"3569\">K\u00f5ik, mida eile ei j\u00f5udnud, saame t\u00e4na rahulikult nautida.<\/p>\n<p data-start=\"3571\" data-end=\"3581\">Soovitame:<\/p>\n<ul data-start=\"3583\" data-end=\"3649\">\n<li data-section-id=\"61aj6j\" data-start=\"3583\" data-end=\"3608\">Petite France kvartal<\/li>\n<li data-section-id=\"boh6l7\" data-start=\"3609\" data-end=\"3635\">Notre-Dame\u2019i katedraal<\/li>\n<li data-section-id=\"101k9ae\" data-start=\"3636\" data-end=\"3649\">ostlemine<\/li>\n<\/ul>\n<p data-start=\"3651\" data-end=\"3717\">Strasbourgi vanalinn on \u00fcmbritsetud kanalitega \u2014 see on nagu saar.<\/p>\n<h3 data-section-id=\"1ryo8tj\" data-start=\"3719\" data-end=\"3736\">Lisav\u00f5imalus:<\/h3>\n<p data-start=\"3737\" data-end=\"3787\">Paadis\u00f5it kanalitel vene audiogiidiga<br data-start=\"3774\" data-end=\"3777\" \/>Hind: 16 \u20ac<\/p>\n<p data-start=\"3789\" data-end=\"3831\">\u00d5htul tagasis\u00f5it Baselisse.<br data-start=\"3816\" data-end=\"3819\" \/>\u00d6\u00f6 hotellis.<\/p>\n<hr data-start=\"3833\" data-end=\"3836\" \/>\n<h4 data-section-id=\"1ak9zzu\" data-start=\"3838\" data-end=\"3849\">5. p\u00e4ev<\/h4>\n<h4 data-section-id=\"1vu6k0i\" data-start=\"3850\" data-end=\"3867\">23. detsember<\/h4>\n<p data-start=\"3869\" data-end=\"3881\">Hommikus\u00f6\u00f6k.<\/p>\n<p data-start=\"3883\" data-end=\"3901\">Vaba p\u00e4ev Baselis.<\/p>\n<h5 data-section-id=\"1ryo8tj\" data-start=\"3903\" data-end=\"3920\">Lisav\u00f5imalus:<\/h5>\n<p data-start=\"3921\" data-end=\"3951\"><strong data-start=\"3921\" data-end=\"3951\">Luzerni ekskursioon \u2013 75 \u20ac<\/strong><\/p>\n<p data-start=\"3953\" data-end=\"3971\">1,5 tundi rongiga.<\/p>\n<p data-start=\"3973\" data-end=\"4016\">Luzern \u2014 linn j\u00e4rve \u00e4\u00e4res, \u0160veitsi s\u00fcdames.<\/p>\n<ul data-start=\"4018\" data-end=\"4080\">\n<li data-section-id=\"oextyn\" data-start=\"4018\" data-end=\"4034\">lumised m\u00e4ed<\/li>\n<li data-section-id=\"1l6c1ww\" data-start=\"4035\" data-end=\"4055\">peegeldused vees<\/li>\n<li data-section-id=\"taxddv\" data-start=\"4056\" data-end=\"4080\">j\u00f5ulutuled ja sillad<\/li>\n<\/ul>\n<p data-start=\"4082\" data-end=\"4123\">Giid tutvustab linna ajalugu ja saladusi.<\/p>\n<p data-start=\"4125\" data-end=\"4168\">Tagasis\u00f5it Baselisse ~16:00.<br data-start=\"4153\" data-end=\"4156\" \/>\u00d6\u00f6 hotellis.<\/p>\n<hr data-start=\"4170\" data-end=\"4173\" \/>\n<h4 data-section-id=\"1kmwto9\" data-start=\"4175\" data-end=\"4186\">6. p\u00e4ev<\/h4>\n<h4 data-section-id=\"1u1fhyt\" data-start=\"4187\" data-end=\"4204\">24. detsember<\/h4>\n<p data-start=\"4206\" data-end=\"4218\">Hommikus\u00f6\u00f6k.<\/p>\n<p data-start=\"4220\" data-end=\"4236\">Meie reis l\u00f5peb.<\/p>\n<p data-start=\"4238\" data-end=\"4280\">Loodame, et tundsite t\u00f5elist j\u00f5ulumaagiat!<\/p>\n<p data-start=\"4282\" data-end=\"4309\">08:00 transfeer lennujaama.<\/p>\n<p data-start=\"4311\" data-end=\"4322\">Tagasilend:<\/p>\n<p data-start=\"4324\" data-end=\"4367\">BSL\u2013FRA 10:35\u201311:40<br data-start=\"4343\" data-end=\"4346\" \/>FRA\u2013TLL 13:50\u201317:10<\/p>\n<hr data-start=\"2870\" data-end=\"2873\" \/>\n<h4 data-section-id=\"1uy1ysq\" data-start=\"2875\" data-end=\"2896\">Hinna sisse kuulub<\/h4>\n<ul data-start=\"2898\" data-end=\"2988\">\n<li data-section-id=\"147y60t\" data-start=\"2898\" data-end=\"2914\">lennupiletid<\/li>\n<li data-section-id=\"1907jij\" data-start=\"2915\" data-end=\"2952\">majutus 5 \u00f6\u00f6d koos hommikus\u00f6\u00f6giga<\/li>\n<li data-section-id=\"qrknzr\" data-start=\"2953\" data-end=\"2971\">3 ekskursiooni<\/li>\n<li data-section-id=\"tn34u4\" data-start=\"2972\" data-end=\"2988\">rongipiletid<\/li>\n<\/ul>\n<hr data-start=\"2990\" data-end=\"2993\" \/>\n<h4 data-section-id=\"1xl7kqu\" data-start=\"2995\" data-end=\"3011\">Lisatasu eest<\/h4>\n<ul data-start=\"3013\" data-end=\"3085\">\n<li data-section-id=\"13in55k\" data-start=\"3013\" data-end=\"3027\">kindlustus<\/li>\n<li data-section-id=\"1hfpshq\" data-start=\"3028\" data-end=\"3054\">paadis\u00f5it Strasbourgis<\/li>\n<li data-section-id=\"1101sbn\" data-start=\"3055\" data-end=\"3085\">Luzerni ekskursioon \u2013 75 \u20ac<\/li>\n<\/ul>\n<hr data-start=\"3087\" data-end=\"3090\" \/>\n<h4 data-section-id=\"14ledf7\" data-start=\"3092\" data-end=\"3101\">T\u00e4htis<\/h4>\n<p data-start=\"3103\" data-end=\"3179\">Reisijuht v\u00f5ib muuta ekskursioonide j\u00e4rjekorda ilma programmi sisu muutmata.<\/p>\n<hr data-start=\"3181\" data-end=\"3184\" \/>\n<p data-start=\"3186\" data-end=\"3225\"><strong data-start=\"3186\" data-end=\"3225\">Ekskursioonid toimuvad vene keeles.<\/strong><\/p>\n<p><\/p>","protected":false},"excerpt":{"rendered":"<p class=\"qtranxs-available-languages-message qtranxs-available-languages-message-et\">Vabandame, see kanne on saadaval ainult %LANG : ja %.<\/p>\n","protected":false},"featured_media":7575,"template":"","meta":{"_monsterinsights_skip_tracking":false,"_monsterinsights_sitenote_active":false,"_monsterinsights_sitenote_note":"","_monsterinsights_sitenote_category":0},"_links":{"self":[{"href":"https:\/\/leontravel.ee\/et\/wp-json\/wp\/v2\/product\/8101"}],"collection":[{"href":"https:\/\/leontravel.ee\/et\/wp-json\/wp\/v2\/product"}],"about":[{"href":"https:\/\/leontravel.ee\/et\/wp-json\/wp\/v2\/types\/product"}],"wp:featuredmedia":[{"embeddable":true,"href":"https:\/\/leontravel.ee\/et\/wp-json\/wp\/v2\/media\/7575"}],"wp:attachment":[{"href":"https:\/\/leontravel.ee\/et\/wp-json\/wp\/v2\/media?parent=8101"}],"curies":[{"name":"wp","href":"https:\/\/api.w.org\/{rel}","templated":true}]}}